{"id":17,"date":"2023-06-09T12:23:16","date_gmt":"2023-06-09T12:23:16","guid":{"rendered":"https:\/\/dummy.xtemos.com\/woodmart2\/plants-elementor\/?page_id=17"},"modified":"2026-01-24T22:12:08","modified_gmt":"2026-01-24T22:12:08","slug":"about","status":"publish","type":"page","link":"https:\/\/bioapoteka.shop\/bs\/about\/","title":{"rendered":"O nama"},"content":{"rendered":"<div data-elementor-type=\"wp-page\" data-elementor-id=\"17\" class=\"elementor elementor-17\">\n\t\t\t\t<div class=\"wd-negative-gap elementor-element elementor-element-8eb4b19 e-flex e-con-boxed e-con e-parent\" data-id=\"8eb4b19\" data-element_type=\"container\">\n\t\t\t\t\t<div class=\"e-con-inner\">\n\t\t\t\t<div class=\"elementor-element elementor-element-9aca0de wd-width-100 elementor-widget elementor-widget-wd_title\" data-id=\"9aca0de\" data-element_type=\"widget\" data-widget_type=\"wd_title.default\">\n\t\t\t\t<div class=\"elementor-widget-container\">\n\t\t\t\t\t\t\t<div class=\"title-wrapper wd-set-mb reset-last-child wd-title-color-default wd-title-style-default wd-title-size-default text-left\">\n\n\t\t\t\n\t\t\t<div class=\"liner-continer\">\n\t\t\t\t<h4 class=\"woodmart-title-container title wd-fontsize-l\">\ud83c\udf3fO Bioapoteka<\/h4> \n\t\t\t\t\t\t\t<\/div>\n\n\t\t\t\t\t<\/div>\n\t\t\t\t\t\t<\/div>\n\t\t\t\t<\/div>\n\t\t\t\t\t<\/div>\n\t\t\t\t<\/div>\n\t\t<div class=\"wd-negative-gap elementor-element elementor-element-bbe6234 e-flex e-con-boxed e-con e-parent\" data-id=\"bbe6234\" data-element_type=\"container\">\n\t\t\t\t\t<div class=\"e-con-inner\">\n\t\t\t\t<div class=\"elementor-element elementor-element-173f6e5 color-scheme-inherit text-left elementor-widget elementor-widget-text-editor\" data-id=\"173f6e5\" data-element_type=\"widget\" data-widget_type=\"text-editor.default\">\n\t\t\t\t\t\t\t\t\t<h3 data-start=\"617\" data-end=\"653\">\ud83c\udfd4\ufe0fBiljno porijeklo i sakupljanje<\/h3><p data-start=\"654\" data-end=\"1008\" class=\"translation-block\">Bioapoteka je biljna apoteka fokusirana na *pa\u017eljivo prikupljanje i pripremu ljekovitog bilja*, prvenstveno porijeklom iz *planinskih i prirodnih stani\u0161ta* poznatih po svojoj botani\u010dkoj \u010disto\u0107i. Radimo s biljkama koje se tradicionalno koriste u medicinskoj i farmaceutskoj praksi, odabranim zbog njihovog *provjerenog identiteta* i aktivnih botani\u010dkih sastojaka*.<\/p><p data-start=\"1010\" data-end=\"1192\">Na\u0161 pristup po\u010dinje od izvora - po\u0161tuju\u0107i prirodne cikluse rasta, odgovaraju\u0107e periode berbe i integritet biljke kako bismo osigurali da svaka sirovina zadr\u017ei svoj terapeutski potencijal.<\/p><hr data-start=\"1194\" data-end=\"1197\" \/><h3 data-start=\"1199\" data-end=\"1242\">\u2697\ufe0fMedicinski orijentirana obrada bilja<\/h3><p data-start=\"1243\" data-end=\"1508\" class=\"translation-block\">Mnoge biljke koje koristimo sadr\u017ee <strong data-start=\"1277\" data-end=\"1352\">bioaktivne spojeve usporedive s onima koji se nalaze u konvencionalnim lijekovima<\/strong>. Iz tog razloga, na\u0161i proizvodi su formulirani s <strong data-start=\"1406\" data-end=\"1425\">medicinskim na\u010dinom razmi\u0161ljanja<\/strong>, kombiniraju\u0107i tradicionalno znanje o bilju s modernim farmakolo\u0161kim razumijevanjem.<\/p><p data-start=\"1510\" data-end=\"1646\" class=\"translation-block\">Metode obrade su namjerno <strong data-start=\"1547\" data-end=\"1580\">neindustrijske i kontrolirane<\/strong>, osmi\u0161ljene kako bi se o\u010duvao prirodni kemijski profil svake biljke:<\/p><ul data-start=\"1647\" data-end=\"1757\"><li data-start=\"1647\" data-end=\"1668\"><p data-start=\"1649\" data-end=\"1668\">nje\u017ena ekstrakcija<\/p><\/li><li data-start=\"1669\" data-end=\"1695\"><p data-start=\"1671\" data-end=\"1695\">tradicionalna maceracija<\/p><\/li><li data-start=\"1696\" data-end=\"1726\"><p data-start=\"1698\" data-end=\"1726\">biljne kapi od vode i etanola<\/p><\/li><li data-start=\"1727\" data-end=\"1757\"><p data-start=\"1729\" data-end=\"1757\"><strong data-start=\"1729\" data-end=\"1757\">hladno pre\u0161ana djevi\u010danska ulja<\/strong><\/p><\/li><\/ul><p data-start=\"1759\" data-end=\"1848\">Ne koriste se nikakvi hemijski rastvara\u010di, vje\u0161ta\u010dki poja\u010diva\u010di kvalitete ili agresivne industrijske tehnike.<\/p><hr data-start=\"1850\" data-end=\"1853\" \/><h3 data-start=\"1855\" data-end=\"1893\">\ud83e\uddf4Hladno pre\u0161ana ulja i macerati<\/h3><p data-start=\"1894\" data-end=\"2150\" class=\"translation-block\">Bioapoteka je specijalizirana za **djevi\u010danska hladno pre\u0161ana ulja** i biljne macerate pripremljene isklju\u010divo mehani\u010dkim postupcima. Sjemenke i biljke se obra\u0111uju bez topline ili rafiniranja kako bi se zadr\u017eale njihove prirodne masne kiseline, fitokemikalije i terapeutska svojstva.<\/p><p data-start=\"2152\" data-end=\"2308\" class=\"translation-block\">Ovi preparati se koriste i samostalno i kao nosa\u010di za ljekovito bilje, osiguravaju\u0107i *biolo\u0161ku kompatibilnost i stabilnost* aktivnih spojeva.<\/p><hr data-start=\"2310\" data-end=\"2313\" \/><h3 data-start=\"2315\" data-end=\"2354\">\ud83e\uddea Kvalitet, kontrola i konzistentnost<\/h3><p data-start=\"2355\" data-end=\"2493\" class=\"translation-block\">Bioapoteka ne posluje kao fabrika za masovnu proizvodnju. Na\u0161a proizvodnja se zasniva na <strong data-start=\"2440\" data-end=\"2469\">malim, kontrolisanim serijama<\/strong> uz punu pa\u017enju posve\u0107enu:<\/p><ul data-start=\"2494\" data-end=\"2595\"><li data-start=\"2494\" data-end=\"2527\"><p data-start=\"2496\" data-end=\"2527\">sljedivost sirovina<\/p><\/li><li data-start=\"2528\" data-end=\"2563\"><p data-start=\"2530\" data-end=\"2563\">reproducibilnost formulacija<\/p><\/li><li data-start=\"2564\" data-end=\"2595\"><p data-start=\"2566\" data-end=\"2595\">konzistentnost izme\u0111u serija<\/p><\/li><\/ul><p data-start=\"2597\" data-end=\"2750\" class=\"translation-block\">Svi proizvodi prolaze kroz <strong data-start=\"2618\" data-end=\"2649\">testiranje identiteta i sigurnosti<\/strong>, uklju\u010duju\u0107i mikrobiolo\u0161ke i kontrole kvalitete, \u0161to ih \u010dini pogodnim za <strong data-start=\"2724\" data-end=\"2749\">distribuciju u ljekarnama<\/strong>.<\/p><p data-start=\"2752\" data-end=\"2820\" class=\"translation-block\">Na\u0161i procesi su u skladu sa standardima <strong data-start=\"2778\" data-end=\"2795\">ISO 9001:2015<\/strong> i <strong data-start=\"2800\" data-end=\"2809\">HACCP<\/strong>.<\/p><hr data-start=\"2822\" data-end=\"2825\" \/><h3 data-start=\"2827\" data-end=\"2862\">\ud83d\udccb Transparentnost i sastav<\/h3><p data-start=\"2863\" data-end=\"2891\">Svi Bioapoteka proizvodi su:<\/p><ul data-start=\"2892\" data-end=\"2990\"><li data-start=\"2892\" data-end=\"2913\"><p data-start=\"2894\" data-end=\"2913\">\ud83c\udf31 <strong data-start=\"2897\" data-end=\"2913\">100% prirodno<\/strong><\/p><\/li><li data-start=\"2914\" data-end=\"2940\"><p data-start=\"2916\" data-end=\"2940\">\ud83e\uddec <strong data-start=\"2919\" data-end=\"2940\">Prirodno bez GMO-a<\/strong><\/p><\/li><li data-start=\"2941\" data-end=\"2961\"><p data-start=\"2943\" data-end=\"2961\">\ud83c\udf3e <strong data-start=\"2946\" data-end=\"2961\">Bez glutena<\/strong><\/p><\/li><li data-start=\"2962\" data-end=\"2990\"><p data-start=\"2964\" data-end=\"2990\">\ud83c\udf3f <strong data-start=\"2967\" data-end=\"2990\">Veganski (dodaci prehrani)<\/strong><\/p><\/li><\/ul><p data-start=\"2992\" data-end=\"3156\" class=\"translation-block\">U potpunosti otkrivamo sve sastojke i <strong data-start=\"3030\" data-end=\"3060\">ne modificiramo formulacije<\/strong> kako bismo pove\u0107ali prinos, smanjili tro\u0161kove ili ubrzali proizvodnju na \u0161tetu kvalitete ili efikasnosti.<\/p><hr data-start=\"3158\" data-end=\"3161\" \/><h3 data-start=\"3163\" data-end=\"3193\">\u2695\ufe0f Apothecary Philosophy<\/h3><p data-start=\"3194\" data-end=\"3443\" class=\"translation-block\">Bioapoteka slijedi princip da **prirodna medicina zahtijeva odgovornost**. Vjerujemo da se biljni pripravci trebaju tretirati s istom ozbiljno\u0161\u0107u kao i medicinski proizvodi - pa\u017eljivo pripremljeni, precizno dokumentirani i transparentno ponu\u0111eni.<\/p><p data-start=\"3445\" data-end=\"3491\">Priroda nije industrijska. Niti je na\u0161 rad.<\/p><p data-start=\"3493\" data-end=\"3564\"><strong data-start=\"3493\" data-end=\"3564\">Bioapoteka \u2014 biljni lijek, pripremljen s medicinskom odgovorno\u0161\u0107u.<\/strong><\/p>\t\t\t\t\t\t\t\t<\/div>\n\t\t\t\t\t<\/div>\n\t\t\t\t<\/div>\n\t\t<div class=\"wd-negative-gap elementor-element elementor-element-fc4b154 e-grid e-con-boxed e-con e-parent\" data-id=\"fc4b154\" data-element_type=\"container\">\n\t\t\t\t\t<div class=\"e-con-inner\">\n\t\t\t\t<div class=\"elementor-element elementor-element-e56c27f elementor-widget elementor-widget-image\" data-id=\"e56c27f\" data-element_type=\"widget\" data-widget_type=\"image.default\">\n\t\t\t\t\t\t\t\t\t\t\t\t\t\t\t<img loading=\"lazy\" decoding=\"async\" width=\"800\" height=\"800\" src=\"https:\/\/bioapoteka.shop\/wp-content\/uploads\/2026\/01\/Great-yellow-gentian-Gentianaceae-family-1200x800-sqt.webp\" class=\"attachment-large size-large wp-image-1199\" alt=\"\" srcset=\"https:\/\/bioapoteka.shop\/wp-content\/uploads\/2026\/01\/Great-yellow-gentian-Gentianaceae-family-1200x800-sqt.webp 1200w, https:\/\/bioapoteka.shop\/wp-content\/uploads\/2026\/01\/Great-yellow-gentian-Gentianaceae-family-400x267-sqt.webp 400w, https:\/\/bioapoteka.shop\/wp-content\/uploads\/2026\/01\/Great-yellow-gentian-Gentianaceae-family-150x150-sqt.webp 150w, https:\/\/bioapoteka.shop\/wp-content\/uploads\/2026\/01\/Great-yellow-gentian-Gentianaceae-family-768x512-sqt.webp 768w, https:\/\/bioapoteka.shop\/wp-content\/uploads\/2026\/01\/Great-yellow-gentian-Gentianaceae-family-1536x1024-sqt.webp 1536w, https:\/\/bioapoteka.shop\/wp-content\/uploads\/2026\/01\/Great-yellow-gentian-Gentianaceae-family-430x430-sqt.webp 430w, https:\/\/bioapoteka.shop\/wp-content\/uploads\/2026\/01\/Great-yellow-gentian-Gentianaceae-family-700x467-sqt.webp 700w, https:\/\/bioapoteka.shop\/wp-content\/uploads\/2026\/01\/Great-yellow-gentian-Gentianaceae-family-190x127-sqt.webp 190w, https:\/\/bioapoteka.shop\/wp-content\/uploads\/2026\/01\/Great-yellow-gentian-Gentianaceae-family-sqt.webp 2048w, https:\/\/bioapoteka.shop\/wp-content\/uploads\/2026\/01\/Great-yellow-gentian-Gentianaceae-family.webp 1600w\" sizes=\"auto, (max-width: 800px) 100vw, 800px\" \/>\t\t\t\t\t\t\t\t\t\t\t\t\t\t\t<\/div>\n\t\t\t\t<div class=\"elementor-element elementor-element-4513ac6 elementor-widget elementor-widget-image\" data-id=\"4513ac6\" data-element_type=\"widget\" data-widget_type=\"image.default\">\n\t\t\t\t\t\t\t\t\t\t\t\t\t\t\t<img loading=\"lazy\" decoding=\"async\" width=\"800\" height=\"800\" src=\"https:\/\/bioapoteka.shop\/wp-content\/uploads\/2026\/01\/2151357852-sqt.png\" class=\"attachment-large size-large wp-image-1120\" alt=\"\" srcset=\"https:\/\/bioapoteka.shop\/wp-content\/uploads\/2026\/01\/2151357852-sqt.png 1536w, https:\/\/bioapoteka.shop\/wp-content\/uploads\/2026\/01\/2151357852-400x267-sqt.png 400w, https:\/\/bioapoteka.shop\/wp-content\/uploads\/2026\/01\/2151357852-150x150-sqt.png 150w, https:\/\/bioapoteka.shop\/wp-content\/uploads\/2026\/01\/2151357852-768x512-sqt.png 768w, https:\/\/bioapoteka.shop\/wp-content\/uploads\/2026\/01\/2151357852-430x430-sqt.png 430w, https:\/\/bioapoteka.shop\/wp-content\/uploads\/2026\/01\/2151357852-700x467-sqt.png 700w, https:\/\/bioapoteka.shop\/wp-content\/uploads\/2026\/01\/2151357852-190x127-sqt.png 190w, https:\/\/bioapoteka.shop\/wp-content\/uploads\/2026\/01\/2151357852-sqt.png 2048w, https:\/\/bioapoteka.shop\/wp-content\/uploads\/2026\/01\/2151357852-sqt.png 1300w, https:\/\/bioapoteka.shop\/wp-content\/uploads\/2026\/01\/2151357852.jpg 1000w\" sizes=\"auto, (max-width: 800px) 100vw, 800px\" \/>\t\t\t\t\t\t\t\t\t\t\t\t\t\t\t<\/div>\n\t\t\t\t<div class=\"elementor-element elementor-element-8291853 elementor-widget elementor-widget-image\" data-id=\"8291853\" data-element_type=\"widget\" data-widget_type=\"image.default\">\n\t\t\t\t\t\t\t\t\t\t\t\t\t\t\t<img loading=\"lazy\" decoding=\"async\" width=\"800\" height=\"800\" src=\"https:\/\/bioapoteka.shop\/wp-content\/uploads\/2026\/01\/043_AURIMAGES_0048754_0577_HORIZONTAL-sqt.webp\" class=\"attachment-large size-large wp-image-1201\" alt=\"\" srcset=\"https:\/\/bioapoteka.shop\/wp-content\/uploads\/2026\/01\/043_AURIMAGES_0048754_0577_HORIZONTAL-sqt.webp 1536w, https:\/\/bioapoteka.shop\/wp-content\/uploads\/2026\/01\/043_AURIMAGES_0048754_0577_HORIZONTAL-400x266-sqt.webp 400w, https:\/\/bioapoteka.shop\/wp-content\/uploads\/2026\/01\/043_AURIMAGES_0048754_0577_HORIZONTAL-150x150-sqt.webp 150w, https:\/\/bioapoteka.shop\/wp-content\/uploads\/2026\/01\/043_AURIMAGES_0048754_0577_HORIZONTAL-768x511-sqt.webp 768w, https:\/\/bioapoteka.shop\/wp-content\/uploads\/2026\/01\/043_AURIMAGES_0048754_0577_HORIZONTAL-430x430-sqt.webp 430w, https:\/\/bioapoteka.shop\/wp-content\/uploads\/2026\/01\/043_AURIMAGES_0048754_0577_HORIZONTAL-700x466-sqt.webp 700w, https:\/\/bioapoteka.shop\/wp-content\/uploads\/2026\/01\/043_AURIMAGES_0048754_0577_HORIZONTAL-190x127-sqt.webp 190w, https:\/\/bioapoteka.shop\/wp-content\/uploads\/2026\/01\/043_AURIMAGES_0048754_0577_HORIZONTAL-sqt.webp 2048w, https:\/\/bioapoteka.shop\/wp-content\/uploads\/2026\/01\/043_AURIMAGES_0048754_0577_HORIZONTAL-sqt.webp 1300w, https:\/\/bioapoteka.shop\/wp-content\/uploads\/2026\/01\/043_AURIMAGES_0048754_0577_HORIZONTAL.webp 880w\" sizes=\"auto, (max-width: 800px) 100vw, 800px\" \/>\t\t\t\t\t\t\t\t\t\t\t\t\t\t\t<\/div>\n\t\t\t\t\t<\/div>\n\t\t\t\t<\/div>\n\t\t<div class=\"elementor-element elementor-element-85b49f8 e-con-full e-flex e-con e-parent\" data-id=\"85b49f8\" data-element_type=\"container\" data-settings=\"{&quot;background_background&quot;:&quot;classic&quot;}\">\n\t\t\t\t<div class=\"elementor-element elementor-element-e67bcc1 elementor-widget elementor-widget-html\" data-id=\"e67bcc1\" data-element_type=\"widget\" data-widget_type=\"html.default\">\n\t\t\t\t\t<style>\r\n.bio-process {\r\n  background: #F6F3ED;\r\n  padding: 50px 0px;\r\n  font-family: inherit;\r\n}\r\n\r\n.bio-process-grid {\r\n  max-width: 1600px;\r\n  margin: auto;\r\n  display: grid;\r\n  grid-template-columns: repeat(3, 1fr);\r\n  gap: 30px;\r\n}\r\n\r\n.bio-step {\r\n  background: #ffffff;\r\n  border-radius: 14px;\r\n  padding: 30px 25px;\r\n  text-align: center;\r\n  box-shadow: 0 10px 25px rgba(0,0,0,0.05);\r\n}\r\n\r\n.bio-icon {\r\n  width: 70px;\r\n  height: 70px;\r\n  margin: 0 auto 20px;\r\n  display: flex;\r\n  align-items: center;\r\n  justify-content: center;\r\n  background: #e6f0e2;\r\n  border-radius: 50%;\r\n}\r\n\r\n.bio-icon svg {\r\n  width: 36px;\r\n  height: 36px;\r\n  fill: #296E00;\r\n}\r\n\r\n.bio-step h3 {\r\n  color: #296E00;\r\n  font-size: 20px;\r\n  margin-bottom: 12px;\r\n}\r\n\r\n.bio-step p {\r\n  font-size: 15px;\r\n  line-height: 1.6;\r\n  color: #333;\r\n}\r\n\r\n@media (max-width: 900px) {\r\n  .bio-process-grid {\r\n    grid-template-columns: 1fr;\r\n  }\r\n}\r\n<\/style>\r\n\r\n<section class=\"bio-process\">\r\n  <div class=\"bio-process-grid\">\r\n\r\n    <!-- STEP 1 -->\r\n    <div class=\"bio-step\">\r\n      <div class=\"bio-icon\">\r\n        <!-- Mountain Icon -->\r\n        <svg viewbox=\"0 0 24 24\">\r\n          <path d=\"M3 20h18L14 6l-2 4-2-4L3 20z\"\/>\r\n        <\/svg>\r\n      <\/div>\r\n      <h3>Kolekcija planinskih biljaka<\/h3>\r\n      <p>\r\n        Ljekovito bilje se pa\u017eljivo sakuplja s planinskih i prirodnih stani\u0161ta, po\u0161tuju\u0107i sezonske cikluse, nadmorsku visinu i zrelost biljaka kako bi se sa\u010duvao njihov puni terapeutski profil.\r\n      <\/p>\r\n    <\/div>\r\n\r\n    <!-- STEP 2 -->\r\n    <div class=\"bio-step\">\r\n      <div class=\"bio-icon\">\r\n        <!-- Mortar & Pestle Icon -->\r\n        <svg viewbox=\"0 0 24 24\">\r\n          <path d=\"M4 13h16v2c0 3-4 5-8 5s-8-2-8-5v-2zm2-2h12l2-3H4l2 3zm9-6l3-2-1-1-3 2 1 1z\"\/>\r\n        <\/svg>\r\n      <\/div>\r\n      <h3>Nje\u017ena obrada bilja<\/h3>\r\n      <p>\r\n        Biljke se prera\u0111uju kontroliranim, neindustrijskim metodama kao \u0161to su maceracija, ekstrakcija vodom i etanolom i hladno pre\u0161anje kako bi se za\u0161titili bioaktivni spojevi.\r\n      <\/p>\r\n    <\/div>\r\n\r\n    <!-- STEP 3 -->\r\n    <div class=\"bio-step\">\r\n      <div class=\"bio-icon\">\r\n        <!-- Bottle \/ Package Icon -->\r\n        <svg viewbox=\"0 0 24 24\">\r\n          <path d=\"M9 2h6v2h-1v3h-4V4H9V2zm-2 6h10v14H7V8zm2 2v10h6V10H9z\"\/>\r\n        <\/svg>\r\n      <\/div>\r\n      <h3>Pa\u017eljivo pakovanje<\/h3>\r\n      <p>\r\n        Gotovi proizvodi se pakuju u kontrolirane serije s pa\u017enjom na stabilnost, sljedivost i konzistentnost, pogodne za distribuciju u apotekama.\r\n      <\/p>\r\n    <\/div>\r\n\r\n  <\/div>\r\n<\/section>\r\n\t\t\t\t<\/div>\n\t\t\t\t<\/div>\n\t\t\t\t<section class=\"wd-negative-gap elementor-section elementor-top-section elementor-element elementor-element-5de91711 elementor-section-full_width elementor-section-height-default elementor-section-height-default\" data-id=\"5de91711\" data-element_type=\"section\" data-settings=\"{&quot;background_background&quot;:&quot;classic&quot;}\">\n\t\t\t\t\t\t<div class=\"elementor-container elementor-column-gap-default\">\n\t\t\t\t\t<div class=\"elementor-column elementor-col-33 elementor-top-column elementor-element elementor-element-53cffc1d\" data-id=\"53cffc1d\" data-element_type=\"column\">\n\t\t\t<div class=\"elementor-widget-wrap\">\n\t\t\t\t\t\t\t<\/div>\n\t\t<\/div>\n\t\t\t\t<div class=\"elementor-column elementor-col-33 elementor-top-column elementor-element elementor-element-7ed74c28\" data-id=\"7ed74c28\" data-element_type=\"column\">\n\t\t\t<div class=\"elementor-widget-wrap elementor-element-populated\">\n\t\t\t\t\t\t<div class=\"elementor-element elementor-element-a0dd716 wd-width-100 elementor-widget elementor-widget-wd_title\" data-id=\"a0dd716\" data-element_type=\"widget\" data-widget_type=\"wd_title.default\">\n\t\t\t\t<div class=\"elementor-widget-container\">\n\t\t\t\t\t\t\t<div class=\"title-wrapper wd-set-mb reset-last-child wd-title-color-primary wd-title-style-default wd-title-size-default text-center\">\n\n\t\t\t\t\t\t\t\t\t\t\t<div class=\"title-subtitle subtitle-color-primary subtitle-style-default wd-fontsize-xs\">\n\t\t\t\t\t\u0160ta korisnici ka\u017eu o nama\t\t\t\t<\/div>\n\t\t\t\n\t\t\t<div class=\"liner-continer\">\n\t\t\t\t<h4 class=\"woodmart-title-container title wd-fontsize-l\">Recenzije klijenata<\/h4> \n\t\t\t\t\t\t\t<\/div>\n\n\t\t\t\t\t<\/div>\n\t\t\t\t\t\t<\/div>\n\t\t\t\t<\/div>\n\t\t\t\t<div class=\"elementor-element elementor-element-7e807d20 elementor-widget elementor-widget-wd_testimonials\" data-id=\"7e807d20\" data-element_type=\"widget\" data-widget_type=\"wd_testimonials.default\">\n\t\t\t\t<div class=\"elementor-widget-container\">\n\t\t\t\t\t\t\t<div class=\"testimonials testimon-style-standard  color-scheme- testimon-align-center wd-carousel-container\" id=\"carousel-5696\">\n\t\t\t\t\t\t\t<div class=\"wd-carousel-inner\">\n\t\t\t\n\t\t\t<div class=\"wd-carousel wd-grid\" data-scroll_per_page=\"yes\" style=\"--wd-col-lg:1;--wd-col-md:1;--wd-col-sm:1;--wd-gap-lg:30px;--wd-gap-sm:10px;\">\n\t\t\t\t\t\t\t\t\t<div class=\"wd-carousel-wrap\">\n\t\t\t\t\n\t\t\t\t\t\t\t\t\t\n<div class=\"testimonial wd-carousel-item\">\n\t<div class=\"testimonial-inner\">\n\t\t\n\t\t<div class=\"testimonial-content\">\n\t\t\t<div class=\"testimonial-rating\">\n\t\t\t\t<span class=\"star-rating\">\n\t\t\t\t\t<span style=\"width:100%\"><\/span>\n\t\t\t\t<\/span>\n\t\t\t<\/div>\n\n\t\t\t<p>\u201eImam problema s pro\u0161irenim venama od ranih dvadesetih, i to je nasljedno u mojoj porodici. Doktori su mi rekli da \u0107e operacija na kraju biti jedino rje\u0161enje, ali da sam jo\u0161 premlada za nju. Poku\u0161ala sam s konvencionalnim lijekovima, ali su bili prejaki za mene i uzrokovali su neugodne nuspojave. Odlu\u010dila sam isprobati pristup biljne terapije. Nakon otprilike mjesec dana, primijetila sam da su vene manje izra\u017eene, peckanje i svrbe\u017e su nestali, a dugo stajanje je postalo lak\u0161e. Zasad sam zadovoljna i nastavljam s terapijom jer \u017eelim \u0161to du\u017ee izbje\u0107i operaciju.\u201c<\/p>\n\t\t\t<footer>\n\t\t\t\tJasmina R. \u2013 \u010ca\u010dak\n\t\t\t\t\t\t\t\t\t<span>\n\t\t\t\t\t\tUser of herbal therapy for varicose veins\t\t\t\t\t<\/span>\n\t\t\t\t\t\t\t<\/footer>\n\t\t<\/div>\n\t<\/div>\n<\/div>\t\t\t\t\t\t\t\t\t\n<div class=\"testimonial wd-carousel-item\">\n\t<div class=\"testimonial-inner\">\n\t\t\n\t\t<div class=\"testimonial-content\">\n\t\t\t<div class=\"testimonial-rating\">\n\t\t\t\t<span class=\"star-rating\">\n\t\t\t\t\t<span style=\"width:100%\"><\/span>\n\t\t\t\t<\/span>\n\t\t\t<\/div>\n\n\t\t\t<p>Nakon godina borbe s pijeskom u bubrezima i ponavljaju\u0107im bolovima, isprobala sam razne tablete i \u010dajeve koje su mi propisali ljekari, ali ni\u0161ta nije donijelo trajno olak\u0161anje. Odlu\u010dila sam isprobati biljni pristup na osnovu preporuka koje sam pro\u010ditala na internetu. Nakon prvog ciklusa, osjetila sam primjetno pobolj\u0161anje, a nakon nastavka terapije, moj kontrolni pregled nije pokazao da ima preostalog pijeska ili kamenja. Osje\u0107ala sam veliko olak\u0161anje i bila sam zahvalna na ishodu. Preporu\u010dila bih ovaj pristup svima koji se suo\u010davaju sa sli\u010dnim problemima.<\/p>\n\t\t\t<footer>\n\t\t\t\tLidija N. \u2013 Belgrade\n\t\t\t\t\t\t\t\t\t<span>\n\t\t\t\t\t\tUser of herbal therapy for varicose veins\t\t\t\t\t<\/span>\n\t\t\t\t\t\t\t<\/footer>\n\t\t<\/div>\n\t<\/div>\n<\/div>\t\t\t\t\t\t\t\t\t\n<div class=\"testimonial wd-carousel-item\">\n\t<div class=\"testimonial-inner\">\n\t\t\n\t\t<div class=\"testimonial-content\">\n\t\t\t<div class=\"testimonial-rating\">\n\t\t\t\t<span class=\"star-rating\">\n\t\t\t\t\t<span style=\"width:100%\"><\/span>\n\t\t\t\t<\/span>\n\t\t\t<\/div>\n\n\t\t\t<p>Po\u010dela sam koristiti biljne kapi i \u010dajeve kao podr\u0161ku za zdravlje probave i mokra\u0107nog sustava nakon \u010destih nelagoda i nadutosti. Cijenila sam \u0161to su proizvodi jasno ozna\u010deni, farmaceutskog kvaliteta i bazirani na tradicionalnoj biljnoj medicini. Nakon nekoliko sedmica dosljedne upotrebe, moji simptomi su se smanjili, probava je bila uravnote\u017eenija i op\u0107enito sam se osje\u0107ala bolje. Cijenim ovu vrstu terapije jer je blaga i dobro se uklapa uz medicinski savjet.<\/p>\n\t\t\t<footer>\n\t\t\t\tSarah CMarko S. \u2013 Novi Sadonnor\n\t\t\t\t\t\t\t\t\t<span>\n\t\t\t\t\t\tKorisnik biljne potporne terapije\t\t\t\t\t<\/span>\n\t\t\t\t\t\t\t<\/footer>\n\t\t<\/div>\n\t<\/div>\n<\/div>\t\t\t\t\n\t\t\t\t\t\t\t\t\t<\/div>\n\t\t\t\t\t\t\t<\/div>\n\t\t\t\t\t\t\t\t\t\t\t\t\t\t<div class=\"wd-nav-arrows wd-pos-sep wd-hover-1 wd-icon-1\">\n\t\t\t<div class=\"wd-btn-arrow wd-prev wd-disabled\">\n\t\t\t\t<div class=\"wd-arrow-inner\"><\/div>\n\t\t\t<\/div>\n\t\t\t<div class=\"wd-btn-arrow wd-next\">\n\t\t\t\t<div class=\"wd-arrow-inner\"><\/div>\n\t\t\t<\/div>\n\t\t<\/div>\n\t\t\t\t\t\t\n\t\t\t\t<\/div>\n\n\t\t\t\t\t\t\t\t\t\t\t\t\t<\/div>\n\t\t\t\t\t\t<\/div>\n\t\t\t\t<\/div>\n\t\t\t\t\t<\/div>\n\t\t<\/div>\n\t\t\t\t<div class=\"elementor-column elementor-col-33 elementor-top-column elementor-element elementor-element-14795822\" data-id=\"14795822\" data-element_type=\"column\">\n\t\t\t<div class=\"elementor-widget-wrap\">\n\t\t\t\t\t\t\t<\/div>\n\t\t<\/div>\n\t\t\t\t\t<\/div>\n\t\t<\/section>\n\t\t\t\t<\/div>","protected":false},"excerpt":{"rendered":"<p>\ud83c\udf3f About Bioapoteka \ud83c\udfd4\ufe0f Herbal Origin &amp; Collection Bioapoteka is a herbal apothecary focused on the careful collection and preparation<\/p>","protected":false},"author":1,"featured_media":0,"parent":0,"menu_order":0,"comment_status":"closed","ping_status":"closed","template":"","meta":{"footnotes":""},"class_list":["post-17","page","type-page","status-publish","hentry"],"_hostinger_reach_plugin_has_subscription_block":false,"_hostinger_reach_plugin_is_elementor":false,"_links":{"self":[{"href":"https:\/\/bioapoteka.shop\/bs\/wp-json\/wp\/v2\/pages\/17","targetHints":{"allow":["GET"]}}],"collection":[{"href":"https:\/\/bioapoteka.shop\/bs\/wp-json\/wp\/v2\/pages"}],"about":[{"href":"https:\/\/bioapoteka.shop\/bs\/wp-json\/wp\/v2\/types\/page"}],"author":[{"embeddable":true,"href":"https:\/\/bioapoteka.shop\/bs\/wp-json\/wp\/v2\/users\/1"}],"replies":[{"embeddable":true,"href":"https:\/\/bioapoteka.shop\/bs\/wp-json\/wp\/v2\/comments?post=17"}],"version-history":[{"count":26,"href":"https:\/\/bioapoteka.shop\/bs\/wp-json\/wp\/v2\/pages\/17\/revisions"}],"predecessor-version":[{"id":1263,"href":"https:\/\/bioapoteka.shop\/bs\/wp-json\/wp\/v2\/pages\/17\/revisions\/1263"}],"wp:attachment":[{"href":"https:\/\/bioapoteka.shop\/bs\/wp-json\/wp\/v2\/media?parent=17"}],"curies":[{"name":"wp","href":"https:\/\/api.w.org\/{rel}","templated":true}]}}