{"id":3,"date":"2026-01-06T20:35:41","date_gmt":"2026-01-06T20:35:41","guid":{"rendered":"https:\/\/bioapoteka.shop\/?page_id=3"},"modified":"2026-01-10T21:02:21","modified_gmt":"2026-01-10T21:02:21","slug":"privacy-policy","status":"publish","type":"page","link":"https:\/\/bioapoteka.shop\/bs\/privacy-policy\/","title":{"rendered":"Privatnosti"},"content":{"rendered":"<h2 class=\"wp-block-heading\">U <strong>bioapoteka.radnja<\/strong>\u0107emo po\u0161tujem tvoju privatnost i po\u010dinio da \u0161titim svoje licne informacije. Ovo Privatnosti obja\u0161njava kako \u0107emo sakupiti, upotrebu, i \u010duvati podatke kada si dolazio u posetu ili napraviti kupovinu iz na\u0161u web stranicu.<\/h2>\n\n\n\n<h3 class=\"wp-block-heading\"><strong>Informacije Koje Sakupimo<\/strong><\/h3>\n\n\n\n<p>Kada koristiti na\u0161u web stranicu, mo\u017eda \u0107emo pokupiti nakon informacija:<\/p>\n\n\n\n<ul class=\"wp-block-list\">\n<li>Li\u010dni podaci poput va\u0161e ime, adresa, broj telefona, ra\u010dune i brodska adresa<\/li>\n\n\n\n<li>Red i uplatnicu (pla\u0107anja su procesuirani sigurno kroz tre\u0107a strana usluga)<\/li>\n\n\n\n<li>Tehni\u010dki podatke poput IP adresu, preglednik tip, i kola\u010di\u0107e za pobolj\u0161anje korisnik iskustvo<\/li>\n<\/ul>\n\n\n\n<h3 class=\"wp-block-heading\"><strong>Kako \u0106emo Koristiti Tvoju Informaciju<\/strong><\/h3>\n\n\n\n<p>Koristimo tvoju informaciju:<\/p>\n\n\n\n<ul class=\"wp-block-list\">\n<li>Proces i ispuniti va\u0161a nare\u0111enja<\/li>\n\n\n\n<li>Da komunicira sa tobom o tvom nare\u0111enja ili istraga<\/li>\n\n\n\n<li>Pobolj\u0161aju na\u0161u web stranicu, slu\u017ebi, i mu\u0161terija podr\u0161ku<\/li>\n\n\n\n<li>Skladu sa zakonske obaveze<\/li>\n<\/ul>\n\n\n\n<h3 class=\"wp-block-heading\"><strong>Dijeliti Va\u0161e Informacije<\/strong><\/h3>\n\n\n\n<p>Mi ne prodajemo ili iznajmiti osobne podatke. Tvoja informacija mo\u017ee biti samo podijelio sa vjerovati tre\u0107a lica kao \u0161to su:<\/p>\n\n\n\n<ul class=\"wp-block-list\">\n<li>Pla\u0107anje prera\u0111iva\u010da<\/li>\n\n\n\n<li>Dostava i isporuka partneri<\/li>\n\n\n\n<li>Nadle\u017enim vlastima kada je u skladu sa zakonom<\/li>\n<\/ul>\n\n\n\n<h3 class=\"wp-block-heading\"><strong>Kola\u010di\u0107e<\/strong><\/h3>\n\n\n\n<p>Na\u0161a web stranica koristi kola\u010di\u0107e za pobolj\u0161anje pretra\u017eivanje iskustvo, analizirati saobra\u0107aj, i li\u010dno sadr\u017eaja. Mo\u017ee\u0161 da izabere\u0161 da je onesposobiti kola\u010de u svojim preglednik postavke, ali ovo mo\u017ee uticati na funkcionalnosti sajta.<\/p>\n\n\n\n<h3 class=\"wp-block-heading\"><strong>Podataka Sigurnosnih<\/strong><\/h3>\n\n\n\n<p>Mi provodimo prikladno sigurnosne mjere za\u0161tite svoje licne informacije iz neovla\u0161teni pristup, izmjena, ili razotkrivanje.<\/p>\n\n\n\n<h3 class=\"wp-block-heading\"><strong>Tvoja Prava<\/strong><\/h3>\n\n\n\n<p>Ima\u0161 pravo da se:<\/p>\n\n\n\n<ul class=\"wp-block-list\">\n<li>Pristup, obavijesti, ili izbri\u0161i va\u0161e osobne podatke<\/li>\n\n\n\n<li>Dobijanje informacija o tome kako se tvoji podaci je koristio<\/li>\n\n\n\n<li>Povu\u0107i pristanak gdje va\u017ee\u0107im<\/li>\n<\/ul>\n\n\n\n<p>Da ostvare svoja prava, kontaktirajte nas.<\/p>\n\n\n\n<h3 class=\"wp-block-heading\"><strong>Tre\u0107a Strana Veze<\/strong><\/h3>\n\n\n\n<p>Na\u0161a web stranica mo\u017eda sadr\u017ei veze sa vanjskim web stranice. Mi nismo odgovorni za privatnost prakse od onih tre\u0107a strana lokacije.<\/p>\n\n\n\n<h3 class=\"wp-block-heading\"><strong>Promena Politike ...<\/strong><\/h3>\n\n\n\n<p>Mo\u017eda \u0107emo staviti Privatnosti s vremena na vrijeme. Bilo promjene \u0107e biti postavljeni na tu stranicu sa a\u017eurirani reviziju sastanak.<\/p>\n\n\n\n<h3 class=\"wp-block-heading\"><strong>Kontakt<\/strong><\/h3>\n\n\n\n<p>Ako imate kakvih pitanja o Privatnosti, ili kako smo se nositi sa va\u0161im podacima, kontaktirajte nas kroz na\u0161u web stranicu.<\/p>","protected":false},"excerpt":{"rendered":"<p>At bioapoteka.shop, we respect your privacy and are committed to protecting your personal information. This Privacy Policy explains how we<\/p>","protected":false},"author":1,"featured_media":0,"parent":0,"menu_order":0,"comment_status":"closed","ping_status":"open","template":"","meta":{"footnotes":""},"class_list":["post-3","page","type-page","status-publish","hentry"],"_hostinger_reach_plugin_has_subscription_block":false,"_hostinger_reach_plugin_is_elementor":false,"_links":{"self":[{"href":"https:\/\/bioapoteka.shop\/bs\/wp-json\/wp\/v2\/pages\/3","targetHints":{"allow":["GET"]}}],"collection":[{"href":"https:\/\/bioapoteka.shop\/bs\/wp-json\/wp\/v2\/pages"}],"about":[{"href":"https:\/\/bioapoteka.shop\/bs\/wp-json\/wp\/v2\/types\/page"}],"author":[{"embeddable":true,"href":"https:\/\/bioapoteka.shop\/bs\/wp-json\/wp\/v2\/users\/1"}],"replies":[{"embeddable":true,"href":"https:\/\/bioapoteka.shop\/bs\/wp-json\/wp\/v2\/comments?post=3"}],"version-history":[{"count":1,"href":"https:\/\/bioapoteka.shop\/bs\/wp-json\/wp\/v2\/pages\/3\/revisions"}],"predecessor-version":[{"id":1141,"href":"https:\/\/bioapoteka.shop\/bs\/wp-json\/wp\/v2\/pages\/3\/revisions\/1141"}],"wp:attachment":[{"href":"https:\/\/bioapoteka.shop\/bs\/wp-json\/wp\/v2\/media?parent=3"}],"curies":[{"name":"wp","href":"https:\/\/api.w.org\/{rel}","templated":true}]}}