{"id":1001,"date":"2026-01-08T23:11:46","date_gmt":"2026-01-08T23:11:46","guid":{"rendered":"https:\/\/bioapoteka.shop\/?post_type=product&#038;p=1001"},"modified":"2026-01-10T22:14:24","modified_gmt":"2026-01-10T22:14:24","slug":"djevicansko-ulje-sezama","status":"publish","type":"product","link":"https:\/\/bioapoteka.shop\/bs\/proizvod\/djevicansko-ulje-sezama\/","title":{"rendered":"DJEVI\u010cANSKO ULJE SEZAMA"},"content":{"rendered":"<p data-start=\"209\" data-end=\"509\">\ud83c\udf3f Ulje je dobijeno isklju\u010divo mehani\u010dkim putem od svje\u017eih sjemenki bez upotrebe topline, hemijskih otapala ili drugih dodataka. Sadr\u017ei antioksidanse: sezamol, sezamolin i sezamin. Unos djevi\u010danskog ulja sezama na dnevnoj bazi preporu\u010duje se u iznosu od jedne ka\u0161ike (15 ml) po 50 kg tjelesne te\u017eine.<\/p>\n<hr data-start=\"511\" data-end=\"514\" \/>\n<p data-start=\"516\" data-end=\"761\">\ud83e\udd44 Prije upotrebe protresti. Idealno je za hladne recepte kao preljev na salate od povr\u0107a ili tjestenine, pripremu umaka, namaza, dodatak u smoothie, jogurt i sli\u010dno. Mo\u017ee se koristiti samostalno ili kao dodatak toplim jelima, ali nakon kuhanja.<\/p>\n<hr data-start=\"763\" data-end=\"766\" \/>\n<p data-start=\"768\" data-end=\"1357\">\ud83d\udcda Nova nau\u010dna istra\u017eivanja pokazuju da redovna konzumacija djevi\u010danskog ulja sezama poma\u017ee pri regulaciji \u0161e\u0107era u krvi, odr\u017eava zdravlje usne \u0161upljine, osobito kod gingivitisa (upale desni), vr\u0161i pro\u010di\u0161\u0107enje i detoksikaciju cjelokupnog organizma zbog antioksidanata sezamina, sezamolina i sezamola, dobra je za srce, poma\u017ee u sni\u017eavanju krvnog tlaka, ima protuupalna svojstva, pobolj\u0161ava zdravlje kostiju, lije\u010di artritis, podsti\u010de zdravlje kose, poma\u017ee u osloba\u0111anju od stresa, tjeskobe i depresije te sprje\u010dava o\u0161te\u0107enja od sunca, odnosno \u0161titi ko\u017eu od ultraljubi\u010dastog (UV) o\u0161te\u0107enja.<\/p>","protected":false},"excerpt":{"rendered":"<p>VIRGIN SESAME OIL<br \/>\n250ml<\/p>","protected":false},"featured_media":1005,"comment_status":"open","ping_status":"closed","template":"","meta":[],"product_brand":[],"product_cat":[47],"product_tag":[],"class_list":{"0":"post-1001","1":"product","2":"type-product","3":"status-publish","4":"has-post-thumbnail","6":"product_cat-cold-pressed","8":"first","9":"instock","10":"shipping-taxable","11":"purchasable","12":"product-type-simple"},"_links":{"self":[{"href":"https:\/\/bioapoteka.shop\/bs\/wp-json\/wp\/v2\/product\/1001","targetHints":{"allow":["GET"]}}],"collection":[{"href":"https:\/\/bioapoteka.shop\/bs\/wp-json\/wp\/v2\/product"}],"about":[{"href":"https:\/\/bioapoteka.shop\/bs\/wp-json\/wp\/v2\/types\/product"}],"replies":[{"embeddable":true,"href":"https:\/\/bioapoteka.shop\/bs\/wp-json\/wp\/v2\/comments?post=1001"}],"version-history":[{"count":2,"href":"https:\/\/bioapoteka.shop\/bs\/wp-json\/wp\/v2\/product\/1001\/revisions"}],"predecessor-version":[{"id":1186,"href":"https:\/\/bioapoteka.shop\/bs\/wp-json\/wp\/v2\/product\/1001\/revisions\/1186"}],"wp:featuredmedia":[{"embeddable":true,"href":"https:\/\/bioapoteka.shop\/bs\/wp-json\/wp\/v2\/media\/1005"}],"wp:attachment":[{"href":"https:\/\/bioapoteka.shop\/bs\/wp-json\/wp\/v2\/media?parent=1001"}],"wp:term":[{"taxonomy":"product_brand","embeddable":true,"href":"https:\/\/bioapoteka.shop\/bs\/wp-json\/wp\/v2\/product_brand?post=1001"},{"taxonomy":"product_cat","embeddable":true,"href":"https:\/\/bioapoteka.shop\/bs\/wp-json\/wp\/v2\/product_cat?post=1001"},{"taxonomy":"product_tag","embeddable":true,"href":"https:\/\/bioapoteka.shop\/bs\/wp-json\/wp\/v2\/product_tag?post=1001"}],"curies":[{"name":"wp","href":"https:\/\/api.w.org\/{rel}","templated":true}]}}