{"id":1039,"date":"2026-01-08T23:49:25","date_gmt":"2026-01-08T23:49:25","guid":{"rendered":"https:\/\/bioapoteka.shop\/?post_type=product&#038;p=1039"},"modified":"2026-01-10T22:28:24","modified_gmt":"2026-01-10T22:28:24","slug":"neven-melem","status":"publish","type":"product","link":"https:\/\/bioapoteka.shop\/bs\/proizvod\/neven-melem\/","title":{"rendered":"NEVEN MELEM"},"content":{"rendered":"<h3 data-start=\"146\" data-end=\"187\">\ud83c\udf3c Njeguju\u0107i melem za osjetljivu ko\u017eu<\/h3>\n<p data-start=\"189\" data-end=\"225\">\ud83e\uddf4 <strong data-start=\"192\" data-end=\"225\">Prirodna njega i za\u0161tita ko\u017ee<\/strong><\/p>\n<p data-start=\"227\" data-end=\"398\">Njeguju\u0107i melem namijenjen je <strong data-start=\"257\" data-end=\"297\">suhoj, nadra\u017eenoj i osjetljivoj ko\u017ei<\/strong>. Umiruje crvenilo, svrbe\u017e i iritacije te <strong data-start=\"339\" data-end=\"397\">poti\u010de regeneraciju ko\u017ee i prirodno zacjeljivanje rana<\/strong>.<\/p>\n<hr data-start=\"400\" data-end=\"403\" \/>\n<h3 data-start=\"405\" data-end=\"430\">\u2705 Preporu\u010duje se kod:<\/h3>\n<ul data-start=\"431\" data-end=\"613\">\n<li data-start=\"431\" data-end=\"446\">\n<p data-start=\"433\" data-end=\"446\">dermatitisa<\/p>\n<\/li>\n<li data-start=\"447\" data-end=\"471\">\n<p data-start=\"449\" data-end=\"471\">psorijaze i seboreje<\/p>\n<\/li>\n<li data-start=\"472\" data-end=\"502\">\n<p data-start=\"474\" data-end=\"502\">opekotina (lak\u0161eg stepena)<\/p>\n<\/li>\n<li data-start=\"503\" data-end=\"516\">\n<p data-start=\"505\" data-end=\"516\">hemoroida<\/p>\n<\/li>\n<li data-start=\"517\" data-end=\"536\">\n<p data-start=\"519\" data-end=\"536\">pro\u0161irenih vena<\/p>\n<\/li>\n<li data-start=\"537\" data-end=\"561\">\n<p data-start=\"539\" data-end=\"561\">gljivi\u010dnih infekcija<\/p>\n<\/li>\n<li data-start=\"562\" data-end=\"580\">\n<p data-start=\"564\" data-end=\"580\">ujeda insekata<\/p>\n<\/li>\n<li data-start=\"581\" data-end=\"613\">\n<p data-start=\"583\" data-end=\"613\">posjekotina i manjih ozljeda<\/p>\n<\/li>\n<\/ul>\n<hr data-start=\"615\" data-end=\"618\" \/>\n<h3 data-start=\"620\" data-end=\"638\">\ud83c\udf3f Djelovanje:<\/h3>\n<ul data-start=\"639\" data-end=\"776\">\n<li data-start=\"639\" data-end=\"663\">\n<p data-start=\"641\" data-end=\"663\">umiruje i hladi ko\u017eu<\/p>\n<\/li>\n<li data-start=\"664\" data-end=\"694\">\n<p data-start=\"666\" data-end=\"694\">smanjuje upalu i iritacije<\/p>\n<\/li>\n<li data-start=\"695\" data-end=\"731\">\n<p data-start=\"697\" data-end=\"731\">poti\u010de obnovu i elasti\u010dnost ko\u017ee<\/p>\n<\/li>\n<li data-start=\"732\" data-end=\"776\">\n<p data-start=\"734\" data-end=\"776\">pru\u017ea dugotrajan osje\u0107aj njege i za\u0161tite<\/p>\n<\/li>\n<\/ul>\n<hr data-start=\"778\" data-end=\"781\" \/>\n<h3 data-start=\"783\" data-end=\"805\">\u2139\ufe0f Na\u010din upotrebe:<\/h3>\n<p data-start=\"806\" data-end=\"943\">\u2714 Namijenjeno <strong data-start=\"820\" data-end=\"854\">isklju\u010divo za vanjsku upotrebu<\/strong><br data-start=\"854\" data-end=\"857\" \/>\u2714 Pogodno za <strong data-start=\"870\" data-end=\"906\">svakodnevnu njegu i za\u0161titu ko\u017ee<\/strong><br data-start=\"906\" data-end=\"909\" \/>\u26a0 Izbjegavati podru\u010dje oko o\u010diju<\/p>","protected":false},"excerpt":{"rendered":"<p>POT MARIGOLD SALVE<\/p>","protected":false},"featured_media":1044,"comment_status":"open","ping_status":"closed","template":"","meta":[],"product_brand":[],"product_cat":[49],"product_tag":[],"class_list":{"0":"post-1039","1":"product","2":"type-product","3":"status-publish","4":"has-post-thumbnail","6":"product_cat-ointments","8":"first","9":"instock","10":"shipping-taxable","11":"purchasable","12":"product-type-simple"},"_links":{"self":[{"href":"https:\/\/bioapoteka.shop\/bs\/wp-json\/wp\/v2\/product\/1039","targetHints":{"allow":["GET"]}}],"collection":[{"href":"https:\/\/bioapoteka.shop\/bs\/wp-json\/wp\/v2\/product"}],"about":[{"href":"https:\/\/bioapoteka.shop\/bs\/wp-json\/wp\/v2\/types\/product"}],"replies":[{"embeddable":true,"href":"https:\/\/bioapoteka.shop\/bs\/wp-json\/wp\/v2\/comments?post=1039"}],"version-history":[{"count":1,"href":"https:\/\/bioapoteka.shop\/bs\/wp-json\/wp\/v2\/product\/1039\/revisions"}],"predecessor-version":[{"id":1045,"href":"https:\/\/bioapoteka.shop\/bs\/wp-json\/wp\/v2\/product\/1039\/revisions\/1045"}],"wp:featuredmedia":[{"embeddable":true,"href":"https:\/\/bioapoteka.shop\/bs\/wp-json\/wp\/v2\/media\/1044"}],"wp:attachment":[{"href":"https:\/\/bioapoteka.shop\/bs\/wp-json\/wp\/v2\/media?parent=1039"}],"wp:term":[{"taxonomy":"product_brand","embeddable":true,"href":"https:\/\/bioapoteka.shop\/bs\/wp-json\/wp\/v2\/product_brand?post=1039"},{"taxonomy":"product_cat","embeddable":true,"href":"https:\/\/bioapoteka.shop\/bs\/wp-json\/wp\/v2\/product_cat?post=1039"},{"taxonomy":"product_tag","embeddable":true,"href":"https:\/\/bioapoteka.shop\/bs\/wp-json\/wp\/v2\/product_tag?post=1039"}],"curies":[{"name":"wp","href":"https:\/\/api.w.org\/{rel}","templated":true}]}}