{"id":1046,"date":"2026-01-08T23:51:35","date_gmt":"2026-01-08T23:51:35","guid":{"rendered":"https:\/\/bioapoteka.shop\/?post_type=product&#038;p=1046"},"modified":"2026-01-09T01:11:09","modified_gmt":"2026-01-09T01:11:09","slug":"venohem-melem","status":"publish","type":"product","link":"https:\/\/bioapoteka.shop\/bs\/proizvod\/venohem-melem\/","title":{"rendered":"VENOHEM MELEM"},"content":{"rendered":"<h3 data-start=\"122\" data-end=\"156\">\ud83c\udf30 Melem za vene i cirkulaciju<\/h3>\n<p data-start=\"158\" data-end=\"195\">\ud83e\uddb5 <strong data-start=\"161\" data-end=\"195\">Prirodna podr\u0161ka zdravlju vena<\/strong><\/p>\n<p data-start=\"197\" data-end=\"429\">Melem poma\u017ee kod <strong data-start=\"214\" data-end=\"249\">kroni\u010dne venske insuficijencije<\/strong> te ubla\u017eava tegobe poput <strong data-start=\"275\" data-end=\"330\">ote\u010denih nogu, popucalih kapilara i pro\u0161irenih vena<\/strong>. Smanjuje osje\u0107aj nelagode, te\u017eine u nogama, umora, bola, svrbe\u017ea, napetosti i gr\u010deva u listovima.<\/p>\n<p data-start=\"431\" data-end=\"612\">Djelotvoran je i kod <strong data-start=\"452\" data-end=\"498\">hemoroida pra\u0107enih krvarenjem i iritacijom<\/strong> (svrbe\u017e, peckanje). Poti\u010de cirkulaciju, regeneraciju i elasti\u010dnost tkiva te pru\u017ea <strong data-start=\"581\" data-end=\"611\">osje\u0107aj lako\u0107e i olak\u0161anja<\/strong>.<\/p>\n<hr data-start=\"614\" data-end=\"617\" \/>\n<h3 data-start=\"619\" data-end=\"644\">\u2705 Preporu\u010duje se kod:<\/h3>\n<ul data-start=\"645\" data-end=\"857\">\n<li data-start=\"645\" data-end=\"680\">\n<p data-start=\"647\" data-end=\"680\">kroni\u010dne venske insuficijencije<\/p>\n<\/li>\n<li data-start=\"681\" data-end=\"708\">\n<p data-start=\"683\" data-end=\"708\">ote\u010denih i umornih nogu<\/p>\n<\/li>\n<li data-start=\"709\" data-end=\"749\">\n<p data-start=\"711\" data-end=\"749\">pro\u0161irenih vena i popucalih kapilara<\/p>\n<\/li>\n<li data-start=\"750\" data-end=\"790\">\n<p data-start=\"752\" data-end=\"790\">osje\u0107aja te\u017eine i napetosti u nogama<\/p>\n<\/li>\n<li data-start=\"791\" data-end=\"813\">\n<p data-start=\"793\" data-end=\"813\">gr\u010deva u listovima<\/p>\n<\/li>\n<li data-start=\"814\" data-end=\"857\">\n<p data-start=\"816\" data-end=\"857\">hemoroida (svrbe\u017e, peckanje, iritacija)<\/p>\n<\/li>\n<\/ul>\n<hr data-start=\"859\" data-end=\"862\" \/>\n<h3 data-start=\"864\" data-end=\"882\">\ud83c\udf3f Djelovanje:<\/h3>\n<ul data-start=\"883\" data-end=\"1035\">\n<li data-start=\"883\" data-end=\"905\">\n<p data-start=\"885\" data-end=\"905\">poti\u010de cirkulaciju<\/p>\n<\/li>\n<li data-start=\"906\" data-end=\"938\">\n<p data-start=\"908\" data-end=\"938\">smanjuje oticanje i nelagodu<\/p>\n<\/li>\n<li data-start=\"939\" data-end=\"965\">\n<p data-start=\"941\" data-end=\"965\">ja\u010da elasti\u010dnost tkiva<\/p>\n<\/li>\n<li data-start=\"966\" data-end=\"996\">\n<p data-start=\"968\" data-end=\"996\">umiruje iritacije i svrbe\u017e<\/p>\n<\/li>\n<li data-start=\"997\" data-end=\"1035\">\n<p data-start=\"999\" data-end=\"1035\">pru\u017ea dugotrajan osje\u0107aj olak\u0161anja<\/p>\n<\/li>\n<\/ul>\n<hr data-start=\"1037\" data-end=\"1040\" \/>\n<h3 data-start=\"1042\" data-end=\"1064\">\u2139\ufe0f Na\u010din upotrebe:<\/h3>\n<p data-start=\"1065\" data-end=\"1218\">\u2714 <strong data-start=\"1067\" data-end=\"1090\">Za vanjsku upotrebu<\/strong><br data-start=\"1090\" data-end=\"1093\" \/>\u2714 Nje\u017eno umasirati <strong data-start=\"1112\" data-end=\"1131\">2\u20133 puta dnevno<\/strong> na bolno podru\u010dje<br data-start=\"1149\" data-end=\"1152\" \/>\u2714 Po potrebi primijeniti i \u010de\u0161\u0107e<br data-start=\"1184\" data-end=\"1187\" \/>\u26a0 Izbjegavati kontakt s o\u010dima<\/p>","protected":false},"excerpt":{"rendered":"<p>VENOHEM SALVE<\/p>","protected":false},"featured_media":1051,"comment_status":"open","ping_status":"closed","template":"","meta":[],"product_brand":[],"product_cat":[49],"product_tag":[],"class_list":{"0":"post-1046","1":"product","2":"type-product","3":"status-publish","4":"has-post-thumbnail","6":"product_cat-ointments","8":"first","9":"instock","10":"shipping-taxable","11":"purchasable","12":"product-type-simple"},"_links":{"self":[{"href":"https:\/\/bioapoteka.shop\/bs\/wp-json\/wp\/v2\/product\/1046","targetHints":{"allow":["GET"]}}],"collection":[{"href":"https:\/\/bioapoteka.shop\/bs\/wp-json\/wp\/v2\/product"}],"about":[{"href":"https:\/\/bioapoteka.shop\/bs\/wp-json\/wp\/v2\/types\/product"}],"replies":[{"embeddable":true,"href":"https:\/\/bioapoteka.shop\/bs\/wp-json\/wp\/v2\/comments?post=1046"}],"version-history":[{"count":1,"href":"https:\/\/bioapoteka.shop\/bs\/wp-json\/wp\/v2\/product\/1046\/revisions"}],"predecessor-version":[{"id":1052,"href":"https:\/\/bioapoteka.shop\/bs\/wp-json\/wp\/v2\/product\/1046\/revisions\/1052"}],"wp:featuredmedia":[{"embeddable":true,"href":"https:\/\/bioapoteka.shop\/bs\/wp-json\/wp\/v2\/media\/1051"}],"wp:attachment":[{"href":"https:\/\/bioapoteka.shop\/bs\/wp-json\/wp\/v2\/media?parent=1046"}],"wp:term":[{"taxonomy":"product_brand","embeddable":true,"href":"https:\/\/bioapoteka.shop\/bs\/wp-json\/wp\/v2\/product_brand?post=1046"},{"taxonomy":"product_cat","embeddable":true,"href":"https:\/\/bioapoteka.shop\/bs\/wp-json\/wp\/v2\/product_cat?post=1046"},{"taxonomy":"product_tag","embeddable":true,"href":"https:\/\/bioapoteka.shop\/bs\/wp-json\/wp\/v2\/product_tag?post=1046"}],"curies":[{"name":"wp","href":"https:\/\/api.w.org\/{rel}","templated":true}]}}