{"id":1053,"date":"2026-01-08T23:55:09","date_gmt":"2026-01-08T23:55:09","guid":{"rendered":"https:\/\/bioapoteka.shop\/?post_type=product&#038;p=1053"},"modified":"2026-01-10T22:24:28","modified_gmt":"2026-01-10T22:24:28","slug":"kamilica-ulje","status":"publish","type":"product","link":"https:\/\/bioapoteka.shop\/bs\/proizvod\/kamilica-ulje\/","title":{"rendered":"KAMILICA ULJE"},"content":{"rendered":"<p data-start=\"0\" data-end=\"37\">\ud83c\udf3c <strong data-start=\"3\" data-end=\"37\">Ulje kamilice \u2013 opis proizvoda<\/strong><\/p>\n<p data-start=\"39\" data-end=\"78\"><strong data-start=\"39\" data-end=\"78\">Njega ko\u017ee i kose na prirodan na\u010din<\/strong><\/p>\n<p data-start=\"80\" data-end=\"393\">Njeguju\u0107e ulje kamilice preporu\u010duje se za njegu osjetljive ko\u017ee jer u\u010dinkovito umiruje crvenu i nadra\u017eenu ko\u017eu. O\u017eivljava suhu i umornu ko\u017eu, \u010dine\u0107i je mla\u0111om i osvje\u017eenijom zahvaljuju\u0107i hidratizaciji, regeneraciji, pobolj\u0161anoj cirkulaciji krvi i ja\u010danju za\u0161titne barijere ko\u017ee, \u010dime se smanjuju znakovi starenja.<\/p>\n<p data-start=\"395\" data-end=\"425\">\u2728 <strong data-start=\"397\" data-end=\"425\">Dobrobiti ulja kamilice:<\/strong><\/p>\n<ul data-start=\"426\" data-end=\"904\">\n<li data-start=\"426\" data-end=\"460\">\n<p data-start=\"428\" data-end=\"460\">Umiruje upale i iritacije ko\u017ee<\/p>\n<\/li>\n<li data-start=\"461\" data-end=\"504\">\n<p data-start=\"463\" data-end=\"504\">Poma\u017ee kod akni i smanjuje tragove akni<\/p>\n<\/li>\n<li data-start=\"505\" data-end=\"557\">\n<p data-start=\"507\" data-end=\"557\">Ubla\u017eava mrlje i doprinosi ujedna\u010denom tonu ko\u017ee<\/p>\n<\/li>\n<li data-start=\"558\" data-end=\"595\">\n<p data-start=\"560\" data-end=\"595\">Smanjuje tamne kolutove oko o\u010diju<\/p>\n<\/li>\n<li data-start=\"596\" data-end=\"651\">\n<p data-start=\"598\" data-end=\"651\">Pogodno za skidanje \u0161minke, uklju\u010duju\u0107i vodootpornu<\/p>\n<\/li>\n<li data-start=\"652\" data-end=\"693\">\n<p data-start=\"654\" data-end=\"693\">Hidratizira vlasi\u0161te i smanjuje perut<\/p>\n<\/li>\n<li data-start=\"694\" data-end=\"737\">\n<p data-start=\"696\" data-end=\"737\">Ubla\u017eava lju\u0161tenje i iritaciju vlasi\u0161ta<\/p>\n<\/li>\n<li data-start=\"738\" data-end=\"774\">\n<p data-start=\"740\" data-end=\"774\">Vra\u0107a sjaj i oboga\u0107uje boju kose<\/p>\n<\/li>\n<li data-start=\"775\" data-end=\"844\">\n<p data-start=\"777\" data-end=\"844\">Pogodno za obojenu (farbanu ili kanom), o\u0161te\u0107enu i be\u017eivotnu kosu<\/p>\n<\/li>\n<li data-start=\"845\" data-end=\"904\">\n<p data-start=\"847\" data-end=\"904\">Koristi se u masa\u017eama za opu\u0161tanje i ubla\u017eavanje bolova<\/p>\n<\/li>\n<\/ul>\n<p data-start=\"906\" data-end=\"935\">\ud83e\uddf4 <strong data-start=\"909\" data-end=\"935\">Na\u010din upotrebe \u2013 ko\u017ea:<\/strong><\/p>\n<ul data-start=\"936\" data-end=\"1087\">\n<li data-start=\"936\" data-end=\"971\">\n<p data-start=\"938\" data-end=\"971\">Namijenjeno za vanjsku upotrebu<\/p>\n<\/li>\n<li data-start=\"972\" data-end=\"1046\">\n<p data-start=\"974\" data-end=\"1046\">Nanijeti najmanje jednom dnevno na \u010distu ko\u017eu, posebno nakon tu\u0161iranja<\/p>\n<\/li>\n<li data-start=\"1047\" data-end=\"1087\">\n<p data-start=\"1049\" data-end=\"1087\">Po potrebi nanositi vi\u0161e puta dnevno<\/p>\n<\/li>\n<\/ul>\n<p data-start=\"1089\" data-end=\"1129\">\ud83d\udc86 <strong data-start=\"1092\" data-end=\"1129\">Na\u010din upotrebe \u2013 kosa i vlasi\u0161te:<\/strong><\/p>\n<ul data-start=\"1130\" data-end=\"1371\">\n<li data-start=\"1130\" data-end=\"1183\">\n<p data-start=\"1132\" data-end=\"1183\">Nanositi pri svakom pranju kose na \u010disto vlasi\u0161te<\/p>\n<\/li>\n<li data-start=\"1184\" data-end=\"1220\">\n<p data-start=\"1186\" data-end=\"1220\">Nje\u017eno umasirati ulje u vlasi\u0161te<\/p>\n<\/li>\n<li data-start=\"1221\" data-end=\"1270\">\n<p data-start=\"1223\" data-end=\"1270\">Ostaviti da djeluje 3\u20135 minuta, zatim isprati<\/p>\n<\/li>\n<li data-start=\"1271\" data-end=\"1371\">\n<p data-start=\"1273\" data-end=\"1371\">Za dubinsku regeneraciju mo\u017ee se ostaviti preko no\u0107i kao regenerator, a ujutro temeljito isprati<\/p>\n<\/li>\n<\/ul>\n<p data-start=\"1373\" data-end=\"1427\" data-is-last-node=\"\" data-is-only-node=\"\">\ud83c\udf3f <strong data-start=\"1376\" data-end=\"1427\" data-is-last-node=\"\">Prirodna njega za ko\u017eu, kosu i opu\u0161tanje tijela<\/strong><\/p>","protected":false},"excerpt":{"rendered":"<p>CHAMOMILE OIL<\/p>","protected":false},"featured_media":1058,"comment_status":"open","ping_status":"closed","template":"","meta":[],"product_brand":[],"product_cat":[50],"product_tag":[],"class_list":{"0":"post-1053","1":"product","2":"type-product","3":"status-publish","4":"has-post-thumbnail","6":"product_cat-oils-for-external-use","8":"first","9":"instock","10":"shipping-taxable","11":"purchasable","12":"product-type-simple"},"_links":{"self":[{"href":"https:\/\/bioapoteka.shop\/bs\/wp-json\/wp\/v2\/product\/1053","targetHints":{"allow":["GET"]}}],"collection":[{"href":"https:\/\/bioapoteka.shop\/bs\/wp-json\/wp\/v2\/product"}],"about":[{"href":"https:\/\/bioapoteka.shop\/bs\/wp-json\/wp\/v2\/types\/product"}],"replies":[{"embeddable":true,"href":"https:\/\/bioapoteka.shop\/bs\/wp-json\/wp\/v2\/comments?post=1053"}],"version-history":[{"count":1,"href":"https:\/\/bioapoteka.shop\/bs\/wp-json\/wp\/v2\/product\/1053\/revisions"}],"predecessor-version":[{"id":1059,"href":"https:\/\/bioapoteka.shop\/bs\/wp-json\/wp\/v2\/product\/1053\/revisions\/1059"}],"wp:featuredmedia":[{"embeddable":true,"href":"https:\/\/bioapoteka.shop\/bs\/wp-json\/wp\/v2\/media\/1058"}],"wp:attachment":[{"href":"https:\/\/bioapoteka.shop\/bs\/wp-json\/wp\/v2\/media?parent=1053"}],"wp:term":[{"taxonomy":"product_brand","embeddable":true,"href":"https:\/\/bioapoteka.shop\/bs\/wp-json\/wp\/v2\/product_brand?post=1053"},{"taxonomy":"product_cat","embeddable":true,"href":"https:\/\/bioapoteka.shop\/bs\/wp-json\/wp\/v2\/product_cat?post=1053"},{"taxonomy":"product_tag","embeddable":true,"href":"https:\/\/bioapoteka.shop\/bs\/wp-json\/wp\/v2\/product_tag?post=1053"}],"curies":[{"name":"wp","href":"https:\/\/api.w.org\/{rel}","templated":true}]}}