{"id":1060,"date":"2026-01-09T00:00:17","date_gmt":"2026-01-09T00:00:17","guid":{"rendered":"https:\/\/bioapoteka.shop\/?post_type=product&#038;p=1060"},"modified":"2026-01-10T22:25:03","modified_gmt":"2026-01-10T22:25:03","slug":"kantarion-ulje","status":"publish","type":"product","link":"https:\/\/bioapoteka.shop\/bs\/proizvod\/kantarion-ulje\/","title":{"rendered":"KANTARION ULJE"},"content":{"rendered":"<p data-start=\"197\" data-end=\"217\">\ud83c\udf3c <strong data-start=\"200\" data-end=\"217\">Ulje kamilice<\/strong><\/p>\n<p data-start=\"219\" data-end=\"523\">\ud83e\uddf4 Ulje kamilice preporu\u010duje se za njegu osjetljive ko\u017ee, jer umiruje crvenu i nadra\u017eenu ko\u017eu. U\u010dinkovito o\u017eivljava suhu i umornu ko\u017eu kako bi ista izgledala mla\u0111e i osvje\u017eenije, hidratizacijom, regeneriranjem, pobolj\u0161anjem cirkulacije krvi te ja\u010danjem za\u0161titne barijere ko\u017ee \u010dime smanjuje starenje ko\u017ee.<\/p>\n<p data-start=\"525\" data-end=\"866\">\u2728 Dobrobiti ovog ulja su mnogobrojne. Zbog svojih protuupalnih svojstava preporu\u010duje se za kontrolu i ubla\u017eavanje bolnih upala ko\u017ee izazvanih aknama te smanjenje tragova akni. Redovna primjena mo\u017ee ubla\u017eiti mrlje kako bi se postigao ujedna\u010den ton ko\u017ee te smanjiti tamne kolutove oko o\u010diju. Pogodno je i za skidanje, \u010dak i vodootporne \u0161minke.<\/p>\n<p data-start=\"868\" data-end=\"1138\">\ud83d\udc86 Hidratizira vlasi\u0161te, ubla\u017eava lju\u0161tenje i iritaciju vlasi\u0161ta te time smanjuje perut. Oboga\u0107uje boju kose i vra\u0107a izgubljeni sjaj kod pramenova, obojane (farba ili kana), o\u0161te\u0107ene i be\u017eivotne kose hidratizacijom, regeneracijom i ja\u010danjem za\u0161titne barijere vlasi kose.<\/p>\n<p data-start=\"1140\" data-end=\"1243\">\ud83e\uddd8 Ulje kamilice koristi se u masa\u017eama za osloba\u0111anje od stresa, uma i tijela te za ubla\u017eavanje bolova.<\/p>\n<hr data-start=\"1245\" data-end=\"1248\" \/>\n<p data-start=\"1250\" data-end=\"1291\">\u26a0\ufe0f <strong data-start=\"1253\" data-end=\"1291\">Namijenjeno je za vanjsku upotrebu<\/strong><\/p>\n<p data-start=\"1293\" data-end=\"1417\">\ud83e\uddf4 Nanijeti najmanje jednom dnevno na \u010distu ko\u017eu, osobito poslije tu\u0161iranja. Po potrebi mo\u017ee se nanositi i vi\u0161e puta dnevno.<\/p>\n<p data-start=\"1419\" data-end=\"1752\">\ud83d\udc86\u200d\u2640\ufe0f U slu\u010daju primjene na vlasi\u0161tu i kosi nanositi pri svakom pranju kose na \u010disto vlasi\u0161te, na na\u010din da uljem masirate vlasi\u0161te, ostavite da djeluje tri do pet minuta prije nego \u0161to ga isperete. Njime mo\u017eete i dubinski regenerirati vlasi\u0161te i kosu, ostavljaju\u0107i ga kao regenerator preko no\u0107i, a potom ga temeljito isperete ujutro.<\/p>","protected":false},"excerpt":{"rendered":"<p>ST. JOHN\u2019S WORT OIL<\/p>","protected":false},"featured_media":1065,"comment_status":"open","ping_status":"closed","template":"","meta":[],"product_brand":[],"product_cat":[50],"product_tag":[],"class_list":{"0":"post-1060","1":"product","2":"type-product","3":"status-publish","4":"has-post-thumbnail","6":"product_cat-oils-for-external-use","8":"first","9":"instock","10":"shipping-taxable","11":"purchasable","12":"product-type-simple"},"_links":{"self":[{"href":"https:\/\/bioapoteka.shop\/bs\/wp-json\/wp\/v2\/product\/1060","targetHints":{"allow":["GET"]}}],"collection":[{"href":"https:\/\/bioapoteka.shop\/bs\/wp-json\/wp\/v2\/product"}],"about":[{"href":"https:\/\/bioapoteka.shop\/bs\/wp-json\/wp\/v2\/types\/product"}],"replies":[{"embeddable":true,"href":"https:\/\/bioapoteka.shop\/bs\/wp-json\/wp\/v2\/comments?post=1060"}],"version-history":[{"count":1,"href":"https:\/\/bioapoteka.shop\/bs\/wp-json\/wp\/v2\/product\/1060\/revisions"}],"predecessor-version":[{"id":1066,"href":"https:\/\/bioapoteka.shop\/bs\/wp-json\/wp\/v2\/product\/1060\/revisions\/1066"}],"wp:featuredmedia":[{"embeddable":true,"href":"https:\/\/bioapoteka.shop\/bs\/wp-json\/wp\/v2\/media\/1065"}],"wp:attachment":[{"href":"https:\/\/bioapoteka.shop\/bs\/wp-json\/wp\/v2\/media?parent=1060"}],"wp:term":[{"taxonomy":"product_brand","embeddable":true,"href":"https:\/\/bioapoteka.shop\/bs\/wp-json\/wp\/v2\/product_brand?post=1060"},{"taxonomy":"product_cat","embeddable":true,"href":"https:\/\/bioapoteka.shop\/bs\/wp-json\/wp\/v2\/product_cat?post=1060"},{"taxonomy":"product_tag","embeddable":true,"href":"https:\/\/bioapoteka.shop\/bs\/wp-json\/wp\/v2\/product_tag?post=1060"}],"curies":[{"name":"wp","href":"https:\/\/api.w.org\/{rel}","templated":true}]}}