{"id":1067,"date":"2026-01-09T00:03:47","date_gmt":"2026-01-09T00:03:47","guid":{"rendered":"https:\/\/bioapoteka.shop\/?post_type=product&#038;p=1067"},"modified":"2026-01-09T01:07:09","modified_gmt":"2026-01-09T01:07:09","slug":"kopriva-ulje","status":"publish","type":"product","link":"https:\/\/bioapoteka.shop\/bs\/proizvod\/kopriva-ulje\/","title":{"rendered":"KOPRIVA ULJE"},"content":{"rendered":"<p data-start=\"0\" data-end=\"19\">\ud83c\udf3f <strong data-start=\"3\" data-end=\"19\">Ulje koprive<\/strong><\/p>\n<p data-start=\"21\" data-end=\"357\">\ud83d\udc86\u200d\u2642\ufe0f Ulje koprive sna\u017eno se bori protiv opadanja i gubitka kose, osobito kod mu\u0161karaca te poti\u010de ponovni rast kose stimulacijom prokrvljenosti tog podru\u010dja. Aktivni sastojci smanjuju lomljenje i stanjivanje kose uzrokovano pramenovima ili bojanjem (farba ili kana) kose, istovremeno hrane\u0107i i regeneriraju\u0107i vlasi\u0161te te folikule vlasi.<\/p>\n<p data-start=\"359\" data-end=\"503\">\ud83c\udf31 Ubla\u017eava simptome seborei\u010dne ko\u017ee, osobito vlasi\u0161ta, poput: crvenila ko\u017ee, lju\u0161tenja ko\u017ee, bjelkastih ili \u017eu\u0107kastih krasti te blagog svrbe\u017ea.<\/p>\n<p data-start=\"505\" data-end=\"660\">\u2728 Redovna primjena za rezultat ima jaku, gustu, zdravu i sjajnu kosu te podmla\u0111eno, zdravo i nahranjeno vlasi\u0161te bez osje\u0107aja masno\u0107e, perutanja i svrbe\u017ei.<\/p>\n<hr data-start=\"662\" data-end=\"665\" \/>\n<p data-start=\"667\" data-end=\"688\">\ud83e\uddf4 <strong data-start=\"670\" data-end=\"688\">Na\u010din primjene<\/strong><\/p>\n<p data-start=\"690\" data-end=\"992\">\ud83d\udebf Nanositi pri svakom pranju kose na \u010disto vlasi\u0161te, na na\u010din da uljem masirate vlasi\u0161te.<br data-start=\"780\" data-end=\"783\" \/>\u23f1\ufe0f Ostavite da djeluje tri do pet minuta prije nego \u0161to ga isperete.<br data-start=\"851\" data-end=\"854\" \/>\ud83c\udf19 Njime mo\u017eete i dubinski regenerirati vlasi\u0161te i kosu, ostavljaju\u0107i ga kao regenerator preko no\u0107i, a potom ga temeljito isperete ujutro.<\/p>","protected":false},"excerpt":{"rendered":"<p>STINGING NETTLE OIL<\/p>","protected":false},"featured_media":1072,"comment_status":"open","ping_status":"closed","template":"","meta":[],"product_brand":[],"product_cat":[50],"product_tag":[],"class_list":{"0":"post-1067","1":"product","2":"type-product","3":"status-publish","4":"has-post-thumbnail","6":"product_cat-oils-for-external-use","8":"first","9":"instock","10":"shipping-taxable","11":"purchasable","12":"product-type-simple"},"_links":{"self":[{"href":"https:\/\/bioapoteka.shop\/bs\/wp-json\/wp\/v2\/product\/1067","targetHints":{"allow":["GET"]}}],"collection":[{"href":"https:\/\/bioapoteka.shop\/bs\/wp-json\/wp\/v2\/product"}],"about":[{"href":"https:\/\/bioapoteka.shop\/bs\/wp-json\/wp\/v2\/types\/product"}],"replies":[{"embeddable":true,"href":"https:\/\/bioapoteka.shop\/bs\/wp-json\/wp\/v2\/comments?post=1067"}],"version-history":[{"count":1,"href":"https:\/\/bioapoteka.shop\/bs\/wp-json\/wp\/v2\/product\/1067\/revisions"}],"predecessor-version":[{"id":1073,"href":"https:\/\/bioapoteka.shop\/bs\/wp-json\/wp\/v2\/product\/1067\/revisions\/1073"}],"wp:featuredmedia":[{"embeddable":true,"href":"https:\/\/bioapoteka.shop\/bs\/wp-json\/wp\/v2\/media\/1072"}],"wp:attachment":[{"href":"https:\/\/bioapoteka.shop\/bs\/wp-json\/wp\/v2\/media?parent=1067"}],"wp:term":[{"taxonomy":"product_brand","embeddable":true,"href":"https:\/\/bioapoteka.shop\/bs\/wp-json\/wp\/v2\/product_brand?post=1067"},{"taxonomy":"product_cat","embeddable":true,"href":"https:\/\/bioapoteka.shop\/bs\/wp-json\/wp\/v2\/product_cat?post=1067"},{"taxonomy":"product_tag","embeddable":true,"href":"https:\/\/bioapoteka.shop\/bs\/wp-json\/wp\/v2\/product_tag?post=1067"}],"curies":[{"name":"wp","href":"https:\/\/api.w.org\/{rel}","templated":true}]}}