{"id":1074,"date":"2026-01-09T00:09:07","date_gmt":"2026-01-09T00:09:07","guid":{"rendered":"https:\/\/bioapoteka.shop\/?post_type=product&#038;p=1074"},"modified":"2026-01-10T22:25:47","modified_gmt":"2026-01-10T22:25:47","slug":"neven-ulje","status":"publish","type":"product","link":"https:\/\/bioapoteka.shop\/bs\/proizvod\/neven-ulje\/","title":{"rendered":"NEVEN ULJE"},"content":{"rendered":"<p data-start=\"0\" data-end=\"18\">\ud83c\udf3c <strong data-start=\"3\" data-end=\"18\">Ulje nevena<\/strong><\/p>\n<p data-start=\"20\" data-end=\"186\">\ud83d\udca7 Ulje nevena hidratizira i sna\u017eno poti\u010de regeneraciju stanica ko\u017ee, zbog \u010dega se preporu\u010duje kod isu\u0161ene, o\u0161te\u0107ene i grube ko\u017ee. Dobrobiti ovog ulja su mnogobrojne.<\/p>\n<p data-start=\"188\" data-end=\"406\">\ud83d\udd25 Protuupalna svojstva ubla\u017euju tegobe psorijaze, seboreje \u2013 kroni\u010dne upale ko\u017ee koju karakterizira crvenilo, lju\u0161tenje i perutanje ko\u017ee, te dermatitisa \u2013 kroni\u010dne upale ko\u017ee koju prati suho\u0107a, crvenilo i svrbe\u017e ko\u017ee.<\/p>\n<p data-start=\"408\" data-end=\"576\">\ud83e\ude79 Blagotvorno djeluje kod opeklotina, popucalih kapilara i pro\u0161irenih vena, gljivi\u010dnih infekcija ko\u017ee, hemoroida kao i kod zarastanja rana i post-operativnih o\u017eiljaka.<\/p>\n<p data-start=\"578\" data-end=\"853\">\ud83c\udfc3\u200d\u2640\ufe0f Pridonosi smanjenju osje\u0107aja boli i oticanja uslijed sportskih ozljeda poput udaraca, nagnje\u010denja i manjih posjekotina, kao i smanjenju nadra\u017eenosti ko\u017ee uzrokovane ojedom, brijanjem, depilacijom ili ujedima insekata, pra\u0107ene crvenilom ko\u017ee, svrbe\u017eom, peckanjem i boli.<\/p>\n<hr data-start=\"855\" data-end=\"858\" \/>\n<p data-start=\"860\" data-end=\"881\">\ud83e\uddf4 <strong data-start=\"863\" data-end=\"881\">Na\u010din primjene<\/strong><\/p>\n<p data-start=\"883\" data-end=\"1091\" data-is-last-node=\"\" data-is-only-node=\"\">\ud83d\udc4b Namijenjeno je za vanjsku upotrebu.<br data-start=\"921\" data-end=\"924\" \/>\ud83d\udebf Nanositi najmanje jednom dnevno na \u010distu ko\u017eu, osobito poslije tu\u0161iranja.<br data-start=\"1000\" data-end=\"1003\" \/>\ud83d\udd01 Po potrebi mo\u017ee se nanositi i vi\u0161e puta dnevno.<br data-start=\"1053\" data-end=\"1056\" \/>\ud83d\udc41\ufe0f Izbjegavati podru\u010dje oko o\u010diju.<\/p>","protected":false},"excerpt":{"rendered":"<p>POT MARIGOLD OIL<\/p>","protected":false},"featured_media":1079,"comment_status":"open","ping_status":"closed","template":"","meta":[],"product_brand":[],"product_cat":[50],"product_tag":[],"class_list":{"0":"post-1074","1":"product","2":"type-product","3":"status-publish","4":"has-post-thumbnail","6":"product_cat-oils-for-external-use","8":"first","9":"instock","10":"shipping-taxable","11":"purchasable","12":"product-type-simple"},"_links":{"self":[{"href":"https:\/\/bioapoteka.shop\/bs\/wp-json\/wp\/v2\/product\/1074","targetHints":{"allow":["GET"]}}],"collection":[{"href":"https:\/\/bioapoteka.shop\/bs\/wp-json\/wp\/v2\/product"}],"about":[{"href":"https:\/\/bioapoteka.shop\/bs\/wp-json\/wp\/v2\/types\/product"}],"replies":[{"embeddable":true,"href":"https:\/\/bioapoteka.shop\/bs\/wp-json\/wp\/v2\/comments?post=1074"}],"version-history":[{"count":1,"href":"https:\/\/bioapoteka.shop\/bs\/wp-json\/wp\/v2\/product\/1074\/revisions"}],"predecessor-version":[{"id":1080,"href":"https:\/\/bioapoteka.shop\/bs\/wp-json\/wp\/v2\/product\/1074\/revisions\/1080"}],"wp:featuredmedia":[{"embeddable":true,"href":"https:\/\/bioapoteka.shop\/bs\/wp-json\/wp\/v2\/media\/1079"}],"wp:attachment":[{"href":"https:\/\/bioapoteka.shop\/bs\/wp-json\/wp\/v2\/media?parent=1074"}],"wp:term":[{"taxonomy":"product_brand","embeddable":true,"href":"https:\/\/bioapoteka.shop\/bs\/wp-json\/wp\/v2\/product_brand?post=1074"},{"taxonomy":"product_cat","embeddable":true,"href":"https:\/\/bioapoteka.shop\/bs\/wp-json\/wp\/v2\/product_cat?post=1074"},{"taxonomy":"product_tag","embeddable":true,"href":"https:\/\/bioapoteka.shop\/bs\/wp-json\/wp\/v2\/product_tag?post=1074"}],"curies":[{"name":"wp","href":"https:\/\/api.w.org\/{rel}","templated":true}]}}