{"id":174,"date":"2023-06-12T11:15:33","date_gmt":"2023-06-12T11:15:33","guid":{"rendered":"https:\/\/dummy.xtemos.com\/woodmart2\/plants-elementor\/?post_type=product&#038;p=174"},"modified":"2026-01-10T22:29:22","modified_gmt":"2026-01-10T22:29:22","slug":"kantarion-melem","status":"publish","type":"product","link":"https:\/\/bioapoteka.shop\/bs\/proizvod\/kantarion-melem\/","title":{"rendered":"KANTARION MELEM"},"content":{"rendered":"<p data-start=\"113\" data-end=\"165\">\ud83c\udf3c <strong data-start=\"116\" data-end=\"165\">Njeguju\u0107i melem za osjetljivu i o\u0161te\u0107enu ko\u017eu<\/strong><\/p>\n<p data-start=\"167\" data-end=\"324\">Njeguju\u0107i melem namijenjen je suhoj, osjetljivoj i o\u0161te\u0107enoj ko\u017ei. Umiruje crvenilo, iritacije i svrbe\u017e te poti\u010de regeneraciju i prirodno zacjeljivanje ko\u017ee.<\/p>\n<hr data-start=\"326\" data-end=\"329\" \/>\n<p data-start=\"331\" data-end=\"356\">\ud83e\ude79 <strong data-start=\"334\" data-end=\"356\">Preporu\u010duje se kod<\/strong><\/p>\n<ul data-start=\"358\" data-end=\"572\">\n<li data-start=\"358\" data-end=\"386\">\n<p data-start=\"360\" data-end=\"386\">Opeklina <strong data-start=\"369\" data-end=\"386\">prvog stepena<\/strong><\/p>\n<\/li>\n<li data-start=\"387\" data-end=\"409\">\n<p data-start=\"389\" data-end=\"409\">Rana i posjekotina<\/p>\n<\/li>\n<li data-start=\"410\" data-end=\"421\">\n<p data-start=\"412\" data-end=\"421\">Modrica<\/p>\n<\/li>\n<li data-start=\"422\" data-end=\"441\">\n<p data-start=\"424\" data-end=\"441\">Pro\u0161irenih vena<\/p>\n<\/li>\n<li data-start=\"442\" data-end=\"476\">\n<p data-start=\"444\" data-end=\"476\">Bolova u mi\u0161i\u0107ima i zglobovima<\/p>\n<\/li>\n<li data-start=\"477\" data-end=\"501\">\n<p data-start=\"479\" data-end=\"501\">Gljivi\u010dnih infekcija<\/p>\n<\/li>\n<li data-start=\"502\" data-end=\"515\">\n<p data-start=\"504\" data-end=\"515\">Hemoroida<\/p>\n<\/li>\n<li data-start=\"516\" data-end=\"527\">\n<p data-start=\"518\" data-end=\"527\">Herpesa<\/p>\n<\/li>\n<li data-start=\"528\" data-end=\"559\">\n<p data-start=\"530\" data-end=\"559\">Iritacija intimnog podru\u010dja<\/p>\n<\/li>\n<li data-start=\"560\" data-end=\"572\">\n<p data-start=\"562\" data-end=\"572\">Dekubitusa<\/p>\n<\/li>\n<\/ul>\n<hr data-start=\"574\" data-end=\"577\" \/>\n<p data-start=\"579\" data-end=\"600\">\ud83e\uddf4 <strong data-start=\"582\" data-end=\"600\">Na\u010din upotrebe<\/strong><\/p>\n<ul data-start=\"602\" data-end=\"696\">\n<li data-start=\"602\" data-end=\"639\">\n<p data-start=\"604\" data-end=\"639\">Namijenjeno za <strong data-start=\"619\" data-end=\"639\">vanjsku upotrebu<\/strong><\/p>\n<\/li>\n<li data-start=\"640\" data-end=\"696\">\n<p data-start=\"642\" data-end=\"696\">Preporu\u010duje se za <strong data-start=\"660\" data-end=\"696\">svakodnevnu njegu i za\u0161titu ko\u017ee<\/strong><\/p>\n<\/li>\n<\/ul>\n<hr data-start=\"698\" data-end=\"701\" \/>\n<p data-start=\"703\" data-end=\"720\">\u26a0\ufe0f <strong data-start=\"706\" data-end=\"720\">Upozorenje<\/strong><\/p>\n<ul data-start=\"722\" data-end=\"800\">\n<li data-start=\"722\" data-end=\"758\">\n<p data-start=\"724\" data-end=\"758\">Izbjegavati podru\u010dje oko <strong data-start=\"749\" data-end=\"758\">o\u010diju<\/strong><\/p>\n<\/li>\n<li data-start=\"759\" data-end=\"800\">\n<p data-start=\"761\" data-end=\"800\">Izbjegavati <strong data-start=\"773\" data-end=\"800\">sun\u010danje nakon primjene<\/strong><\/p>\n<\/li>\n<\/ul>","protected":false},"excerpt":{"rendered":"<p>ST. JOHN\u2019S WORT SALVE<\/p>","protected":false},"featured_media":1085,"comment_status":"open","ping_status":"closed","template":"","meta":[],"product_brand":[],"product_cat":[49],"product_tag":[],"class_list":{"0":"post-174","1":"product","2":"type-product","3":"status-publish","4":"has-post-thumbnail","6":"product_cat-ointments","8":"first","9":"instock","10":"shipping-taxable","11":"purchasable","12":"product-type-simple"},"_links":{"self":[{"href":"https:\/\/bioapoteka.shop\/bs\/wp-json\/wp\/v2\/product\/174","targetHints":{"allow":["GET"]}}],"collection":[{"href":"https:\/\/bioapoteka.shop\/bs\/wp-json\/wp\/v2\/product"}],"about":[{"href":"https:\/\/bioapoteka.shop\/bs\/wp-json\/wp\/v2\/types\/product"}],"replies":[{"embeddable":true,"href":"https:\/\/bioapoteka.shop\/bs\/wp-json\/wp\/v2\/comments?post=174"}],"version-history":[{"count":4,"href":"https:\/\/bioapoteka.shop\/bs\/wp-json\/wp\/v2\/product\/174\/revisions"}],"predecessor-version":[{"id":1038,"href":"https:\/\/bioapoteka.shop\/bs\/wp-json\/wp\/v2\/product\/174\/revisions\/1038"}],"wp:featuredmedia":[{"embeddable":true,"href":"https:\/\/bioapoteka.shop\/bs\/wp-json\/wp\/v2\/media\/1085"}],"wp:attachment":[{"href":"https:\/\/bioapoteka.shop\/bs\/wp-json\/wp\/v2\/media?parent=174"}],"wp:term":[{"taxonomy":"product_brand","embeddable":true,"href":"https:\/\/bioapoteka.shop\/bs\/wp-json\/wp\/v2\/product_brand?post=174"},{"taxonomy":"product_cat","embeddable":true,"href":"https:\/\/bioapoteka.shop\/bs\/wp-json\/wp\/v2\/product_cat?post=174"},{"taxonomy":"product_tag","embeddable":true,"href":"https:\/\/bioapoteka.shop\/bs\/wp-json\/wp\/v2\/product_tag?post=174"}],"curies":[{"name":"wp","href":"https:\/\/api.w.org\/{rel}","templated":true}]}}