{"id":209,"date":"2023-06-12T11:34:09","date_gmt":"2023-06-12T11:34:09","guid":{"rendered":"https:\/\/dummy.xtemos.com\/woodmart2\/plants-elementor\/?post_type=product&#038;p=209"},"modified":"2026-01-10T22:30:17","modified_gmt":"2026-01-10T22:30:17","slug":"fisioflex-hladni-melem","status":"publish","type":"product","link":"https:\/\/bioapoteka.shop\/bs\/proizvod\/fisioflex-hladni-melem\/","title":{"rendered":"FISIOFLEX HLADNI MELEM"},"content":{"rendered":"<p data-start=\"144\" data-end=\"184\">\u2744\ufe0f <strong data-start=\"147\" data-end=\"184\">Melem \u2013 hla\u0111enje i brzo olak\u0161anje<\/strong><\/p>\n<p data-start=\"186\" data-end=\"358\">Melem hladi, smanjuje upalu i olak\u0161ava bolove u mi\u0161i\u0107ima, ligamentima i tetivama uzrokovane uganu\u0107ima, istegnu\u0107ima, nagnje\u010denjima, hematomima (modricama) i preoptere\u0107enjem.<\/p>\n<hr data-start=\"360\" data-end=\"363\" \/>\n<p data-start=\"365\" data-end=\"382\">\ud83c\udfc3 <strong data-start=\"368\" data-end=\"382\">Djelovanje<\/strong><\/p>\n<ul data-start=\"384\" data-end=\"599\">\n<li data-start=\"384\" data-end=\"423\">\n<p data-start=\"386\" data-end=\"423\">Djelotvoran kod <strong data-start=\"402\" data-end=\"423\">sportskih povreda<\/strong><\/p>\n<\/li>\n<li data-start=\"424\" data-end=\"455\">\n<p data-start=\"426\" data-end=\"455\">Poma\u017ee kod <strong data-start=\"437\" data-end=\"455\">upalnih stanja<\/strong><\/p>\n<\/li>\n<li data-start=\"456\" data-end=\"499\">\n<p data-start=\"458\" data-end=\"499\">Ubla\u017eava <strong data-start=\"467\" data-end=\"499\">bolove nakon fizi\u010dkog napora<\/strong><\/p>\n<\/li>\n<li data-start=\"500\" data-end=\"524\">\n<p data-start=\"502\" data-end=\"524\">Poti\u010de <strong data-start=\"509\" data-end=\"524\">cirkulaciju<\/strong><\/p>\n<\/li>\n<li data-start=\"525\" data-end=\"572\">\n<p data-start=\"527\" data-end=\"572\">Podr\u017eava <strong data-start=\"536\" data-end=\"572\">regeneraciju i elasti\u010dnost tkiva<\/strong><\/p>\n<\/li>\n<li data-start=\"573\" data-end=\"599\">\n<p data-start=\"575\" data-end=\"599\">Pru\u017ea <strong data-start=\"581\" data-end=\"599\">brzo olak\u0161anje<\/strong><\/p>\n<\/li>\n<\/ul>\n<hr data-start=\"601\" data-end=\"604\" \/>\n<p data-start=\"606\" data-end=\"627\">\ud83e\uddf4 <strong data-start=\"609\" data-end=\"627\">Na\u010din upotrebe<\/strong><\/p>\n<ul data-start=\"629\" data-end=\"763\">\n<li data-start=\"629\" data-end=\"666\">\n<p data-start=\"631\" data-end=\"666\">Namijenjeno za <strong data-start=\"646\" data-end=\"666\">vanjsku upotrebu<\/strong><\/p>\n<\/li>\n<li data-start=\"667\" data-end=\"726\">\n<p data-start=\"669\" data-end=\"726\">Nje\u017eno umasirati <strong data-start=\"686\" data-end=\"708\">2 do 3 puta dnevno<\/strong> na bolno podru\u010dje<\/p>\n<\/li>\n<li data-start=\"727\" data-end=\"763\">\n<p data-start=\"729\" data-end=\"763\">Po potrebi primijeniti i <strong data-start=\"754\" data-end=\"763\">\u010de\u0161\u0107e<\/strong><\/p>\n<\/li>\n<\/ul>\n<hr data-start=\"765\" data-end=\"768\" \/>\n<p data-start=\"770\" data-end=\"787\">\u26a0\ufe0f <strong data-start=\"773\" data-end=\"787\">Upozorenje<\/strong><\/p>\n<ul data-start=\"789\" data-end=\"853\">\n<li data-start=\"789\" data-end=\"853\">\n<p data-start=\"791\" data-end=\"853\">Izbjegavati kontakt s <strong data-start=\"813\" data-end=\"853\">o\u010dima, sluznicama i otvorenim ranama<\/strong><\/p>\n<\/li>\n<\/ul>","protected":false},"excerpt":{"rendered":"<p>FISIOFLEX COLD SALVE<\/p>","protected":false},"featured_media":1029,"comment_status":"open","ping_status":"closed","template":"","meta":[],"product_brand":[],"product_cat":[49],"product_tag":[],"class_list":{"0":"post-209","1":"product","2":"type-product","3":"status-publish","4":"has-post-thumbnail","6":"product_cat-ointments","8":"first","9":"instock","10":"shipping-taxable","11":"purchasable","12":"product-type-simple"},"_links":{"self":[{"href":"https:\/\/bioapoteka.shop\/bs\/wp-json\/wp\/v2\/product\/209","targetHints":{"allow":["GET"]}}],"collection":[{"href":"https:\/\/bioapoteka.shop\/bs\/wp-json\/wp\/v2\/product"}],"about":[{"href":"https:\/\/bioapoteka.shop\/bs\/wp-json\/wp\/v2\/types\/product"}],"replies":[{"embeddable":true,"href":"https:\/\/bioapoteka.shop\/bs\/wp-json\/wp\/v2\/comments?post=209"}],"version-history":[{"count":3,"href":"https:\/\/bioapoteka.shop\/bs\/wp-json\/wp\/v2\/product\/209\/revisions"}],"predecessor-version":[{"id":1034,"href":"https:\/\/bioapoteka.shop\/bs\/wp-json\/wp\/v2\/product\/209\/revisions\/1034"}],"wp:featuredmedia":[{"embeddable":true,"href":"https:\/\/bioapoteka.shop\/bs\/wp-json\/wp\/v2\/media\/1029"}],"wp:attachment":[{"href":"https:\/\/bioapoteka.shop\/bs\/wp-json\/wp\/v2\/media?parent=209"}],"wp:term":[{"taxonomy":"product_brand","embeddable":true,"href":"https:\/\/bioapoteka.shop\/bs\/wp-json\/wp\/v2\/product_brand?post=209"},{"taxonomy":"product_cat","embeddable":true,"href":"https:\/\/bioapoteka.shop\/bs\/wp-json\/wp\/v2\/product_cat?post=209"},{"taxonomy":"product_tag","embeddable":true,"href":"https:\/\/bioapoteka.shop\/bs\/wp-json\/wp\/v2\/product_tag?post=209"}],"curies":[{"name":"wp","href":"https:\/\/api.w.org\/{rel}","templated":true}]}}