{"id":221,"date":"2023-06-12T11:37:11","date_gmt":"2023-06-12T11:37:11","guid":{"rendered":"https:\/\/dummy.xtemos.com\/woodmart2\/plants-elementor\/?post_type=product&#038;p=221"},"modified":"2026-01-10T22:10:00","modified_gmt":"2026-01-10T22:10:00","slug":"fisioflex-topli-melem","status":"publish","type":"product","link":"https:\/\/bioapoteka.shop\/bs\/proizvod\/fisioflex-topli-melem\/","title":{"rendered":"FISIOFLEX TOPLI MELEM"},"content":{"rendered":"<p data-start=\"203\" data-end=\"236\">\ud83e\uddb4 <strong data-start=\"206\" data-end=\"236\">Melem za zglobove i mi\u0161i\u0107e<\/strong><\/p>\n<p data-start=\"238\" data-end=\"383\">Melem ubla\u017eava bolove i uko\u010denost u zglobovima uzrokovane reumatskim oboljenjima \u2013 upalnim (artritis) i degenerativnim (artroza \/ osteoartritis).<\/p>\n<hr data-start=\"385\" data-end=\"388\" \/>\n<p data-start=\"390\" data-end=\"407\">\ud83d\udd25 <strong data-start=\"393\" data-end=\"407\">Djelovanje<\/strong><\/p>\n<ul data-start=\"409\" data-end=\"644\">\n<li data-start=\"409\" data-end=\"455\">\n<p data-start=\"411\" data-end=\"455\">Djelotvoran kod <strong data-start=\"427\" data-end=\"453\">periartikularnih upala<\/strong><\/p>\n<\/li>\n<li data-start=\"456\" data-end=\"515\">\n<p data-start=\"458\" data-end=\"515\">Poma\u017ee kod <strong data-start=\"469\" data-end=\"492\">neuralgi\u010dnih bolova<\/strong>, posebno <strong data-start=\"502\" data-end=\"513\">i\u0161ijasa<\/strong><\/p>\n<\/li>\n<li data-start=\"516\" data-end=\"542\">\n<p data-start=\"518\" data-end=\"542\">Poti\u010de <strong data-start=\"525\" data-end=\"540\">cirkulaciju<\/strong><\/p>\n<\/li>\n<li data-start=\"543\" data-end=\"575\">\n<p data-start=\"545\" data-end=\"575\"><strong data-start=\"545\" data-end=\"573\">Zagrijava i opu\u0161ta tkiva<\/strong><\/p>\n<\/li>\n<li data-start=\"576\" data-end=\"644\">\n<p data-start=\"578\" data-end=\"644\">Donosi osje\u0107aj <strong data-start=\"593\" data-end=\"644\">olak\u0161anja kod uko\u010denih zglobova i bolnih mi\u0161i\u0107a<\/strong><\/p>\n<\/li>\n<\/ul>\n<hr data-start=\"646\" data-end=\"649\" \/>\n<p data-start=\"651\" data-end=\"672\">\ud83e\uddf4 <strong data-start=\"654\" data-end=\"672\">Na\u010din upotrebe<\/strong><\/p>\n<ul data-start=\"674\" data-end=\"812\">\n<li data-start=\"674\" data-end=\"713\">\n<p data-start=\"676\" data-end=\"713\">Namijenjeno za <strong data-start=\"691\" data-end=\"711\">vanjsku upotrebu<\/strong><\/p>\n<\/li>\n<li data-start=\"714\" data-end=\"775\">\n<p data-start=\"716\" data-end=\"775\">Nje\u017eno umasirati <strong data-start=\"733\" data-end=\"755\">2 do 3 puta dnevno<\/strong> na bolno podru\u010dje<\/p>\n<\/li>\n<li data-start=\"776\" data-end=\"812\">\n<p data-start=\"778\" data-end=\"812\">Po potrebi primijeniti i <strong data-start=\"803\" data-end=\"812\">\u010de\u0161\u0107e<\/strong><\/p>\n<\/li>\n<\/ul>\n<hr data-start=\"814\" data-end=\"817\" \/>\n<p data-start=\"819\" data-end=\"836\">\u26a0\ufe0f <strong data-start=\"822\" data-end=\"836\">Upozorenje<\/strong><\/p>\n<ul data-start=\"838\" data-end=\"902\">\n<li data-start=\"838\" data-end=\"902\">\n<p data-start=\"840\" data-end=\"902\">Izbjegavati kontakt s <strong data-start=\"862\" data-end=\"902\">o\u010dima, sluznicama i otvorenim ranama<\/strong><\/p>\n<\/li>\n<\/ul>","protected":false},"excerpt":{"rendered":"<p>FISIOFLEX WARM SALVE<\/p>","protected":false},"featured_media":1032,"comment_status":"open","ping_status":"closed","template":"","meta":[],"product_brand":[],"product_cat":[49],"product_tag":[],"class_list":{"0":"post-221","1":"product","2":"type-product","3":"status-publish","4":"has-post-thumbnail","6":"product_cat-ointments","8":"first","9":"instock","10":"shipping-taxable","11":"purchasable","12":"product-type-simple"},"_links":{"self":[{"href":"https:\/\/bioapoteka.shop\/bs\/wp-json\/wp\/v2\/product\/221","targetHints":{"allow":["GET"]}}],"collection":[{"href":"https:\/\/bioapoteka.shop\/bs\/wp-json\/wp\/v2\/product"}],"about":[{"href":"https:\/\/bioapoteka.shop\/bs\/wp-json\/wp\/v2\/types\/product"}],"replies":[{"embeddable":true,"href":"https:\/\/bioapoteka.shop\/bs\/wp-json\/wp\/v2\/comments?post=221"}],"version-history":[{"count":3,"href":"https:\/\/bioapoteka.shop\/bs\/wp-json\/wp\/v2\/product\/221\/revisions"}],"predecessor-version":[{"id":1031,"href":"https:\/\/bioapoteka.shop\/bs\/wp-json\/wp\/v2\/product\/221\/revisions\/1031"}],"wp:featuredmedia":[{"embeddable":true,"href":"https:\/\/bioapoteka.shop\/bs\/wp-json\/wp\/v2\/media\/1032"}],"wp:attachment":[{"href":"https:\/\/bioapoteka.shop\/bs\/wp-json\/wp\/v2\/media?parent=221"}],"wp:term":[{"taxonomy":"product_brand","embeddable":true,"href":"https:\/\/bioapoteka.shop\/bs\/wp-json\/wp\/v2\/product_brand?post=221"},{"taxonomy":"product_cat","embeddable":true,"href":"https:\/\/bioapoteka.shop\/bs\/wp-json\/wp\/v2\/product_cat?post=221"},{"taxonomy":"product_tag","embeddable":true,"href":"https:\/\/bioapoteka.shop\/bs\/wp-json\/wp\/v2\/product_tag?post=221"}],"curies":[{"name":"wp","href":"https:\/\/api.w.org\/{rel}","templated":true}]}}