{"id":233,"date":"2023-06-12T11:39:58","date_gmt":"2023-06-12T11:39:58","guid":{"rendered":"https:\/\/dummy.xtemos.com\/woodmart2\/plants-elementor\/?post_type=product&#038;p=233"},"modified":"2026-01-10T22:27:02","modified_gmt":"2026-01-10T22:27:02","slug":"djecji-melem","status":"publish","type":"product","link":"https:\/\/bioapoteka.shop\/bs\/proizvod\/djecji-melem\/","title":{"rendered":"DJE\u010cJI MELEM"},"content":{"rendered":"<p data-start=\"177\" data-end=\"214\">\ud83c\udf3c <strong data-start=\"180\" data-end=\"214\">Njeguju\u0107i melem za dje\u010dju ko\u017eu<\/strong><\/p>\n<p data-start=\"216\" data-end=\"356\">Melem nje\u017eno njeguje i \u0161titi osjetljivu dje\u010dju ko\u017eu. Ubla\u017eava bol, crvenilo, nadra\u017eenost i svrbe\u017e te poti\u010de hidrataciju i regeneraciju ko\u017ee.<\/p>\n<hr data-start=\"358\" data-end=\"361\" \/>\n<p data-start=\"363\" data-end=\"391\">\u2728 <strong data-start=\"365\" data-end=\"391\">Djelovanje i prednosti<\/strong><\/p>\n<ul data-start=\"393\" data-end=\"675\">\n<li data-start=\"393\" data-end=\"451\">\n<p data-start=\"395\" data-end=\"451\">Ubla\u017eava <strong data-start=\"404\" data-end=\"449\">manje opekotine, ogrebotine i posjekotine<\/strong><\/p>\n<\/li>\n<li data-start=\"452\" data-end=\"516\">\n<p data-start=\"454\" data-end=\"516\">Poma\u017ee kod <strong data-start=\"465\" data-end=\"514\">modrica, ujeda insekata, blagih osipa i ojeda<\/strong><\/p>\n<\/li>\n<li data-start=\"517\" data-end=\"552\">\n<p data-start=\"519\" data-end=\"552\">Pru\u017ea osje\u0107aj <strong data-start=\"533\" data-end=\"550\">ugode i njege<\/strong><\/p>\n<\/li>\n<li data-start=\"553\" data-end=\"592\">\n<p data-start=\"555\" data-end=\"592\">Djeluje kao <strong data-start=\"567\" data-end=\"590\">repelent za insekte<\/strong><\/p>\n<\/li>\n<li data-start=\"593\" data-end=\"628\">\n<p data-start=\"595\" data-end=\"628\">Ja\u010da <strong data-start=\"600\" data-end=\"626\">za\u0161titnu barijeru ko\u017ee<\/strong><\/p>\n<\/li>\n<li data-start=\"629\" data-end=\"675\">\n<p data-start=\"631\" data-end=\"675\">Odr\u017eava ko\u017eu <strong data-start=\"644\" data-end=\"675\">mekom, glatkom i elasti\u010dnom<\/strong><\/p>\n<\/li>\n<\/ul>\n<hr data-start=\"677\" data-end=\"680\" \/>\n<p data-start=\"682\" data-end=\"696\">\ud83d\udc76 <strong data-start=\"685\" data-end=\"696\">Namjena<\/strong><\/p>\n<p data-start=\"698\" data-end=\"760\">Namijenjeno za <strong data-start=\"713\" data-end=\"739\">osjetljivu dje\u010dju ko\u017eu<\/strong> i svakodnevnu njegu.<\/p>\n<hr data-start=\"762\" data-end=\"765\" \/>\n<p data-start=\"767\" data-end=\"788\">\ud83e\uddf4 <strong data-start=\"770\" data-end=\"788\">Na\u010din upotrebe<\/strong><\/p>\n<ul data-start=\"790\" data-end=\"936\">\n<li data-start=\"790\" data-end=\"840\">\n<p data-start=\"792\" data-end=\"840\">Namijenjeno isklju\u010divo za <strong data-start=\"818\" data-end=\"838\">vanjsku upotrebu<\/strong><\/p>\n<\/li>\n<li data-start=\"841\" data-end=\"899\">\n<p data-start=\"843\" data-end=\"899\">Preporu\u010duje se za <strong data-start=\"861\" data-end=\"897\">svakodnevnu njegu i za\u0161titu ko\u017ee<\/strong><\/p>\n<\/li>\n<li data-start=\"900\" data-end=\"936\">\n<p data-start=\"902\" data-end=\"936\">Izbjegavati podru\u010dje <strong data-start=\"923\" data-end=\"936\">oko o\u010diju<\/strong><\/p>\n<\/li>\n<\/ul>","protected":false},"excerpt":{"rendered":"<p>CHILDREN&#8217;S SALVE<\/p>","protected":false},"featured_media":1086,"comment_status":"open","ping_status":"closed","template":"","meta":[],"product_brand":[],"product_cat":[49],"product_tag":[],"class_list":{"0":"post-233","1":"product","2":"type-product","3":"status-publish","4":"has-post-thumbnail","6":"product_cat-ointments","8":"first","9":"instock","10":"shipping-taxable","11":"purchasable","12":"product-type-simple"},"_links":{"self":[{"href":"https:\/\/bioapoteka.shop\/bs\/wp-json\/wp\/v2\/product\/233","targetHints":{"allow":["GET"]}}],"collection":[{"href":"https:\/\/bioapoteka.shop\/bs\/wp-json\/wp\/v2\/product"}],"about":[{"href":"https:\/\/bioapoteka.shop\/bs\/wp-json\/wp\/v2\/types\/product"}],"replies":[{"embeddable":true,"href":"https:\/\/bioapoteka.shop\/bs\/wp-json\/wp\/v2\/comments?post=233"}],"version-history":[{"count":3,"href":"https:\/\/bioapoteka.shop\/bs\/wp-json\/wp\/v2\/product\/233\/revisions"}],"predecessor-version":[{"id":1028,"href":"https:\/\/bioapoteka.shop\/bs\/wp-json\/wp\/v2\/product\/233\/revisions\/1028"}],"wp:featuredmedia":[{"embeddable":true,"href":"https:\/\/bioapoteka.shop\/bs\/wp-json\/wp\/v2\/media\/1086"}],"wp:attachment":[{"href":"https:\/\/bioapoteka.shop\/bs\/wp-json\/wp\/v2\/media?parent=233"}],"wp:term":[{"taxonomy":"product_brand","embeddable":true,"href":"https:\/\/bioapoteka.shop\/bs\/wp-json\/wp\/v2\/product_brand?post=233"},{"taxonomy":"product_cat","embeddable":true,"href":"https:\/\/bioapoteka.shop\/bs\/wp-json\/wp\/v2\/product_cat?post=233"},{"taxonomy":"product_tag","embeddable":true,"href":"https:\/\/bioapoteka.shop\/bs\/wp-json\/wp\/v2\/product_tag?post=233"}],"curies":[{"name":"wp","href":"https:\/\/api.w.org\/{rel}","templated":true}]}}