{"id":246,"date":"2023-06-12T11:42:06","date_gmt":"2023-06-12T11:42:06","guid":{"rendered":"https:\/\/dummy.xtemos.com\/woodmart2\/plants-elementor\/?post_type=product&#038;p=246"},"modified":"2026-01-10T22:15:47","modified_gmt":"2026-01-10T22:15:47","slug":"vrbun-ulje","status":"publish","type":"product","link":"https:\/\/bioapoteka.shop\/bs\/proizvod\/vrbun-ulje\/","title":{"rendered":"VRBUN ULJE"},"content":{"rendered":"<p data-start=\"152\" data-end=\"187\">\ud83c\udf3f <strong data-start=\"155\" data-end=\"187\">Kori\u0161tenje ulja (Vrbun ulje)<\/strong><\/p>\n<p data-start=\"189\" data-end=\"380\">Kori\u0161tenje ulja, zbog aktivnih sastojaka, mo\u017ee pomo\u0107i osobama s upalom prostate, benignom hiperplazijom prostate te urinarnim problemima, poti\u010du\u0107i izlu\u010divanje mokra\u0107e i olak\u0161avaju\u0107i mokrenje.<\/p>\n<hr data-start=\"382\" data-end=\"385\" \/>\n<p data-start=\"387\" data-end=\"410\">\ud83e\udd44 <strong data-start=\"390\" data-end=\"410\">Preporu\u010deni unos<\/strong><\/p>\n<ul data-start=\"412\" data-end=\"565\">\n<li data-start=\"412\" data-end=\"479\">\n<p data-start=\"414\" data-end=\"479\"><strong data-start=\"414\" data-end=\"441\">Preventivno djelovanje:<\/strong><br data-start=\"441\" data-end=\"444\" \/>\ud83d\udc49 1 \u010dajna ka\u0161ika (5 ml) dnevno<\/p>\n<\/li>\n<li data-start=\"481\" data-end=\"565\">\n<p data-start=\"483\" data-end=\"565\"><strong data-start=\"483\" data-end=\"518\">Kod akutnih i kroni\u010dnih tegoba:<\/strong><br data-start=\"518\" data-end=\"521\" \/>\ud83d\udc49 2 do 3 \u010dajne ka\u0161ike (10\u201315 ml) dnevno<\/p>\n<\/li>\n<\/ul>\n<p data-start=\"567\" data-end=\"618\">\u26a0\ufe0f Preporu\u010dene dnevne doze se ne smiju prekora\u010diti.<\/p>\n<hr data-start=\"620\" data-end=\"623\" \/>\n<p data-start=\"625\" data-end=\"649\">\ud83d\udc68 <strong data-start=\"628\" data-end=\"649\">Namjena proizvoda<\/strong><\/p>\n<p data-start=\"651\" data-end=\"695\">Upotreba ulja namijenjena je <strong data-start=\"680\" data-end=\"694\">mu\u0161karcima<\/strong>.<\/p>\n<hr data-start=\"697\" data-end=\"700\" \/>\n<p data-start=\"702\" data-end=\"719\">\u26a0\ufe0f <strong data-start=\"705\" data-end=\"719\">Upozorenje<\/strong><\/p>\n<p data-start=\"721\" data-end=\"813\">Ne preporu\u010duje se osobama alergi\u010dnim na sastojke proizvoda niti osobama mla\u0111im od 18 godina.<\/p>\n<hr data-start=\"815\" data-end=\"818\" \/>\n<p data-start=\"820\" data-end=\"841\">\ud83d\udd04 <strong data-start=\"823\" data-end=\"841\">Na\u010din upotrebe<\/strong><\/p>\n<p data-start=\"843\" data-end=\"889\">Prije upotrebe protresti.<br data-start=\"868\" data-end=\"871\" \/>Mo\u017ee se koristiti:<\/p>\n<ul data-start=\"890\" data-end=\"971\">\n<li data-start=\"890\" data-end=\"904\">\n<p data-start=\"892\" data-end=\"904\">samostalno<\/p>\n<\/li>\n<li data-start=\"905\" data-end=\"927\">\n<p data-start=\"907\" data-end=\"927\">pomije\u0161ano s medom<\/p>\n<\/li>\n<li data-start=\"928\" data-end=\"971\">\n<p data-start=\"930\" data-end=\"971\">kao dodatak u smoothie, jogurt i sli\u010dno<\/p>\n<\/li>\n<\/ul>\n<hr data-start=\"973\" data-end=\"976\" \/>\n<p data-start=\"978\" data-end=\"993\">\u2139\ufe0f <strong data-start=\"981\" data-end=\"993\">Napomena<\/strong><\/p>\n<p data-start=\"995\" data-end=\"1042\">Suplement nije zamjena za uravnote\u017eenu ishranu.<\/p>","protected":false},"excerpt":{"rendered":"<p>VRBUN OIL<\/p>\n<p>250ml<\/p>","protected":false},"featured_media":1022,"comment_status":"open","ping_status":"closed","template":"","meta":[],"product_brand":[],"product_cat":[48],"product_tag":[],"class_list":{"0":"post-246","1":"product","2":"type-product","3":"status-publish","4":"has-post-thumbnail","6":"product_cat-edible-macerates","8":"first","9":"instock","10":"shipping-taxable","11":"purchasable","12":"product-type-simple"},"_links":{"self":[{"href":"https:\/\/bioapoteka.shop\/bs\/wp-json\/wp\/v2\/product\/246","targetHints":{"allow":["GET"]}}],"collection":[{"href":"https:\/\/bioapoteka.shop\/bs\/wp-json\/wp\/v2\/product"}],"about":[{"href":"https:\/\/bioapoteka.shop\/bs\/wp-json\/wp\/v2\/types\/product"}],"replies":[{"embeddable":true,"href":"https:\/\/bioapoteka.shop\/bs\/wp-json\/wp\/v2\/comments?post=246"}],"version-history":[{"count":4,"href":"https:\/\/bioapoteka.shop\/bs\/wp-json\/wp\/v2\/product\/246\/revisions"}],"predecessor-version":[{"id":1188,"href":"https:\/\/bioapoteka.shop\/bs\/wp-json\/wp\/v2\/product\/246\/revisions\/1188"}],"wp:featuredmedia":[{"embeddable":true,"href":"https:\/\/bioapoteka.shop\/bs\/wp-json\/wp\/v2\/media\/1022"}],"wp:attachment":[{"href":"https:\/\/bioapoteka.shop\/bs\/wp-json\/wp\/v2\/media?parent=246"}],"wp:term":[{"taxonomy":"product_brand","embeddable":true,"href":"https:\/\/bioapoteka.shop\/bs\/wp-json\/wp\/v2\/product_brand?post=246"},{"taxonomy":"product_cat","embeddable":true,"href":"https:\/\/bioapoteka.shop\/bs\/wp-json\/wp\/v2\/product_cat?post=246"},{"taxonomy":"product_tag","embeddable":true,"href":"https:\/\/bioapoteka.shop\/bs\/wp-json\/wp\/v2\/product_tag?post=246"}],"curies":[{"name":"wp","href":"https:\/\/api.w.org\/{rel}","templated":true}]}}