{"id":258,"date":"2023-06-12T11:45:31","date_gmt":"2023-06-12T11:45:31","guid":{"rendered":"https:\/\/dummy.xtemos.com\/woodmart2\/plants-elementor\/?post_type=product&#038;p=258"},"modified":"2026-01-10T22:17:19","modified_gmt":"2026-01-10T22:17:19","slug":"oregano-ulje","status":"publish","type":"product","link":"https:\/\/bioapoteka.shop\/bs\/proizvod\/oregano-ulje\/","title":{"rendered":"OREGANO ULJE"},"content":{"rendered":"<p data-start=\"184\" data-end=\"221\">\ud83c\udf3f <strong data-start=\"187\" data-end=\"221\">Kori\u0161tenje ulja (Oregano ulje)<\/strong><\/p>\n<p data-start=\"223\" data-end=\"332\">Kori\u0161tenje ulja, zbog aktivnih sastojaka, mo\u017ee pomo\u0107i kod upale sinusa, prehlade, viroze, gripe te grlobolje.<\/p>\n<hr data-start=\"334\" data-end=\"337\" \/>\n<p data-start=\"339\" data-end=\"362\">\ud83e\udd44 <strong data-start=\"342\" data-end=\"362\">Preporu\u010deni unos<\/strong><\/p>\n<ul data-start=\"364\" data-end=\"505\">\n<li data-start=\"364\" data-end=\"431\">\n<p data-start=\"366\" data-end=\"431\"><strong data-start=\"366\" data-end=\"393\">Preventivno djelovanje:<\/strong><br data-start=\"393\" data-end=\"396\" \/>\ud83d\udc49 1 \u010dajna ka\u0161ika (5 ml) dnevno<\/p>\n<\/li>\n<li data-start=\"433\" data-end=\"505\">\n<p data-start=\"435\" data-end=\"505\"><strong data-start=\"435\" data-end=\"458\">Kod akutnih tegoba:<\/strong><br data-start=\"458\" data-end=\"461\" \/>\ud83d\udc49 2 do 3 \u010dajne ka\u0161ike (10\u201315 ml) dnevno<\/p>\n<\/li>\n<\/ul>\n<p data-start=\"507\" data-end=\"558\">\u26a0\ufe0f Preporu\u010dene dnevne doze se ne smiju prekora\u010diti.<\/p>\n<hr data-start=\"560\" data-end=\"563\" \/>\n<p data-start=\"565\" data-end=\"602\">\ud83d\udc65 <strong data-start=\"568\" data-end=\"602\">Za koga je proizvod namijenjen<\/strong><\/p>\n<p data-start=\"604\" data-end=\"692\">Pogodno je za sve kategorije potro\u0161a\u010da, <strong data-start=\"644\" data-end=\"691\">osim osoba alergi\u010dnih na sastojke proizvoda<\/strong>.<\/p>\n<hr data-start=\"694\" data-end=\"697\" \/>\n<p data-start=\"699\" data-end=\"720\">\ud83d\udd04 <strong data-start=\"702\" data-end=\"720\">Na\u010din upotrebe<\/strong><\/p>\n<p data-start=\"722\" data-end=\"768\">Prije upotrebe protresti.<br data-start=\"747\" data-end=\"750\" \/>Mo\u017ee se koristiti:<\/p>\n<ul data-start=\"769\" data-end=\"850\">\n<li data-start=\"769\" data-end=\"783\">\n<p data-start=\"771\" data-end=\"783\">samostalno<\/p>\n<\/li>\n<li data-start=\"784\" data-end=\"806\">\n<p data-start=\"786\" data-end=\"806\">pomije\u0161ano s medom<\/p>\n<\/li>\n<li data-start=\"807\" data-end=\"850\">\n<p data-start=\"809\" data-end=\"850\">kao dodatak u smoothie, jogurt i sli\u010dno<\/p>\n<\/li>\n<\/ul>\n<hr data-start=\"852\" data-end=\"855\" \/>\n<p data-start=\"857\" data-end=\"872\">\u2139\ufe0f <strong data-start=\"860\" data-end=\"872\">Napomena<\/strong><\/p>\n<p data-start=\"874\" data-end=\"921\">Suplement nije zamjena za uravnote\u017eenu ishranu.<\/p>","protected":false},"excerpt":{"rendered":"<p>OREGANO OIL<\/p>","protected":false},"featured_media":1019,"comment_status":"open","ping_status":"closed","template":"","meta":[],"product_brand":[],"product_cat":[48],"product_tag":[],"class_list":{"0":"post-258","1":"product","2":"type-product","3":"status-publish","4":"has-post-thumbnail","6":"product_cat-edible-macerates","8":"first","9":"instock","10":"featured","11":"shipping-taxable","12":"purchasable","13":"product-type-simple"},"_links":{"self":[{"href":"https:\/\/bioapoteka.shop\/bs\/wp-json\/wp\/v2\/product\/258","targetHints":{"allow":["GET"]}}],"collection":[{"href":"https:\/\/bioapoteka.shop\/bs\/wp-json\/wp\/v2\/product"}],"about":[{"href":"https:\/\/bioapoteka.shop\/bs\/wp-json\/wp\/v2\/types\/product"}],"replies":[{"embeddable":true,"href":"https:\/\/bioapoteka.shop\/bs\/wp-json\/wp\/v2\/comments?post=258"}],"version-history":[{"count":3,"href":"https:\/\/bioapoteka.shop\/bs\/wp-json\/wp\/v2\/product\/258\/revisions"}],"predecessor-version":[{"id":1020,"href":"https:\/\/bioapoteka.shop\/bs\/wp-json\/wp\/v2\/product\/258\/revisions\/1020"}],"wp:featuredmedia":[{"embeddable":true,"href":"https:\/\/bioapoteka.shop\/bs\/wp-json\/wp\/v2\/media\/1019"}],"wp:attachment":[{"href":"https:\/\/bioapoteka.shop\/bs\/wp-json\/wp\/v2\/media?parent=258"}],"wp:term":[{"taxonomy":"product_brand","embeddable":true,"href":"https:\/\/bioapoteka.shop\/bs\/wp-json\/wp\/v2\/product_brand?post=258"},{"taxonomy":"product_cat","embeddable":true,"href":"https:\/\/bioapoteka.shop\/bs\/wp-json\/wp\/v2\/product_cat?post=258"},{"taxonomy":"product_tag","embeddable":true,"href":"https:\/\/bioapoteka.shop\/bs\/wp-json\/wp\/v2\/product_tag?post=258"}],"curies":[{"name":"wp","href":"https:\/\/api.w.org\/{rel}","templated":true}]}}