{"id":272,"date":"2023-06-12T11:48:59","date_gmt":"2023-06-12T11:48:59","guid":{"rendered":"https:\/\/dummy.xtemos.com\/woodmart2\/plants-elementor\/?post_type=product&#038;p=272"},"modified":"2026-01-10T22:16:25","modified_gmt":"2026-01-10T22:16:25","slug":"flavonikim-ulje","status":"publish","type":"product","link":"https:\/\/bioapoteka.shop\/bs\/proizvod\/flavonikim-ulje\/","title":{"rendered":"FLAVONIKIM ULJE"},"content":{"rendered":"<p data-start=\"168\" data-end=\"190\">\ud83c\udf38 <strong data-start=\"171\" data-end=\"190\">Kori\u0161tenje ulja<\/strong><\/p>\n<p data-start=\"192\" data-end=\"410\">Kori\u0161tenje ulja, zbog aktivnih sastojaka, mo\u017ee pomo\u0107i ubla\u017eavanju simptoma predmenstrualnog sindroma, menopauze i klimakterija kao \u0161to su valunge, no\u0107no znojenje, nagle promjene raspolo\u017eenja, nesanica i smanjen libido.<\/p>\n<hr data-start=\"412\" data-end=\"415\" \/>\n<p data-start=\"417\" data-end=\"440\">\ud83e\udd44 <strong data-start=\"420\" data-end=\"440\">Preporu\u010deni unos<\/strong><\/p>\n<p data-start=\"442\" data-end=\"662\">Preporu\u010deni unos Flavonikim ulja kod bla\u017eih simptoma je jedna \u010dajna ka\u0161ika (5 ml) dnevno, dok se ja\u010dih simptoma preporu\u010duju dvije do tri \u010dajne ka\u0161ike (10 do 15 ml) dnevno. Preporu\u010dene dnevne doze se ne smiju prekora\u010diti.<\/p>\n<hr data-start=\"664\" data-end=\"667\" \/>\n<p data-start=\"669\" data-end=\"690\">\u26a0\ufe0f <strong data-start=\"672\" data-end=\"690\">Va\u017ene napomene<\/strong><\/p>\n<p data-start=\"692\" data-end=\"843\">Upotreba ulja namijenjena je \u017eenama.<br data-start=\"728\" data-end=\"731\" \/>Ne preporu\u010duje se osobama alergi\u010dnim na sastojke proizvoda, trudnicama, dojiljama i osobama mla\u0111im od 18 godina.<\/p>\n<hr data-start=\"845\" data-end=\"848\" \/>\n<p data-start=\"850\" data-end=\"871\">\ud83d\udd04 <strong data-start=\"853\" data-end=\"871\">Na\u010din upotrebe<\/strong><\/p>\n<p data-start=\"873\" data-end=\"992\">Prije upotrebe protresti. Mo\u017ee se koristiti samostalno, pomije\u0161ano s medom ili kao dodatak u smoothie, jogurt i sli\u010dno.<\/p>\n<hr data-start=\"994\" data-end=\"997\" \/>\n<p data-start=\"999\" data-end=\"1014\">\u2139\ufe0f <strong data-start=\"1002\" data-end=\"1014\">Napomena<\/strong><\/p>\n<p data-start=\"1016\" data-end=\"1063\">Suplement nije zamjena za uravnote\u017eenu ishranu.<\/p>","protected":false},"excerpt":{"rendered":"<p>FLAVONIKIM OIL<\/p>","protected":false},"featured_media":1016,"comment_status":"open","ping_status":"closed","template":"","meta":[],"product_brand":[],"product_cat":[48],"product_tag":[],"class_list":{"0":"post-272","1":"product","2":"type-product","3":"status-publish","4":"has-post-thumbnail","6":"product_cat-edible-macerates","8":"first","9":"instock","10":"shipping-taxable","11":"purchasable","12":"product-type-simple"},"_links":{"self":[{"href":"https:\/\/bioapoteka.shop\/bs\/wp-json\/wp\/v2\/product\/272","targetHints":{"allow":["GET"]}}],"collection":[{"href":"https:\/\/bioapoteka.shop\/bs\/wp-json\/wp\/v2\/product"}],"about":[{"href":"https:\/\/bioapoteka.shop\/bs\/wp-json\/wp\/v2\/types\/product"}],"replies":[{"embeddable":true,"href":"https:\/\/bioapoteka.shop\/bs\/wp-json\/wp\/v2\/comments?post=272"}],"version-history":[{"count":3,"href":"https:\/\/bioapoteka.shop\/bs\/wp-json\/wp\/v2\/product\/272\/revisions"}],"predecessor-version":[{"id":1017,"href":"https:\/\/bioapoteka.shop\/bs\/wp-json\/wp\/v2\/product\/272\/revisions\/1017"}],"wp:featuredmedia":[{"embeddable":true,"href":"https:\/\/bioapoteka.shop\/bs\/wp-json\/wp\/v2\/media\/1016"}],"wp:attachment":[{"href":"https:\/\/bioapoteka.shop\/bs\/wp-json\/wp\/v2\/media?parent=272"}],"wp:term":[{"taxonomy":"product_brand","embeddable":true,"href":"https:\/\/bioapoteka.shop\/bs\/wp-json\/wp\/v2\/product_brand?post=272"},{"taxonomy":"product_cat","embeddable":true,"href":"https:\/\/bioapoteka.shop\/bs\/wp-json\/wp\/v2\/product_cat?post=272"},{"taxonomy":"product_tag","embeddable":true,"href":"https:\/\/bioapoteka.shop\/bs\/wp-json\/wp\/v2\/product_tag?post=272"}],"curies":[{"name":"wp","href":"https:\/\/api.w.org\/{rel}","templated":true}]}}