{"id":284,"date":"2023-06-12T11:51:28","date_gmt":"2023-06-12T11:51:28","guid":{"rendered":"https:\/\/dummy.xtemos.com\/woodmart2\/plants-elementor\/?post_type=product&#038;p=284"},"modified":"2026-01-10T22:15:11","modified_gmt":"2026-01-10T22:15:11","slug":"djevicansko-ulje-lana","status":"publish","type":"product","link":"https:\/\/bioapoteka.shop\/bs\/proizvod\/djevicansko-ulje-lana\/","title":{"rendered":"DJEVI\u010cANSKO ULJE LANA"},"content":{"rendered":"<p data-start=\"209\" data-end=\"516\">\ud83c\udf3f Ulje je dobijeno isklju\u010divo mehani\u010dkim putem od svje\u017eih sjemenki bez upotrebe topline, hemijskih otapala ili drugih dodataka. Sadr\u017ei visok udio nezasi\u0107enih masnih kiselina (ALA Omega-3). Unos djevi\u010danskog ulja lana na dnevnoj bazi preporu\u010duje se u iznosu od jedne ka\u0161ike (15 ml) po 50 kg tjelesne te\u017eine.<\/p>\n<hr data-start=\"518\" data-end=\"521\" \/>\n<p data-start=\"523\" data-end=\"768\">\ud83e\udd44 Prije upotrebe protresti. Idealno je za hladne recepte kao preljev na salate od povr\u0107a ili tjestenine, pripremu umaka, namaza, dodatak u smoothie, jogurt i sli\u010dno. Mo\u017ee se koristiti samostalno ili kao dodatak toplim jelima, ali nakon kuhanja.<\/p>\n<hr data-start=\"770\" data-end=\"773\" \/>\n<p data-start=\"775\" data-end=\"1211\">\ud83d\udcda Nova nau\u010dna istra\u017eivanja pokazuju da redovna konzumacija djevi\u010danskog ulja lana smanjuje rizik od kardiovaskularnih bolesti, poma\u017ee kod depresije, ubla\u017eava tegobe kod artritisa i osteoporoze, optimizira povi\u0161ene razine triglicerida, pove\u0107ava proizvodnju energije u tijelu i ubla\u017eava osje\u0107aj kroni\u010dnog umora, ubla\u017eava iritacije i suho\u0107u ko\u017ee, poma\u017ee kod bola u zglobovima i uko\u010denosti te ubrzava metabolizam i olak\u0161ava gubitak te\u017eine.<\/p>","protected":false},"excerpt":{"rendered":"<p>VIRGIN LINSEED OIL<\/p>\n<p>250ml<\/p>","protected":false},"featured_media":999,"comment_status":"open","ping_status":"closed","template":"","meta":[],"product_brand":[],"product_cat":[47],"product_tag":[],"class_list":{"0":"post-284","1":"product","2":"type-product","3":"status-publish","4":"has-post-thumbnail","6":"product_cat-cold-pressed","8":"first","9":"instock","10":"shipping-taxable","11":"purchasable","12":"product-type-simple"},"_links":{"self":[{"href":"https:\/\/bioapoteka.shop\/bs\/wp-json\/wp\/v2\/product\/284","targetHints":{"allow":["GET"]}}],"collection":[{"href":"https:\/\/bioapoteka.shop\/bs\/wp-json\/wp\/v2\/product"}],"about":[{"href":"https:\/\/bioapoteka.shop\/bs\/wp-json\/wp\/v2\/types\/product"}],"replies":[{"embeddable":true,"href":"https:\/\/bioapoteka.shop\/bs\/wp-json\/wp\/v2\/comments?post=284"}],"version-history":[{"count":4,"href":"https:\/\/bioapoteka.shop\/bs\/wp-json\/wp\/v2\/product\/284\/revisions"}],"predecessor-version":[{"id":1187,"href":"https:\/\/bioapoteka.shop\/bs\/wp-json\/wp\/v2\/product\/284\/revisions\/1187"}],"wp:featuredmedia":[{"embeddable":true,"href":"https:\/\/bioapoteka.shop\/bs\/wp-json\/wp\/v2\/media\/999"}],"wp:attachment":[{"href":"https:\/\/bioapoteka.shop\/bs\/wp-json\/wp\/v2\/media?parent=284"}],"wp:term":[{"taxonomy":"product_brand","embeddable":true,"href":"https:\/\/bioapoteka.shop\/bs\/wp-json\/wp\/v2\/product_brand?post=284"},{"taxonomy":"product_cat","embeddable":true,"href":"https:\/\/bioapoteka.shop\/bs\/wp-json\/wp\/v2\/product_cat?post=284"},{"taxonomy":"product_tag","embeddable":true,"href":"https:\/\/bioapoteka.shop\/bs\/wp-json\/wp\/v2\/product_tag?post=284"}],"curies":[{"name":"wp","href":"https:\/\/api.w.org\/{rel}","templated":true}]}}