{"id":292,"date":"2023-06-12T11:53:34","date_gmt":"2023-06-12T11:53:34","guid":{"rendered":"https:\/\/dummy.xtemos.com\/woodmart2\/plants-elementor\/?post_type=product&#038;p=292"},"modified":"2026-01-10T22:20:49","modified_gmt":"2026-01-10T22:20:49","slug":"djevicansko-ulje-bundeve","status":"publish","type":"product","link":"https:\/\/bioapoteka.shop\/bs\/proizvod\/djevicansko-ulje-bundeve\/","title":{"rendered":"DJEVI\u010cANSKO ULJE BUNDEVE"},"content":{"rendered":"<p data-start=\"209\" data-end=\"633\">\ud83c\udf3f Ulje je dobijeno isklju\u010divo mehani\u010dkim putem od svje\u017eih sjemenki bez upotrebe topline, hemijskih otapala ili drugih dodataka. Stoga je ne\u0161to svjetlije, zelenkasto-crvene boje, vrlo nje\u017enog mirisa i okusa sli\u010dnog sirovim sjemenkama bundeve. Sadr\u017ei visok udio nezasi\u0107enih masnih kiselina (ALA Omega-3). Unos djevi\u010danskog ulja bundeve na dnevnoj bazi preporu\u010duje se u iznosu od jedne ka\u0161ike (15 ml) po 50 kg tjelesne te\u017eine.<\/p>\n<hr data-start=\"635\" data-end=\"638\" \/>\n<p data-start=\"640\" data-end=\"885\">\ud83e\udd44 Prije upotrebe protresti. Idealno je za hladne recepte kao preljev na salate od povr\u0107a ili tjestenine, pripremu umaka, namaza, dodatak u smoothie, jogurt i sli\u010dno. Mo\u017ee se koristiti samostalno ili kao dodatak toplim jelima, ali nakon kuhanja.<\/p>\n<hr data-start=\"887\" data-end=\"890\" \/>\n<p data-start=\"892\" data-end=\"1351\">\ud83d\udcda Nova nau\u010dna istra\u017eivanja pokazuju da redovna konzumacija djevi\u010danskog ulja bundeve podr\u017eava zdravlje urinarnog trakta, osobito kod pretjerano aktivnog mjehura, osna\u017euje zdravlje prostate i pobolj\u0161ava spermatogenezu (mu\u0161ku plodnost), pobolj\u0161ava zdravlje srca, djeluje antioksidativno \u0161to poti\u010de regeneraciju i za\u0161titu jetre, poti\u010de zdravlje kostiju, poma\u017ee kod kroni\u010dne nesanice i anksioznosti, ja\u010da imunitet i pospje\u0161uje gubitak te\u017eine regulacijom probave.<\/p>","protected":false},"excerpt":{"rendered":"<p>VIRGIN PUMPKIN SEED OIL<\/p>","protected":false},"featured_media":995,"comment_status":"open","ping_status":"closed","template":"","meta":[],"product_brand":[],"product_cat":[47],"product_tag":[],"class_list":{"0":"post-292","1":"product","2":"type-product","3":"status-publish","4":"has-post-thumbnail","6":"product_cat-cold-pressed","8":"first","9":"instock","10":"shipping-taxable","11":"purchasable","12":"product-type-variable"},"_links":{"self":[{"href":"https:\/\/bioapoteka.shop\/bs\/wp-json\/wp\/v2\/product\/292","targetHints":{"allow":["GET"]}}],"collection":[{"href":"https:\/\/bioapoteka.shop\/bs\/wp-json\/wp\/v2\/product"}],"about":[{"href":"https:\/\/bioapoteka.shop\/bs\/wp-json\/wp\/v2\/types\/product"}],"replies":[{"embeddable":true,"href":"https:\/\/bioapoteka.shop\/bs\/wp-json\/wp\/v2\/comments?post=292"}],"version-history":[{"count":3,"href":"https:\/\/bioapoteka.shop\/bs\/wp-json\/wp\/v2\/product\/292\/revisions"}],"predecessor-version":[{"id":997,"href":"https:\/\/bioapoteka.shop\/bs\/wp-json\/wp\/v2\/product\/292\/revisions\/997"}],"wp:featuredmedia":[{"embeddable":true,"href":"https:\/\/bioapoteka.shop\/bs\/wp-json\/wp\/v2\/media\/995"}],"wp:attachment":[{"href":"https:\/\/bioapoteka.shop\/bs\/wp-json\/wp\/v2\/media?parent=292"}],"wp:term":[{"taxonomy":"product_brand","embeddable":true,"href":"https:\/\/bioapoteka.shop\/bs\/wp-json\/wp\/v2\/product_brand?post=292"},{"taxonomy":"product_cat","embeddable":true,"href":"https:\/\/bioapoteka.shop\/bs\/wp-json\/wp\/v2\/product_cat?post=292"},{"taxonomy":"product_tag","embeddable":true,"href":"https:\/\/bioapoteka.shop\/bs\/wp-json\/wp\/v2\/product_tag?post=292"}],"curies":[{"name":"wp","href":"https:\/\/api.w.org\/{rel}","templated":true}]}}