{"id":302,"date":"2023-06-12T12:06:35","date_gmt":"2023-06-12T12:06:35","guid":{"rendered":"https:\/\/dummy.xtemos.com\/woodmart2\/plants-elementor\/?post_type=product&#038;p=302"},"modified":"2026-01-10T22:13:18","modified_gmt":"2026-01-10T22:13:18","slug":"djevicansko-ulje-curekota","status":"publish","type":"product","link":"https:\/\/bioapoteka.shop\/bs\/proizvod\/djevicansko-ulje-curekota\/","title":{"rendered":"DJEVI\u010cANSKO ULJE \u010cUREKOTA"},"content":{"rendered":"<p data-start=\"209\" data-end=\"477\">\ud83c\udf3f Ulje je dobijeno isklju\u010divo mehani\u010dkim putem od svje\u017eih sjemenki bez upotrebe topline, hemijskih otapala ili drugih dodataka. Sadr\u017ei timokinon. Unos djevi\u010danskog ulja \u0107urekota na dnevnoj bazi preporu\u010duje se u iznosu od jedne ka\u0161ike (15 ml) po 50 kg tjelesne te\u017eine.<\/p>\n<hr data-start=\"479\" data-end=\"482\" \/>\n<p data-start=\"484\" data-end=\"704\">\ud83e\udd44 Prije upotrebe protresti. Idealno je za hladne recepte kao preljeve na salate od povr\u0107a ili tjestenine, pripremu umaka, namaza, dodatak u smoothie, jogurt i sli\u010dno. Mo\u017ee se koristiti samostalno ili pomije\u0161ano s medom.<\/p>\n<hr data-start=\"706\" data-end=\"709\" \/>\n<p data-start=\"711\" data-end=\"1528\">\ud83d\udcda Nova nau\u010dna istra\u017eivanja pokazuju da redovna konzumacija djevi\u010danskog ulja \u0107urekota stimulira imunitet, podi\u017ee nivo energije, ubla\u017eava simptome alergijskog rinitisa, bronhitisa i astme, poma\u017ee kod tonzilofaringitisa (akutne infekcija \u017edrijela, nep\u010dane tonzile, ili oboje), pobolj\u0161ava kognitivne funkcije: pam\u0107enje, pa\u017enju, percepciju okoline i obradu primljenih informacija, u\u010denje te logi\u010dko zaklju\u010divanje, pobolj\u0161ava funkciju jetre, ubla\u017eava tegobe kod reumatoidnog artritisa, poma\u017ee u odr\u017eavanju zdravih razina hormona kod \u017eena, ubla\u017eava simptome celijaklije, uti\u010de na normalizaciju nivoa Helicobacter pylori, smanjuje tjelesnu te\u017einu kod pretilih osoba te poma\u017ee kod dislipidemije (stanje povi\u0161ene vrijednosti plazmatskog kolesterola i\/ili triglicerida ili niske plazmatske koncentracije HDL-a) i hipertenzije.<\/p>","protected":false},"excerpt":{"rendered":"<p>VIRGIN BLACK SEED OIL<\/p>","protected":false},"featured_media":989,"comment_status":"open","ping_status":"closed","template":"","meta":[],"product_brand":[],"product_cat":[47],"product_tag":[],"class_list":{"0":"post-302","1":"product","2":"type-product","3":"status-publish","4":"has-post-thumbnail","6":"product_cat-cold-pressed","8":"first","9":"instock","10":"shipping-taxable","11":"purchasable","12":"product-type-variable"},"_links":{"self":[{"href":"https:\/\/bioapoteka.shop\/bs\/wp-json\/wp\/v2\/product\/302","targetHints":{"allow":["GET"]}}],"collection":[{"href":"https:\/\/bioapoteka.shop\/bs\/wp-json\/wp\/v2\/product"}],"about":[{"href":"https:\/\/bioapoteka.shop\/bs\/wp-json\/wp\/v2\/types\/product"}],"replies":[{"embeddable":true,"href":"https:\/\/bioapoteka.shop\/bs\/wp-json\/wp\/v2\/comments?post=302"}],"version-history":[{"count":2,"href":"https:\/\/bioapoteka.shop\/bs\/wp-json\/wp\/v2\/product\/302\/revisions"}],"predecessor-version":[{"id":990,"href":"https:\/\/bioapoteka.shop\/bs\/wp-json\/wp\/v2\/product\/302\/revisions\/990"}],"wp:featuredmedia":[{"embeddable":true,"href":"https:\/\/bioapoteka.shop\/bs\/wp-json\/wp\/v2\/media\/989"}],"wp:attachment":[{"href":"https:\/\/bioapoteka.shop\/bs\/wp-json\/wp\/v2\/media?parent=302"}],"wp:term":[{"taxonomy":"product_brand","embeddable":true,"href":"https:\/\/bioapoteka.shop\/bs\/wp-json\/wp\/v2\/product_brand?post=302"},{"taxonomy":"product_cat","embeddable":true,"href":"https:\/\/bioapoteka.shop\/bs\/wp-json\/wp\/v2\/product_cat?post=302"},{"taxonomy":"product_tag","embeddable":true,"href":"https:\/\/bioapoteka.shop\/bs\/wp-json\/wp\/v2\/product_tag?post=302"}],"curies":[{"name":"wp","href":"https:\/\/api.w.org\/{rel}","templated":true}]}}