{"id":309,"date":"2023-06-12T12:08:38","date_gmt":"2023-06-12T12:08:38","guid":{"rendered":"https:\/\/dummy.xtemos.com\/woodmart2\/plants-elementor\/?post_type=product&#038;p=309"},"modified":"2026-01-10T22:10:12","modified_gmt":"2026-01-10T22:10:12","slug":"venol-biljne-kapi","status":"publish","type":"product","link":"https:\/\/bioapoteka.shop\/bs\/proizvod\/venol-biljne-kapi\/","title":{"rendered":"VENOL BILJNE KAPI"},"content":{"rendered":"<p data-start=\"211\" data-end=\"699\">\ud83c\udf3f Kori\u0161tenje biljnih kapi mo\u017ee olak\u0161ati tegobe kod kroni\u010dne venske insuficijencije, kroni\u010dnih venskih bolesti i poreme\u0107aja venske cirkulacije, kao \u0161to su pro\u0161irene vene, ote\u010dene noge, osje\u0107aj nelagode, te\u017eine i umora u nogama, boli, svrbe\u017ei, napetosti i gr\u010deva u listovima te nedovoljna periferna cirkulacija. Istovremeno mogu ubla\u017eiti simptome kod rozaceje \u2013 crvenila ko\u017ee sa izra\u017eenim kapilarima na sredi\u0161njim dijelovima lica kao i znakove modrica, kao \u0161to su lokalni edemi i hematomi.<\/p>\n<hr data-start=\"701\" data-end=\"704\" \/>\n<p data-start=\"706\" data-end=\"794\">\ud83d\udca7 Koristiti pomije\u0161ano s minimalnim 50 ml teku\u0107ine (\u010daj, sok sam sli\u010dno), na sljede\u0107i na\u010din:<\/p>","protected":false},"excerpt":{"rendered":"<p>VENOL HERBAL DROPS<\/p>\n<p data-start=\"801\" data-end=\"852\">\ud83d\udd52 <strong data-start=\"804\" data-end=\"830\">15 kapi, 2 puta izlo\u017ebi<\/strong><br data-start=\"830\" data-end=\"833\" \/>kod bla\u017eih tegoba<\/p>\n<p data-start=\"854\" data-end=\"904\">\ud83d\udd52 <strong data-start=\"857\" data-end=\"883\">20 kapi, 3 puta dnevno<\/strong><br data-start=\"883\" data-end=\"886\" \/>kod te\u017eih tegoba<\/p>","protected":false},"featured_media":986,"comment_status":"open","ping_status":"closed","template":"","meta":[],"product_brand":[],"product_cat":[46],"product_tag":[],"class_list":{"0":"post-309","1":"product","2":"type-product","3":"status-publish","4":"has-post-thumbnail","6":"product_cat-herbal-drops","8":"first","9":"instock","10":"featured","11":"shipping-taxable","12":"purchasable","13":"product-type-simple"},"_links":{"self":[{"href":"https:\/\/bioapoteka.shop\/bs\/wp-json\/wp\/v2\/product\/309","targetHints":{"allow":["GET"]}}],"collection":[{"href":"https:\/\/bioapoteka.shop\/bs\/wp-json\/wp\/v2\/product"}],"about":[{"href":"https:\/\/bioapoteka.shop\/bs\/wp-json\/wp\/v2\/types\/product"}],"replies":[{"embeddable":true,"href":"https:\/\/bioapoteka.shop\/bs\/wp-json\/wp\/v2\/comments?post=309"}],"version-history":[{"count":3,"href":"https:\/\/bioapoteka.shop\/bs\/wp-json\/wp\/v2\/product\/309\/revisions"}],"predecessor-version":[{"id":987,"href":"https:\/\/bioapoteka.shop\/bs\/wp-json\/wp\/v2\/product\/309\/revisions\/987"}],"wp:featuredmedia":[{"embeddable":true,"href":"https:\/\/bioapoteka.shop\/bs\/wp-json\/wp\/v2\/media\/986"}],"wp:attachment":[{"href":"https:\/\/bioapoteka.shop\/bs\/wp-json\/wp\/v2\/media?parent=309"}],"wp:term":[{"taxonomy":"product_brand","embeddable":true,"href":"https:\/\/bioapoteka.shop\/bs\/wp-json\/wp\/v2\/product_brand?post=309"},{"taxonomy":"product_cat","embeddable":true,"href":"https:\/\/bioapoteka.shop\/bs\/wp-json\/wp\/v2\/product_cat?post=309"},{"taxonomy":"product_tag","embeddable":true,"href":"https:\/\/bioapoteka.shop\/bs\/wp-json\/wp\/v2\/product_tag?post=309"}],"curies":[{"name":"wp","href":"https:\/\/api.w.org\/{rel}","templated":true}]}}