{"id":316,"date":"2023-06-12T12:10:37","date_gmt":"2023-06-12T12:10:37","guid":{"rendered":"https:\/\/dummy.xtemos.com\/woodmart2\/plants-elementor\/?post_type=product&#038;p=316"},"modified":"2026-01-10T22:10:12","modified_gmt":"2026-01-10T22:10:12","slug":"urol-biljne-kapi","status":"publish","type":"product","link":"https:\/\/bioapoteka.shop\/bs\/proizvod\/urol-biljne-kapi\/","title":{"rendered":"UROL BILJNE KAPI"},"content":{"rendered":"<p data-start=\"211\" data-end=\"1009\">\ud83c\udf3f Kori\u0161tenje biljnih kapi mo\u017ee olak\u0161ati simptome poreme\u0107aja mokrenja poput dizurije \u2013 nemogu\u0107nosti mokrenja, polakiurije \u2013 \u010destog mokrenja malih koli\u010dina urina, nokturije \u2013 no\u0107nog mokrenja i retencije \u2013 nepotpunog pra\u017enjenja urina. Istovremeno mogu pomo\u0107i kod prekomjerno aktivnog (iritabilnog) mokra\u0107nog mjehura i irigacije (ispiranja) urinarnog trakta kod upala izazvanih bakterijskim infekcijama te prevencije infekcija, osobito u slu\u010dajevima cistitisa \u2013 upale mokra\u0107nog mjehura, prostatitisa \u2013 upale prostate, uretritisa \u2013 upale mokra\u0107ne cijevi i\/ili nefritisa \u2013 upale bubrega, bubre\u017enog kamena, bubre\u017enog pijeska kao i drugih poreme\u0107aja funkcije urinarnog trakta, poput gljivi\u010dnih infekcija izazvanih Candidom albicans, uz op\u0161tu preporuku dovoljnog unosa teku\u0107ine za pove\u0107anje koli\u010dine urina.<\/p>\n<hr data-start=\"1011\" data-end=\"1014\" \/>\n<p data-start=\"1016\" data-end=\"1104\">\ud83d\udca7 Koristiti pomije\u0161ano s minimalnim 50 ml teku\u0107ine (\u010daj, sok sam sli\u010dno), na sljede\u0107i na\u010din:<\/p>","protected":false},"excerpt":{"rendered":"<p>UROL HERBAL DROPS<\/p>\n<p data-start=\"1111\" data-end=\"1162\">\ud83d\udd52 <strong data-start=\"1114\" data-end=\"1140\">20 kapi, 2 puta dnevno<\/strong><br data-start=\"1140\" data-end=\"1143\" \/>kod bla\u017eih tegoba<\/p>\n<p data-start=\"1164\" data-end=\"1214\">\ud83d\udd52 <strong data-start=\"1167\" data-end=\"1193\">30 kapi, 3 puta dnevno<\/strong><br data-start=\"1193\" data-end=\"1196\" \/>kod te\u017eih tegoba<\/p>","protected":false},"featured_media":981,"comment_status":"open","ping_status":"closed","template":"","meta":[],"product_brand":[],"product_cat":[46],"product_tag":[],"class_list":{"0":"post-316","1":"product","2":"type-product","3":"status-publish","4":"has-post-thumbnail","6":"product_cat-herbal-drops","8":"first","9":"instock","10":"shipping-taxable","11":"purchasable","12":"product-type-simple"},"_links":{"self":[{"href":"https:\/\/bioapoteka.shop\/bs\/wp-json\/wp\/v2\/product\/316","targetHints":{"allow":["GET"]}}],"collection":[{"href":"https:\/\/bioapoteka.shop\/bs\/wp-json\/wp\/v2\/product"}],"about":[{"href":"https:\/\/bioapoteka.shop\/bs\/wp-json\/wp\/v2\/types\/product"}],"replies":[{"embeddable":true,"href":"https:\/\/bioapoteka.shop\/bs\/wp-json\/wp\/v2\/comments?post=316"}],"version-history":[{"count":3,"href":"https:\/\/bioapoteka.shop\/bs\/wp-json\/wp\/v2\/product\/316\/revisions"}],"predecessor-version":[{"id":983,"href":"https:\/\/bioapoteka.shop\/bs\/wp-json\/wp\/v2\/product\/316\/revisions\/983"}],"wp:featuredmedia":[{"embeddable":true,"href":"https:\/\/bioapoteka.shop\/bs\/wp-json\/wp\/v2\/media\/981"}],"wp:attachment":[{"href":"https:\/\/bioapoteka.shop\/bs\/wp-json\/wp\/v2\/media?parent=316"}],"wp:term":[{"taxonomy":"product_brand","embeddable":true,"href":"https:\/\/bioapoteka.shop\/bs\/wp-json\/wp\/v2\/product_brand?post=316"},{"taxonomy":"product_cat","embeddable":true,"href":"https:\/\/bioapoteka.shop\/bs\/wp-json\/wp\/v2\/product_cat?post=316"},{"taxonomy":"product_tag","embeddable":true,"href":"https:\/\/bioapoteka.shop\/bs\/wp-json\/wp\/v2\/product_tag?post=316"}],"curies":[{"name":"wp","href":"https:\/\/api.w.org\/{rel}","templated":true}]}}