{"id":326,"date":"2023-06-12T12:14:15","date_gmt":"2023-06-12T12:14:15","guid":{"rendered":"https:\/\/dummy.xtemos.com\/woodmart2\/plants-elementor\/?post_type=product&#038;p=326"},"modified":"2026-01-10T22:10:12","modified_gmt":"2026-01-10T22:10:12","slug":"pulmol-biljne-kapi","status":"publish","type":"product","link":"https:\/\/bioapoteka.shop\/bs\/proizvod\/pulmol-biljne-kapi\/","title":{"rendered":"PULMOL BILJNE KAPI"},"content":{"rendered":"<p data-start=\"211\" data-end=\"827\">\ud83c\udf3f Kori\u0161tenje biljnih kapi mo\u017ee pridonijeti ubla\u017eavanju akutnih i kroni\u010dnih tegoba respiratornog trakta, osobito kod prehlade, viroze, gripe, upale sinusa, bronhitisa, astme i katara gornjih di\u0161nih puteva. Podsti\u010du razrje\u0111ivanje i izbacivanje guste sluzi, olak\u0161avaju iska\u0161ljavanje te smanjuju nadra\u017eajni i suhi ka\u0161alj. Istovremeno smiruju nadra\u017eenost sluznice nosa, grla i bronhija, \u010dime doprinose lak\u0161em disanju i br\u017eem oporavku. Redovita primjena doprinosi odr\u017eavanju zdrave funkcije di\u0161nog sistema i o\u010duvanju plu\u0107a, osobito kod osoba izlo\u017eenih ve\u0107em riziku, poput pu\u0161a\u010da ili onih sklonih respiratornim alergijama.<\/p>\n<hr data-start=\"829\" data-end=\"832\" \/>\n<p data-start=\"834\" data-end=\"922\">\ud83d\udca7 Koristiti pomije\u0161ano s minimalnim 50 ml teku\u0107ine (\u010daj, sok sam sli\u010dno), na sljede\u0107i na\u010din:<\/p>","protected":false},"excerpt":{"rendered":"<p>PULMOL HERBAL DROPS<\/p>\n<p>\ud83d\udd52 <strong data-start=\"932\" data-end=\"958\">25 kapi, 3 puta dnevno<\/strong><\/p>","protected":false},"featured_media":977,"comment_status":"open","ping_status":"closed","template":"","meta":[],"product_brand":[],"product_cat":[46],"product_tag":[],"class_list":{"0":"post-326","1":"product","2":"type-product","3":"status-publish","4":"has-post-thumbnail","6":"product_cat-herbal-drops","8":"first","9":"instock","10":"shipping-taxable","11":"purchasable","12":"product-type-simple"},"_links":{"self":[{"href":"https:\/\/bioapoteka.shop\/bs\/wp-json\/wp\/v2\/product\/326","targetHints":{"allow":["GET"]}}],"collection":[{"href":"https:\/\/bioapoteka.shop\/bs\/wp-json\/wp\/v2\/product"}],"about":[{"href":"https:\/\/bioapoteka.shop\/bs\/wp-json\/wp\/v2\/types\/product"}],"replies":[{"embeddable":true,"href":"https:\/\/bioapoteka.shop\/bs\/wp-json\/wp\/v2\/comments?post=326"}],"version-history":[{"count":3,"href":"https:\/\/bioapoteka.shop\/bs\/wp-json\/wp\/v2\/product\/326\/revisions"}],"predecessor-version":[{"id":979,"href":"https:\/\/bioapoteka.shop\/bs\/wp-json\/wp\/v2\/product\/326\/revisions\/979"}],"wp:featuredmedia":[{"embeddable":true,"href":"https:\/\/bioapoteka.shop\/bs\/wp-json\/wp\/v2\/media\/977"}],"wp:attachment":[{"href":"https:\/\/bioapoteka.shop\/bs\/wp-json\/wp\/v2\/media?parent=326"}],"wp:term":[{"taxonomy":"product_brand","embeddable":true,"href":"https:\/\/bioapoteka.shop\/bs\/wp-json\/wp\/v2\/product_brand?post=326"},{"taxonomy":"product_cat","embeddable":true,"href":"https:\/\/bioapoteka.shop\/bs\/wp-json\/wp\/v2\/product_cat?post=326"},{"taxonomy":"product_tag","embeddable":true,"href":"https:\/\/bioapoteka.shop\/bs\/wp-json\/wp\/v2\/product_tag?post=326"}],"curies":[{"name":"wp","href":"https:\/\/api.w.org\/{rel}","templated":true}]}}