{"id":339,"date":"2023-06-12T12:16:44","date_gmt":"2023-06-12T12:16:44","guid":{"rendered":"https:\/\/dummy.xtemos.com\/woodmart2\/plants-elementor\/?post_type=product&#038;p=339"},"modified":"2026-01-10T22:10:12","modified_gmt":"2026-01-10T22:10:12","slug":"proston-biljne-kapi","status":"publish","type":"product","link":"https:\/\/bioapoteka.shop\/bs\/proizvod\/proston-biljne-kapi\/","title":{"rendered":"PROSTON BILJNE KAPI"},"content":{"rendered":"<p data-start=\"211\" data-end=\"981\">\ud83c\udf3f Kori\u0161tenje biljnih kapi mo\u017ee olak\u0161ati simptome poreme\u0107aja mokrenja povezanih s benignom hiperplazijom prostate, poput dizurije \u2013 nemogu\u0107nosti mokrenja, polakiurije \u2013 \u010destog mokrenja malih koli\u010dina urina, nokturije \u2013 no\u0107nog mokrenja i retencije \u2013 nepotpunog pra\u017enjenja urina. Istovremeno mogu pomo\u0107i kod prekomjerno aktivnog (iritabilnog) mokra\u0107nog mjehura te irigacije (ispiranja) urinarnog trakta kod upala izazvanih bakterijskim infekcijama i prevencije infekcija, osobito u slu\u010dajevima cistitisa \u2013 upale mokra\u0107nog mjehura, prostatitisa \u2013 upale prostate, uretritisa \u2013 upale mokra\u0107ne cijevi i\/ili nefritisa \u2013 upale bubrega, bubre\u017enog kamena, bubre\u017enog pijeska kao i drugih poreme\u0107aja funkcije urinarnog trakta, poput gljivi\u010dnih infekcija izazvanih Candidom albicans.<\/p>\n<hr data-start=\"983\" data-end=\"986\" \/>\n<p data-start=\"988\" data-end=\"1076\">\ud83d\udca7 Koristiti pomije\u0161ano s minimalnim 50 ml teku\u0107ine (\u010daj, sok sam sli\u010dno), na sljede\u0107i na\u010din:<\/p>","protected":false},"excerpt":{"rendered":"<p>PROSTON HERBAL DROPS<\/p>\n<p data-start=\"1083\" data-end=\"1130\">\ud83d\udd52 <strong data-start=\"1086\" data-end=\"1111\">30 kapi, 1 put dnevno<\/strong><br data-start=\"1111\" data-end=\"1114\" \/>kod prevencije<\/p>\n<p data-start=\"1132\" data-end=\"1184\">\ud83d\udd52 <strong data-start=\"1135\" data-end=\"1161\">30 kapi, 2 puta dnevno<\/strong><br data-start=\"1161\" data-end=\"1164\" \/>kod akutnih tegoba<\/p>\n<p data-start=\"1186\" data-end=\"1240\">\ud83d\udd52 <strong data-start=\"1189\" data-end=\"1215\">30 kapi, 3 puta dnevno<\/strong><br data-start=\"1215\" data-end=\"1218\" \/>kod kroni\u010dnih tegoba<\/p>","protected":false},"featured_media":973,"comment_status":"open","ping_status":"closed","template":"","meta":[],"product_brand":[],"product_cat":[46],"product_tag":[],"class_list":{"0":"post-339","1":"product","2":"type-product","3":"status-publish","4":"has-post-thumbnail","6":"product_cat-herbal-drops","8":"first","9":"instock","10":"shipping-taxable","11":"purchasable","12":"product-type-simple"},"_links":{"self":[{"href":"https:\/\/bioapoteka.shop\/bs\/wp-json\/wp\/v2\/product\/339","targetHints":{"allow":["GET"]}}],"collection":[{"href":"https:\/\/bioapoteka.shop\/bs\/wp-json\/wp\/v2\/product"}],"about":[{"href":"https:\/\/bioapoteka.shop\/bs\/wp-json\/wp\/v2\/types\/product"}],"replies":[{"embeddable":true,"href":"https:\/\/bioapoteka.shop\/bs\/wp-json\/wp\/v2\/comments?post=339"}],"version-history":[{"count":3,"href":"https:\/\/bioapoteka.shop\/bs\/wp-json\/wp\/v2\/product\/339\/revisions"}],"predecessor-version":[{"id":975,"href":"https:\/\/bioapoteka.shop\/bs\/wp-json\/wp\/v2\/product\/339\/revisions\/975"}],"wp:featuredmedia":[{"embeddable":true,"href":"https:\/\/bioapoteka.shop\/bs\/wp-json\/wp\/v2\/media\/973"}],"wp:attachment":[{"href":"https:\/\/bioapoteka.shop\/bs\/wp-json\/wp\/v2\/media?parent=339"}],"wp:term":[{"taxonomy":"product_brand","embeddable":true,"href":"https:\/\/bioapoteka.shop\/bs\/wp-json\/wp\/v2\/product_brand?post=339"},{"taxonomy":"product_cat","embeddable":true,"href":"https:\/\/bioapoteka.shop\/bs\/wp-json\/wp\/v2\/product_cat?post=339"},{"taxonomy":"product_tag","embeddable":true,"href":"https:\/\/bioapoteka.shop\/bs\/wp-json\/wp\/v2\/product_tag?post=339"}],"curies":[{"name":"wp","href":"https:\/\/api.w.org\/{rel}","templated":true}]}}