{"id":349,"date":"2023-06-12T12:19:57","date_gmt":"2023-06-12T12:19:57","guid":{"rendered":"https:\/\/dummy.xtemos.com\/woodmart2\/plants-elementor\/?post_type=product&#038;p=349"},"modified":"2026-01-10T22:10:00","modified_gmt":"2026-01-10T22:10:00","slug":"imunol-biljne-kapi","status":"publish","type":"product","link":"https:\/\/bioapoteka.shop\/bs\/proizvod\/imunol-biljne-kapi\/","title":{"rendered":"IMUNOL BILJNE KAPI"},"content":{"rendered":"<p data-start=\"211\" data-end=\"913\">\ud83c\udf3f Kori\u0161tenje biljnih kapi mo\u017ee pridonijeti ja\u010danju imuniteta, osobito kod osoba sa oslabljenim imunolo\u0161kim sistemom, anemijom, alergijama, nesanicom i velikim fizi\u010dkim i\/ili mentalnim umorom te na taj na\u010din sprije\u010diti ili ubla\u017eiti simptome prehlade, viroze i gripe, pra\u0107ene groznicom, temperaturom, mu\u010dninom, proljevom, gubitkom apetita, glavoboljom, infekcijom gornjih di\u0161nih puteva i kataralnih stanja, grloboljom, ka\u0161ljem, upalom sluznice usne \u0161upljine i sluznice nosa. Istovremeno mogu pomo\u0107i kod astme \u2013 smanjenjem nagona za ka\u0161alj i bronhitisa \u2013 olak\u0161anjem iska\u0161ljavanja i razrje\u0111enjem sekreta kao i kod upale sinusa te pospje\u0161iti \u010di\u0161\u0107enje organizma od parazita i toksina putem urinarnog trakta.<\/p>\n<hr data-start=\"915\" data-end=\"918\" \/>\n<p data-start=\"920\" data-end=\"1008\">\ud83d\udca7 Koristiti pomije\u0161ano s minimalnim 50 ml teku\u0107ine (\u010daj, sok sam sli\u010dno), na sljede\u0107i na\u010din:<\/p>","protected":false},"excerpt":{"rendered":"<p>IMUNOL HERBAL DROPS<\/p>\n<p>\ud83d\udd52 <strong data-start=\"1018\" data-end=\"1044\">20 kapi, 3 puta dnevno<\/strong><\/p>","protected":false},"featured_media":970,"comment_status":"open","ping_status":"closed","template":"","meta":[],"product_brand":[],"product_cat":[46],"product_tag":[],"class_list":{"0":"post-349","1":"product","2":"type-product","3":"status-publish","4":"has-post-thumbnail","6":"product_cat-herbal-drops","8":"first","9":"instock","10":"shipping-taxable","11":"purchasable","12":"product-type-simple"},"_links":{"self":[{"href":"https:\/\/bioapoteka.shop\/bs\/wp-json\/wp\/v2\/product\/349","targetHints":{"allow":["GET"]}}],"collection":[{"href":"https:\/\/bioapoteka.shop\/bs\/wp-json\/wp\/v2\/product"}],"about":[{"href":"https:\/\/bioapoteka.shop\/bs\/wp-json\/wp\/v2\/types\/product"}],"replies":[{"embeddable":true,"href":"https:\/\/bioapoteka.shop\/bs\/wp-json\/wp\/v2\/comments?post=349"}],"version-history":[{"count":2,"href":"https:\/\/bioapoteka.shop\/bs\/wp-json\/wp\/v2\/product\/349\/revisions"}],"predecessor-version":[{"id":971,"href":"https:\/\/bioapoteka.shop\/bs\/wp-json\/wp\/v2\/product\/349\/revisions\/971"}],"wp:featuredmedia":[{"embeddable":true,"href":"https:\/\/bioapoteka.shop\/bs\/wp-json\/wp\/v2\/media\/970"}],"wp:attachment":[{"href":"https:\/\/bioapoteka.shop\/bs\/wp-json\/wp\/v2\/media?parent=349"}],"wp:term":[{"taxonomy":"product_brand","embeddable":true,"href":"https:\/\/bioapoteka.shop\/bs\/wp-json\/wp\/v2\/product_brand?post=349"},{"taxonomy":"product_cat","embeddable":true,"href":"https:\/\/bioapoteka.shop\/bs\/wp-json\/wp\/v2\/product_cat?post=349"},{"taxonomy":"product_tag","embeddable":true,"href":"https:\/\/bioapoteka.shop\/bs\/wp-json\/wp\/v2\/product_tag?post=349"}],"curies":[{"name":"wp","href":"https:\/\/api.w.org\/{rel}","templated":true}]}}