{"id":355,"date":"2023-06-12T12:21:09","date_gmt":"2023-06-12T12:21:09","guid":{"rendered":"https:\/\/dummy.xtemos.com\/woodmart2\/plants-elementor\/?post_type=product&#038;p=355"},"modified":"2026-01-10T22:10:00","modified_gmt":"2026-01-10T22:10:00","slug":"hepatol-biljne-kapi","status":"publish","type":"product","link":"https:\/\/bioapoteka.shop\/bs\/proizvod\/hepatol-biljne-kapi\/","title":{"rendered":"HEPATOL BILJNE KAPI"},"content":{"rendered":"<p data-start=\"211\" data-end=\"593\">\ud83c\udf3f Kori\u0161tenje biljnih kapi mo\u017ee pridonijeti obnovi funkcije jetre i \u017eu\u010di poticanjem regeneracije i za\u0161tite jetre smanjenjem oksidativnog o\u0161te\u0107enja te stimulacijom i olak\u0161avanjem lu\u010denja \u017eu\u010di, osobito kod toksi\u010dnih poreme\u0107aja jetre, kroni\u010dne upalne bolesti jetre i ciroze jetre. Istovremeno mogu pospje\u0161iti \u010di\u0161\u0107enje cjelokupnog organizma od parazita i toksina putem urinarnog trakta.<\/p>\n<hr data-start=\"595\" data-end=\"598\" \/>\n<p data-start=\"600\" data-end=\"688\">\ud83d\udca7 Koristiti pomije\u0161ano s minimalnim 50 ml teku\u0107ine (\u010daj, sok sam sli\u010dno), na sljede\u0107i na\u010din:<\/p>","protected":false},"excerpt":{"rendered":"<p>HEPATOL HERBAL DROPS<\/p>\n<p>\ud83d\udd52 <strong data-start=\"698\" data-end=\"724\">20 kapi, 3 puta dnevno<\/strong><\/p>","protected":false},"featured_media":966,"comment_status":"open","ping_status":"closed","template":"","meta":[],"product_brand":[],"product_cat":[46],"product_tag":[],"class_list":{"0":"post-355","1":"product","2":"type-product","3":"status-publish","4":"has-post-thumbnail","6":"product_cat-herbal-drops","8":"first","9":"instock","10":"shipping-taxable","11":"purchasable","12":"product-type-simple"},"_links":{"self":[{"href":"https:\/\/bioapoteka.shop\/bs\/wp-json\/wp\/v2\/product\/355","targetHints":{"allow":["GET"]}}],"collection":[{"href":"https:\/\/bioapoteka.shop\/bs\/wp-json\/wp\/v2\/product"}],"about":[{"href":"https:\/\/bioapoteka.shop\/bs\/wp-json\/wp\/v2\/types\/product"}],"replies":[{"embeddable":true,"href":"https:\/\/bioapoteka.shop\/bs\/wp-json\/wp\/v2\/comments?post=355"}],"version-history":[{"count":2,"href":"https:\/\/bioapoteka.shop\/bs\/wp-json\/wp\/v2\/product\/355\/revisions"}],"predecessor-version":[{"id":968,"href":"https:\/\/bioapoteka.shop\/bs\/wp-json\/wp\/v2\/product\/355\/revisions\/968"}],"wp:featuredmedia":[{"embeddable":true,"href":"https:\/\/bioapoteka.shop\/bs\/wp-json\/wp\/v2\/media\/966"}],"wp:attachment":[{"href":"https:\/\/bioapoteka.shop\/bs\/wp-json\/wp\/v2\/media?parent=355"}],"wp:term":[{"taxonomy":"product_brand","embeddable":true,"href":"https:\/\/bioapoteka.shop\/bs\/wp-json\/wp\/v2\/product_brand?post=355"},{"taxonomy":"product_cat","embeddable":true,"href":"https:\/\/bioapoteka.shop\/bs\/wp-json\/wp\/v2\/product_cat?post=355"},{"taxonomy":"product_tag","embeddable":true,"href":"https:\/\/bioapoteka.shop\/bs\/wp-json\/wp\/v2\/product_tag?post=355"}],"curies":[{"name":"wp","href":"https:\/\/api.w.org\/{rel}","templated":true}]}}