{"id":358,"date":"2023-06-12T12:22:28","date_gmt":"2023-06-12T12:22:28","guid":{"rendered":"https:\/\/dummy.xtemos.com\/woodmart2\/plants-elementor\/?post_type=product&#038;p=358"},"modified":"2026-01-10T22:10:00","modified_gmt":"2026-01-10T22:10:00","slug":"hemorol-biljne-kapi","status":"publish","type":"product","link":"https:\/\/bioapoteka.shop\/bs\/proizvod\/hemorol-biljne-kapi\/","title":{"rendered":"HEMOROL BILJNE KAPI"},"content":{"rendered":"<p data-start=\"206\" data-end=\"620\">\ud83c\udf3f Kori\u0161tenje biljnih kapi mo\u017ee ubla\u017eiti tegobe unutra\u0161njih i vanjskih hemoroida popra\u0107ene osje\u0107ajem svrbe\u017ea, pe\u010denja, otoka, boli i manjih hemoroidalnih krvarenja, na na\u010din da djeluje na krvne \u017eile u i oko anusa (\u010dmara) i donjeg dijela rektuma (zadnjeg crijeva) koje su pro\u0161irene pod pritiskom, poti\u010de redovitu probavu, regeneraciju sluznice i zarastanje manjih povr\u0161inskih rana izazvanih sekundarnim infekcijama.<\/p>\n<hr data-start=\"622\" data-end=\"625\" \/>\n<p data-start=\"627\" data-end=\"715\">\ud83d\udca7 Koristiti pomije\u0161ano s minimalnim 50 ml teku\u0107ine (\u010daj, sok sam sli\u010dno), na sljede\u0107i na\u010din:<\/p>","protected":false},"excerpt":{"rendered":"<p>HEMOROL HERBAL DROPS<\/p>\n<p data-start=\"722\" data-end=\"773\">\ud83d\udd52 <strong data-start=\"725\" data-end=\"751\">20 kapi, 2 puta dnevno<\/strong><br data-start=\"751\" data-end=\"754\" \/>kod bla\u017eih tegoba<\/p>\n<p data-start=\"775\" data-end=\"825\">\ud83d\udd52 <strong data-start=\"778\" data-end=\"804\">30 kapi, 3 puta dnevno<\/strong><br data-start=\"804\" data-end=\"807\" \/>kod te\u017eih tegoba<\/p>","protected":false},"featured_media":963,"comment_status":"open","ping_status":"closed","template":"","meta":[],"product_brand":[],"product_cat":[46],"product_tag":[],"class_list":{"0":"post-358","1":"product","2":"type-product","3":"status-publish","4":"has-post-thumbnail","6":"product_cat-herbal-drops","8":"first","9":"instock","10":"sale","11":"shipping-taxable","12":"purchasable","13":"product-type-simple"},"_links":{"self":[{"href":"https:\/\/bioapoteka.shop\/bs\/wp-json\/wp\/v2\/product\/358","targetHints":{"allow":["GET"]}}],"collection":[{"href":"https:\/\/bioapoteka.shop\/bs\/wp-json\/wp\/v2\/product"}],"about":[{"href":"https:\/\/bioapoteka.shop\/bs\/wp-json\/wp\/v2\/types\/product"}],"replies":[{"embeddable":true,"href":"https:\/\/bioapoteka.shop\/bs\/wp-json\/wp\/v2\/comments?post=358"}],"version-history":[{"count":2,"href":"https:\/\/bioapoteka.shop\/bs\/wp-json\/wp\/v2\/product\/358\/revisions"}],"predecessor-version":[{"id":965,"href":"https:\/\/bioapoteka.shop\/bs\/wp-json\/wp\/v2\/product\/358\/revisions\/965"}],"wp:featuredmedia":[{"embeddable":true,"href":"https:\/\/bioapoteka.shop\/bs\/wp-json\/wp\/v2\/media\/963"}],"wp:attachment":[{"href":"https:\/\/bioapoteka.shop\/bs\/wp-json\/wp\/v2\/media?parent=358"}],"wp:term":[{"taxonomy":"product_brand","embeddable":true,"href":"https:\/\/bioapoteka.shop\/bs\/wp-json\/wp\/v2\/product_brand?post=358"},{"taxonomy":"product_cat","embeddable":true,"href":"https:\/\/bioapoteka.shop\/bs\/wp-json\/wp\/v2\/product_cat?post=358"},{"taxonomy":"product_tag","embeddable":true,"href":"https:\/\/bioapoteka.shop\/bs\/wp-json\/wp\/v2\/product_tag?post=358"}],"curies":[{"name":"wp","href":"https:\/\/api.w.org\/{rel}","templated":true}]}}