{"id":362,"date":"2023-06-12T12:24:25","date_gmt":"2023-06-12T12:24:25","guid":{"rendered":"https:\/\/dummy.xtemos.com\/woodmart2\/plants-elementor\/?post_type=product&#038;p=362"},"modified":"2026-01-10T22:10:00","modified_gmt":"2026-01-10T22:10:00","slug":"gastrol-biljne-kapi","status":"publish","type":"product","link":"https:\/\/bioapoteka.shop\/bs\/proizvod\/gastrol-biljne-kapi\/","title":{"rendered":"GASTROL BILJNE KAPI"},"content":{"rendered":"<p data-start=\"211\" data-end=\"856\">\ud83c\udf3f Kori\u0161tenje biljnih kapi mo\u017ee ubla\u017eiti simptome gastrointestinalnih tegoba poput dispepsije \u2013 ote\u017eanog varenja pra\u0107enog nelagodom i\/ili boli u gornjem dijelu abdomena, gastritisa \u2013 upale \u017eelu\u010dane sluznice, nadutosti, gasova, gr\u010deva, podrigivanja, osje\u0107aja mu\u010dnine, osje\u0107aja puno\u0107e u trbuhu, osje\u0107aja sitosti pra\u0107enog gubitkom apetita kao i boli kod distenzije crijeva te boli kod sindroma iritabilnog crijeva pobolj\u0161anjem probave, relaksacijom glatkih mi\u0161i\u0107a gastrointestinalnog trakta i regeneracijom sluznice \u017eeluca i crijeva. Istovremeno mogu poduprijeti imunolo\u0161ku reakciju gastrointestinalnog trakta kod infekcija te prevencije infekcija.<\/p>\n<hr data-start=\"858\" data-end=\"861\" \/>\n<p data-start=\"863\" data-end=\"951\">\ud83d\udca7 Koristiti pomije\u0161ano s minimalnim 50 ml teku\u0107ine (\u010daj, sok sam sli\u010dno), na sljede\u0107i na\u010din:<\/p>","protected":false},"excerpt":{"rendered":"<p>GASTROL HERBAL DROPS<\/p>\n<p>\ud83d\udd52 <strong data-start=\"961\" data-end=\"987\">15 kapi, 3 puta dnevno<\/strong><\/p>","protected":false},"featured_media":960,"comment_status":"open","ping_status":"closed","template":"","meta":[],"product_brand":[],"product_cat":[46],"product_tag":[],"class_list":{"0":"post-362","1":"product","2":"type-product","3":"status-publish","4":"has-post-thumbnail","6":"product_cat-herbal-drops","8":"first","9":"instock","10":"shipping-taxable","11":"purchasable","12":"product-type-simple"},"_links":{"self":[{"href":"https:\/\/bioapoteka.shop\/bs\/wp-json\/wp\/v2\/product\/362","targetHints":{"allow":["GET"]}}],"collection":[{"href":"https:\/\/bioapoteka.shop\/bs\/wp-json\/wp\/v2\/product"}],"about":[{"href":"https:\/\/bioapoteka.shop\/bs\/wp-json\/wp\/v2\/types\/product"}],"replies":[{"embeddable":true,"href":"https:\/\/bioapoteka.shop\/bs\/wp-json\/wp\/v2\/comments?post=362"}],"version-history":[{"count":2,"href":"https:\/\/bioapoteka.shop\/bs\/wp-json\/wp\/v2\/product\/362\/revisions"}],"predecessor-version":[{"id":962,"href":"https:\/\/bioapoteka.shop\/bs\/wp-json\/wp\/v2\/product\/362\/revisions\/962"}],"wp:featuredmedia":[{"embeddable":true,"href":"https:\/\/bioapoteka.shop\/bs\/wp-json\/wp\/v2\/media\/960"}],"wp:attachment":[{"href":"https:\/\/bioapoteka.shop\/bs\/wp-json\/wp\/v2\/media?parent=362"}],"wp:term":[{"taxonomy":"product_brand","embeddable":true,"href":"https:\/\/bioapoteka.shop\/bs\/wp-json\/wp\/v2\/product_brand?post=362"},{"taxonomy":"product_cat","embeddable":true,"href":"https:\/\/bioapoteka.shop\/bs\/wp-json\/wp\/v2\/product_cat?post=362"},{"taxonomy":"product_tag","embeddable":true,"href":"https:\/\/bioapoteka.shop\/bs\/wp-json\/wp\/v2\/product_tag?post=362"}],"curies":[{"name":"wp","href":"https:\/\/api.w.org\/{rel}","templated":true}]}}