{"id":365,"date":"2023-06-12T12:25:49","date_gmt":"2023-06-12T12:25:49","guid":{"rendered":"https:\/\/dummy.xtemos.com\/woodmart2\/plants-elementor\/?post_type=product&#038;p=365"},"modified":"2026-01-10T22:10:00","modified_gmt":"2026-01-10T22:10:00","slug":"domina-k-biljne-kapi","status":"publish","type":"product","link":"https:\/\/bioapoteka.shop\/bs\/proizvod\/domina-k-biljne-kapi\/","title":{"rendered":"DOMINA K BILJNE KAPI"},"content":{"rendered":"<p data-start=\"209\" data-end=\"1039\">\ud83c\udf3f Kori\u0161tenje biljnih kapi mo\u017ee pomo\u0107i kod ubla\u017eavanja simptoma klimakterija (perimenopauze, menopauze i postmenopauze) kao \u0161to su: neuredne, neredovite i\/ili bolne i obilne menstruacije, umor i iscrpljenost, nagle promjene raspolo\u017eenja pra\u0107ene blagim do umjerenim depresivnim epizodama, nemirom, razdra\u017eljivosti, napetosti i nervozom, poreme\u0107ajem spavanja i nesanicom, valunge \u2013 valovi vru\u0107ine, no\u0107no znojenje, usporena probava, prekomjerno aktivan (iritabilan) mokra\u0107ni mjehur, osje\u0107aj pritiska u hipogastrijumu (donjem sredi\u0161njem dijelu abdomena), suho\u0107a rodnice, poja\u010dan vaginalni iscjedak, ve\u0107a sklonost bakterijskim i gljivi\u010dnim infekcijama izazvanim Candidom albicans, artritis \u2013 upala zglobova, artroza \u2013 o\u0161te\u0107enje hrskavice zgloba, osteoporoza \u2013 smanjenje gusto\u0107e kostiju koje dovodi do njihove krhkosti i smanjen libido.<\/p>\n<hr data-start=\"1041\" data-end=\"1044\" \/>\n<p data-start=\"1046\" data-end=\"1134\">\ud83d\udca7 Koristiti pomije\u0161ano s minimalnim 50 ml teku\u0107ine (\u010daj, sok sam sli\u010dno), na sljede\u0107i na\u010din:<\/p>","protected":false},"excerpt":{"rendered":"<p>DOMINA K HERBAL DROPS<\/p>\n<p data-start=\"1141\" data-end=\"1192\">\ud83d\udd52 <strong data-start=\"1144\" data-end=\"1170\">20 kapi, 2 puta dnevno<\/strong><br data-start=\"1170\" data-end=\"1173\" \/>kod bla\u017eih tegoba<\/p>\n<p data-start=\"1194\" data-end=\"1244\">\ud83d\udd52 <strong data-start=\"1197\" data-end=\"1223\">30 kapi, 3 puta dnevno<\/strong><br data-start=\"1223\" data-end=\"1226\" \/>kod te\u017eih tegoba<\/p>","protected":false},"featured_media":957,"comment_status":"open","ping_status":"closed","template":"","meta":[],"product_brand":[],"product_cat":[46],"product_tag":[],"class_list":{"0":"post-365","1":"product","2":"type-product","3":"status-publish","4":"has-post-thumbnail","6":"product_cat-herbal-drops","8":"first","9":"instock","10":"shipping-taxable","11":"purchasable","12":"product-type-simple"},"_links":{"self":[{"href":"https:\/\/bioapoteka.shop\/bs\/wp-json\/wp\/v2\/product\/365","targetHints":{"allow":["GET"]}}],"collection":[{"href":"https:\/\/bioapoteka.shop\/bs\/wp-json\/wp\/v2\/product"}],"about":[{"href":"https:\/\/bioapoteka.shop\/bs\/wp-json\/wp\/v2\/types\/product"}],"replies":[{"embeddable":true,"href":"https:\/\/bioapoteka.shop\/bs\/wp-json\/wp\/v2\/comments?post=365"}],"version-history":[{"count":2,"href":"https:\/\/bioapoteka.shop\/bs\/wp-json\/wp\/v2\/product\/365\/revisions"}],"predecessor-version":[{"id":959,"href":"https:\/\/bioapoteka.shop\/bs\/wp-json\/wp\/v2\/product\/365\/revisions\/959"}],"wp:featuredmedia":[{"embeddable":true,"href":"https:\/\/bioapoteka.shop\/bs\/wp-json\/wp\/v2\/media\/957"}],"wp:attachment":[{"href":"https:\/\/bioapoteka.shop\/bs\/wp-json\/wp\/v2\/media?parent=365"}],"wp:term":[{"taxonomy":"product_brand","embeddable":true,"href":"https:\/\/bioapoteka.shop\/bs\/wp-json\/wp\/v2\/product_brand?post=365"},{"taxonomy":"product_cat","embeddable":true,"href":"https:\/\/bioapoteka.shop\/bs\/wp-json\/wp\/v2\/product_cat?post=365"},{"taxonomy":"product_tag","embeddable":true,"href":"https:\/\/bioapoteka.shop\/bs\/wp-json\/wp\/v2\/product_tag?post=365"}],"curies":[{"name":"wp","href":"https:\/\/api.w.org\/{rel}","templated":true}]}}