{"id":368,"date":"2023-06-12T12:27:27","date_gmt":"2023-06-12T12:27:27","guid":{"rendered":"https:\/\/dummy.xtemos.com\/woodmart2\/plants-elementor\/?post_type=product&#038;p=368"},"modified":"2026-01-10T22:10:00","modified_gmt":"2026-01-10T22:10:00","slug":"domina-cm-biljne-kapi","status":"publish","type":"product","link":"https:\/\/bioapoteka.shop\/bs\/proizvod\/domina-cm-biljne-kapi\/","title":{"rendered":"DOMINA CM BILJNE KAPI"},"content":{"rendered":"<p data-start=\"189\" data-end=\"881\">\ud83c\udf3f Kori\u0161tenje biljnih kapi mo\u017ee pomo\u0107i kod cista, mioma i endometrioze, ja\u010danja tonusa maternice, predmenstrualnih bolova, poreme\u0107aja menstrualnog ciklusa, dismenoreje \u2013 bolnih i gr\u010devitih menstruacija, menoragije \u2013 obilnih menstruacija kao i drugih tegoba koji se javljaju pred i za vrijeme menstruacije, poput osje\u0107aja nadutosti stomaka i pritiska u hipogastrijumu (donjem sredi\u0161njem dijelu abdomena), usporene probave, prekomjerno aktivnog (iritabilnog) mokra\u0107nog mjehura, nemira, razdra\u017eljivosti, napetosti i nervoze. Istovremeno mogu pomo\u0107i kod poja\u010danog vaginalnog iscjetka, prevencijom i ubla\u017eavanjem tegoba izazvanih bakterijskim te gljivi\u010dnim infekcijama izazvanih Candidom albicans.<\/p>\n<hr data-start=\"883\" data-end=\"886\" \/>\n<p data-start=\"888\" data-end=\"976\">\ud83d\udca7 Koristiti pomije\u0161ano s minimalnim 50 ml teku\u0107ine (\u010daj, sok sam sli\u010dno), na sljede\u0107i na\u010din:<\/p>","protected":false},"excerpt":{"rendered":"<p>DOMINA CM HERBAL DROPS<\/p>\n<p data-start=\"983\" data-end=\"1030\">\ud83d\udd52 <strong data-start=\"986\" data-end=\"1011\">30 kapi, 1 put dnevno<\/strong><br data-start=\"1011\" data-end=\"1014\" \/>kod prevencije<\/p>\n<p data-start=\"1032\" data-end=\"1084\">\ud83d\udd52 <strong data-start=\"1035\" data-end=\"1061\">30 kapi, 2 puta dnevno<\/strong><br data-start=\"1061\" data-end=\"1064\" \/>kod akutnih tegoba<\/p>\n<p data-start=\"1086\" data-end=\"1140\">\ud83d\udd52 <strong data-start=\"1089\" data-end=\"1115\">30 kapi, 3 puta dnevno<\/strong><br data-start=\"1115\" data-end=\"1118\" \/>kod kroni\u010dnih tegoba<\/p>","protected":false},"featured_media":954,"comment_status":"open","ping_status":"closed","template":"","meta":[],"product_brand":[],"product_cat":[46],"product_tag":[],"class_list":{"0":"post-368","1":"product","2":"type-product","3":"status-publish","4":"has-post-thumbnail","6":"product_cat-herbal-drops","8":"first","9":"instock","10":"shipping-taxable","11":"purchasable","12":"product-type-simple"},"_links":{"self":[{"href":"https:\/\/bioapoteka.shop\/bs\/wp-json\/wp\/v2\/product\/368","targetHints":{"allow":["GET"]}}],"collection":[{"href":"https:\/\/bioapoteka.shop\/bs\/wp-json\/wp\/v2\/product"}],"about":[{"href":"https:\/\/bioapoteka.shop\/bs\/wp-json\/wp\/v2\/types\/product"}],"replies":[{"embeddable":true,"href":"https:\/\/bioapoteka.shop\/bs\/wp-json\/wp\/v2\/comments?post=368"}],"version-history":[{"count":2,"href":"https:\/\/bioapoteka.shop\/bs\/wp-json\/wp\/v2\/product\/368\/revisions"}],"predecessor-version":[{"id":956,"href":"https:\/\/bioapoteka.shop\/bs\/wp-json\/wp\/v2\/product\/368\/revisions\/956"}],"wp:featuredmedia":[{"embeddable":true,"href":"https:\/\/bioapoteka.shop\/bs\/wp-json\/wp\/v2\/media\/954"}],"wp:attachment":[{"href":"https:\/\/bioapoteka.shop\/bs\/wp-json\/wp\/v2\/media?parent=368"}],"wp:term":[{"taxonomy":"product_brand","embeddable":true,"href":"https:\/\/bioapoteka.shop\/bs\/wp-json\/wp\/v2\/product_brand?post=368"},{"taxonomy":"product_cat","embeddable":true,"href":"https:\/\/bioapoteka.shop\/bs\/wp-json\/wp\/v2\/product_cat?post=368"},{"taxonomy":"product_tag","embeddable":true,"href":"https:\/\/bioapoteka.shop\/bs\/wp-json\/wp\/v2\/product_tag?post=368"}],"curies":[{"name":"wp","href":"https:\/\/api.w.org\/{rel}","templated":true}]}}