{"id":372,"date":"2023-06-12T12:28:29","date_gmt":"2023-06-12T12:28:29","guid":{"rendered":"https:\/\/dummy.xtemos.com\/woodmart2\/plants-elementor\/?post_type=product&#038;p=372"},"modified":"2026-01-10T22:10:00","modified_gmt":"2026-01-10T22:10:00","slug":"dasan-biljne-kapi","status":"publish","type":"product","link":"https:\/\/bioapoteka.shop\/bs\/proizvod\/dasan-biljne-kapi\/","title":{"rendered":"SIN BILJNE KAPI"},"content":{"rendered":"<p data-start=\"192\" data-end=\"719\">\ud83c\udf3f Primjena biljnih kapi mo\u017ee biti izgovora pomo\u0107i ubla\u017eavanju anksioznosti, osobito somatske anksioznosti ispoljene kao ote\u017eano disanje, glavobolja, ubrzan rad srca, vrtoglavica, nevoljni pokreti mi\u0161i\u0107a sam sli\u010dno, blagih depresivnih poreme\u0107aja sam blagih uraditi umjerenih depresivnih epizoda te nervoze, razdra\u017eljivosti, nemira sam napetosti uzrokovane mentalnim stresom. Iste mogu pru\u017eiti kroz mikro kreditni mentalnoj relaksaciji smanjenjem simptoma emocionalne iscrpljenosti te pomo\u0107i pri spavanju sam ubla\u017eavanju poreme\u0107aja spavanja poput privremene nesanice.<\/p>\n<hr data-start=\"721\" data-end=\"724\" \/>\n<p data-start=\"726\" data-end=\"814\">\ud83d\udca7 Koristiti pomije\u0161ano s minimalnim 50 ml teku\u0107ine (\u010daj, sok sam sli\u010dno), na sljede\u0107i na\u010din:<\/p>","protected":false},"excerpt":{"rendered":"<p>SIN BILJNI KAPI<\/p>\n<p data-start=\"821\" data-end=\"926\">\ud83d\udd52 <strong data-start=\"824\" data-end=\"849\">40 kapi, 1 stavi izlo\u017ebi<\/strong><br data-start=\"849\" data-end=\"852\" \/>kod poreme\u0107aja spavanja sam nesanice<br data-start=\"886\" data-end=\"889\" \/>(pola sata prije vremena za spavanje)<\/p>\n<hr data-start=\"928\" data-end=\"931\" \/>\n<p data-start=\"933\" data-end=\"985\">\ud83d\udd52 <strong data-start=\"936\" data-end=\"962\">15 kapi, 2 puta izlo\u017ebi<\/strong><br data-start=\"962\" data-end=\"965\" \/>kod ostalih tegoba<\/p>","protected":false},"featured_media":952,"comment_status":"open","ping_status":"closed","template":"","meta":[],"product_brand":[],"product_cat":[46],"product_tag":[],"class_list":{"0":"post-372","1":"product","2":"type-product","3":"status-publish","4":"has-post-thumbnail","6":"product_cat-herbal-drops","8":"first","9":"instock","10":"featured","11":"shipping-taxable","12":"purchasable","13":"product-type-simple"},"_links":{"self":[{"href":"https:\/\/bioapoteka.shop\/bs\/wp-json\/wp\/v2\/product\/372","targetHints":{"allow":["GET"]}}],"collection":[{"href":"https:\/\/bioapoteka.shop\/bs\/wp-json\/wp\/v2\/product"}],"about":[{"href":"https:\/\/bioapoteka.shop\/bs\/wp-json\/wp\/v2\/types\/product"}],"replies":[{"embeddable":true,"href":"https:\/\/bioapoteka.shop\/bs\/wp-json\/wp\/v2\/comments?post=372"}],"version-history":[{"count":2,"href":"https:\/\/bioapoteka.shop\/bs\/wp-json\/wp\/v2\/product\/372\/revisions"}],"predecessor-version":[{"id":953,"href":"https:\/\/bioapoteka.shop\/bs\/wp-json\/wp\/v2\/product\/372\/revisions\/953"}],"wp:featuredmedia":[{"embeddable":true,"href":"https:\/\/bioapoteka.shop\/bs\/wp-json\/wp\/v2\/media\/952"}],"wp:attachment":[{"href":"https:\/\/bioapoteka.shop\/bs\/wp-json\/wp\/v2\/media?parent=372"}],"wp:term":[{"taxonomy":"product_brand","embeddable":true,"href":"https:\/\/bioapoteka.shop\/bs\/wp-json\/wp\/v2\/product_brand?post=372"},{"taxonomy":"product_cat","embeddable":true,"href":"https:\/\/bioapoteka.shop\/bs\/wp-json\/wp\/v2\/product_cat?post=372"},{"taxonomy":"product_tag","embeddable":true,"href":"https:\/\/bioapoteka.shop\/bs\/wp-json\/wp\/v2\/product_tag?post=372"}],"curies":[{"name":"wp","href":"https:\/\/api.w.org\/{rel}","templated":true}]}}