{"id":374,"date":"2023-06-12T12:29:16","date_gmt":"2023-06-12T12:29:16","guid":{"rendered":"https:\/\/dummy.xtemos.com\/woodmart2\/plants-elementor\/?post_type=product&#038;p=374"},"modified":"2026-01-10T22:10:00","modified_gmt":"2026-01-10T22:10:00","slug":"aorten-biljne-kapi","status":"publish","type":"product","link":"https:\/\/bioapoteka.shop\/bs\/proizvod\/aorten-biljne-kapi\/","title":{"rendered":"AORTEN BILJNE KAPI"},"content":{"rendered":"<p data-start=\"191\" data-end=\"531\">\ud83c\udf3f Kori\u0161tenje biljnih kapi mo\u017ee pridonijeti prevenciji i ubla\u017eavanju tegoba kardio \u2013 vaskularnog sistema uzrokovanih arteriosklerozom, osobito aterosklerozom \u2013 su\u017eenjem stijenki arterija, pra\u0107enim s insuficijencijom periferne arterijske cirkulacije podr\u017eavanjem regulacije visokog krvnog pritiska i poticanjem optimizacije lipidnog statusa.<\/p>\n<hr data-start=\"533\" data-end=\"536\" \/>\n<p data-start=\"538\" data-end=\"626\">\ud83d\udca7 Koristiti pomije\u0161ano s minimalnim 50 ml teku\u0107ine (\u010daj, sok sam sli\u010dno), na sljede\u0107i na\u010din:<\/p>","protected":false},"excerpt":{"rendered":"<p>AORTEN HERBAL DROPS<\/p>\n<p data-start=\"633\" data-end=\"684\">\ud83d\udd52 <strong data-start=\"636\" data-end=\"662\">15 kapi, 2 puta izlo\u017ebi<\/strong><br data-start=\"662\" data-end=\"665\" \/>kod bla\u017eih tegoba<\/p>\n<p data-start=\"686\" data-end=\"736\">\ud83d\udd52 <strong data-start=\"689\" data-end=\"715\">20 kapi, 3 puta dnevno<\/strong><br data-start=\"715\" data-end=\"718\" \/>kod te\u017eih tegoba<\/p>","protected":false},"featured_media":948,"comment_status":"open","ping_status":"closed","template":"","meta":[],"product_brand":[],"product_cat":[46],"product_tag":[],"class_list":{"0":"post-374","1":"product","2":"type-product","3":"status-publish","4":"has-post-thumbnail","6":"product_cat-herbal-drops","8":"first","9":"instock","10":"shipping-taxable","11":"purchasable","12":"product-type-simple"},"_links":{"self":[{"href":"https:\/\/bioapoteka.shop\/bs\/wp-json\/wp\/v2\/product\/374","targetHints":{"allow":["GET"]}}],"collection":[{"href":"https:\/\/bioapoteka.shop\/bs\/wp-json\/wp\/v2\/product"}],"about":[{"href":"https:\/\/bioapoteka.shop\/bs\/wp-json\/wp\/v2\/types\/product"}],"replies":[{"embeddable":true,"href":"https:\/\/bioapoteka.shop\/bs\/wp-json\/wp\/v2\/comments?post=374"}],"version-history":[{"count":2,"href":"https:\/\/bioapoteka.shop\/bs\/wp-json\/wp\/v2\/product\/374\/revisions"}],"predecessor-version":[{"id":950,"href":"https:\/\/bioapoteka.shop\/bs\/wp-json\/wp\/v2\/product\/374\/revisions\/950"}],"wp:featuredmedia":[{"embeddable":true,"href":"https:\/\/bioapoteka.shop\/bs\/wp-json\/wp\/v2\/media\/948"}],"wp:attachment":[{"href":"https:\/\/bioapoteka.shop\/bs\/wp-json\/wp\/v2\/media?parent=374"}],"wp:term":[{"taxonomy":"product_brand","embeddable":true,"href":"https:\/\/bioapoteka.shop\/bs\/wp-json\/wp\/v2\/product_brand?post=374"},{"taxonomy":"product_cat","embeddable":true,"href":"https:\/\/bioapoteka.shop\/bs\/wp-json\/wp\/v2\/product_cat?post=374"},{"taxonomy":"product_tag","embeddable":true,"href":"https:\/\/bioapoteka.shop\/bs\/wp-json\/wp\/v2\/product_tag?post=374"}],"curies":[{"name":"wp","href":"https:\/\/api.w.org\/{rel}","templated":true}]}}