{"id":378,"date":"2023-06-12T12:31:08","date_gmt":"2023-06-12T12:31:08","guid":{"rendered":"https:\/\/dummy.xtemos.com\/woodmart2\/plants-elementor\/?post_type=product&#038;p=378"},"modified":"2026-01-10T22:31:47","modified_gmt":"2026-01-10T22:31:47","slug":"uskolisna-vrbovica-caj","status":"publish","type":"product","link":"https:\/\/bioapoteka.shop\/bs\/proizvod\/uskolisna-vrbovica-caj\/","title":{"rendered":"USKOLISNA VRBOVICA \u010cAJ"},"content":{"rendered":"<p data-start=\"194\" data-end=\"397\">\ud83c\udf3f Kori\u0161tenje \u010daja mo\u017ee pomo\u0107i kod upale prostate, benigne hiperplazije prostate, prekomjerno aktivnog (iritabilnog) mokra\u0107nog mjehura te irigacije urinarnog sistema kod infekcija i prevencije infekcija.<\/p>\n<hr data-start=\"399\" data-end=\"402\" \/>\n<p data-start=\"404\" data-end=\"623\">\u2615 \u010caj se priprema tako \u0161to se jedna \u010dajna ka\u0161ika, 1\u20132 g, prelije s 200 ml vode, zagrijane na temperaturu od oko 95\u2013100\u00b0C. Poklopi se i ostavi da stoji 10\u201315 minuta. Procijedi se i pije nezasla\u0111eno ili zasla\u0111eno s medom.<\/p>","protected":false},"excerpt":{"rendered":"<p>ROSEBAY WILLOWHERB TEA<\/p>\n<p data-start=\"630\" data-end=\"668\">\ud83d\udd52 <strong data-start=\"633\" data-end=\"649\">1 put dnevno<\/strong><br data-start=\"649\" data-end=\"652\" \/>kod prevencije<\/p>\n<p data-start=\"670\" data-end=\"713\">\ud83d\udd52 <strong data-start=\"673\" data-end=\"690\">2 puta dnevno<\/strong><br data-start=\"690\" data-end=\"693\" \/>kod akutnih tegoba<\/p>\n<p data-start=\"715\" data-end=\"760\">\ud83d\udd52 <strong data-start=\"718\" data-end=\"735\">3 puta dnevno<\/strong><br data-start=\"735\" data-end=\"738\" \/>kod kroni\u010dnih tegoba<\/p>","protected":false},"featured_media":946,"comment_status":"open","ping_status":"closed","template":"","meta":[],"product_brand":[],"product_cat":[45],"product_tag":[],"class_list":{"0":"post-378","1":"product","2":"type-product","3":"status-publish","4":"has-post-thumbnail","6":"product_cat-teas","8":"first","9":"instock","10":"shipping-taxable","11":"purchasable","12":"product-type-simple"},"_links":{"self":[{"href":"https:\/\/bioapoteka.shop\/bs\/wp-json\/wp\/v2\/product\/378","targetHints":{"allow":["GET"]}}],"collection":[{"href":"https:\/\/bioapoteka.shop\/bs\/wp-json\/wp\/v2\/product"}],"about":[{"href":"https:\/\/bioapoteka.shop\/bs\/wp-json\/wp\/v2\/types\/product"}],"replies":[{"embeddable":true,"href":"https:\/\/bioapoteka.shop\/bs\/wp-json\/wp\/v2\/comments?post=378"}],"version-history":[{"count":2,"href":"https:\/\/bioapoteka.shop\/bs\/wp-json\/wp\/v2\/product\/378\/revisions"}],"predecessor-version":[{"id":947,"href":"https:\/\/bioapoteka.shop\/bs\/wp-json\/wp\/v2\/product\/378\/revisions\/947"}],"wp:featuredmedia":[{"embeddable":true,"href":"https:\/\/bioapoteka.shop\/bs\/wp-json\/wp\/v2\/media\/946"}],"wp:attachment":[{"href":"https:\/\/bioapoteka.shop\/bs\/wp-json\/wp\/v2\/media?parent=378"}],"wp:term":[{"taxonomy":"product_brand","embeddable":true,"href":"https:\/\/bioapoteka.shop\/bs\/wp-json\/wp\/v2\/product_brand?post=378"},{"taxonomy":"product_cat","embeddable":true,"href":"https:\/\/bioapoteka.shop\/bs\/wp-json\/wp\/v2\/product_cat?post=378"},{"taxonomy":"product_tag","embeddable":true,"href":"https:\/\/bioapoteka.shop\/bs\/wp-json\/wp\/v2\/product_tag?post=378"}],"curies":[{"name":"wp","href":"https:\/\/api.w.org\/{rel}","templated":true}]}}