{"id":381,"date":"2023-06-12T12:31:56","date_gmt":"2023-06-12T12:31:56","guid":{"rendered":"https:\/\/dummy.xtemos.com\/woodmart2\/plants-elementor\/?post_type=product&#038;p=381"},"modified":"2026-01-10T22:10:00","modified_gmt":"2026-01-10T22:10:00","slug":"neven-caj","status":"publish","type":"product","link":"https:\/\/bioapoteka.shop\/bs\/proizvod\/neven-caj\/","title":{"rendered":"NEVEN \u010cAJ"},"content":{"rendered":"<p data-start=\"197\" data-end=\"517\">\ud83c\udf3f Kori\u0161tenje \u010daja mo\u017ee olak\u0161ati tegobe kod \u010dira na \u017eelucu i dvanaestopala\u010dnom crijevu, poreme\u0107aja menstrualnog ciklusa i bolnih menstruacija, hemoroida, pro\u0161irenih vena, ekcema i upalnih procesa na ko\u017ei podsticanjem zaustavljanja krvarenja i zarastanja rana. Istovremeno, mo\u017ee ubla\u017eiti tegobe kod upale grla i sluznice.<\/p>\n<hr data-start=\"519\" data-end=\"522\" \/>\n<p data-start=\"524\" data-end=\"743\">\u2615 \u010caj se priprema tako \u0161to se jedna \u010dajna ka\u0161ika, 1\u20132 g, prelije s 200 ml vode, zagrijane na temperaturu od oko 95\u2013100\u00b0C. Poklopi se i ostavi da stoji 10\u201315 minuta. Procijedi se i pije nezasla\u0111eno ili zasla\u0111eno s medom.<\/p>","protected":false},"excerpt":{"rendered":"<p>POT MARIGOLD TEA<\/p>\n<p>1 put dnevno<br \/>\nkod prevencije<br \/>\n2 puta dnevno<br \/>\nkod akutnih tegoba<br \/>\n3 puta dnevno<br \/>\nkod kroni\u010dnih tegoba<\/p>","protected":false},"featured_media":942,"comment_status":"open","ping_status":"closed","template":"","meta":[],"product_brand":[],"product_cat":[45],"product_tag":[],"class_list":{"0":"post-381","1":"product","2":"type-product","3":"status-publish","4":"has-post-thumbnail","6":"product_cat-teas","8":"first","9":"instock","10":"shipping-taxable","11":"purchasable","12":"product-type-simple"},"_links":{"self":[{"href":"https:\/\/bioapoteka.shop\/bs\/wp-json\/wp\/v2\/product\/381","targetHints":{"allow":["GET"]}}],"collection":[{"href":"https:\/\/bioapoteka.shop\/bs\/wp-json\/wp\/v2\/product"}],"about":[{"href":"https:\/\/bioapoteka.shop\/bs\/wp-json\/wp\/v2\/types\/product"}],"replies":[{"embeddable":true,"href":"https:\/\/bioapoteka.shop\/bs\/wp-json\/wp\/v2\/comments?post=381"}],"version-history":[{"count":2,"href":"https:\/\/bioapoteka.shop\/bs\/wp-json\/wp\/v2\/product\/381\/revisions"}],"predecessor-version":[{"id":944,"href":"https:\/\/bioapoteka.shop\/bs\/wp-json\/wp\/v2\/product\/381\/revisions\/944"}],"wp:featuredmedia":[{"embeddable":true,"href":"https:\/\/bioapoteka.shop\/bs\/wp-json\/wp\/v2\/media\/942"}],"wp:attachment":[{"href":"https:\/\/bioapoteka.shop\/bs\/wp-json\/wp\/v2\/media?parent=381"}],"wp:term":[{"taxonomy":"product_brand","embeddable":true,"href":"https:\/\/bioapoteka.shop\/bs\/wp-json\/wp\/v2\/product_brand?post=381"},{"taxonomy":"product_cat","embeddable":true,"href":"https:\/\/bioapoteka.shop\/bs\/wp-json\/wp\/v2\/product_cat?post=381"},{"taxonomy":"product_tag","embeddable":true,"href":"https:\/\/bioapoteka.shop\/bs\/wp-json\/wp\/v2\/product_tag?post=381"}],"curies":[{"name":"wp","href":"https:\/\/api.w.org\/{rel}","templated":true}]}}