{"id":384,"date":"2023-06-12T12:32:51","date_gmt":"2023-06-12T12:32:51","guid":{"rendered":"https:\/\/dummy.xtemos.com\/woodmart2\/plants-elementor\/?post_type=product&#038;p=384"},"modified":"2026-01-10T22:10:00","modified_gmt":"2026-01-10T22:10:00","slug":"lipa-caj","status":"publish","type":"product","link":"https:\/\/bioapoteka.shop\/bs\/proizvod\/lipa-caj\/","title":{"rendered":"LIPA \u010cAJ"},"content":{"rendered":"<p data-start=\"179\" data-end=\"360\">\ud83c\udf3f Kori\u0161tenje \u010daja mo\u017ee olak\u0161ati simptome prehlade pra\u0107ene temperaturom, ka\u0161ljem i katarom gornjih di\u0161nih puteva. Istovremeno, mo\u017ee ubla\u017eiti nemir i blage simptome psihi\u010dkog stresa.<\/p>\n<hr data-start=\"362\" data-end=\"365\" \/>\n<p data-start=\"367\" data-end=\"586\">\u2615 \u010caj se priprema tako \u0161to se jedna \u010dajna ka\u0161ika, 1\u20132 g, prelije s 200 ml vode, zagrijane na temperaturu od oko 95\u2013100\u00b0C. Poklopi se i ostavi da stoji 10\u201315 minuta. Procijedi se i pije nezasla\u0111eno ili zasla\u0111eno s medom.<\/p>","protected":false},"excerpt":{"rendered":"<p>LINDEN TEA<\/p>\n<p data-start=\"593\" data-end=\"631\">\ud83d\udd52 <strong data-start=\"596\" data-end=\"612\">1 put dnevno<\/strong><br data-start=\"612\" data-end=\"615\" \/>kod prevencije<\/p>\n<p data-start=\"633\" data-end=\"676\">\ud83d\udd52 <strong data-start=\"636\" data-end=\"653\">2 puta dnevno<\/strong><br data-start=\"653\" data-end=\"656\" \/>kod akutnih tegoba<\/p>\n<p data-start=\"678\" data-end=\"723\">\ud83d\udd52 <strong data-start=\"681\" data-end=\"698\">3 puta dnevno<\/strong><br data-start=\"698\" data-end=\"701\" \/>kod kroni\u010dnih tegoba<\/p>","protected":false},"featured_media":940,"comment_status":"open","ping_status":"closed","template":"","meta":[],"product_brand":[],"product_cat":[45],"product_tag":[],"class_list":{"0":"post-384","1":"product","2":"type-product","3":"status-publish","4":"has-post-thumbnail","6":"product_cat-teas","8":"first","9":"instock","10":"shipping-taxable","11":"purchasable","12":"product-type-simple"},"_links":{"self":[{"href":"https:\/\/bioapoteka.shop\/bs\/wp-json\/wp\/v2\/product\/384","targetHints":{"allow":["GET"]}}],"collection":[{"href":"https:\/\/bioapoteka.shop\/bs\/wp-json\/wp\/v2\/product"}],"about":[{"href":"https:\/\/bioapoteka.shop\/bs\/wp-json\/wp\/v2\/types\/product"}],"replies":[{"embeddable":true,"href":"https:\/\/bioapoteka.shop\/bs\/wp-json\/wp\/v2\/comments?post=384"}],"version-history":[{"count":2,"href":"https:\/\/bioapoteka.shop\/bs\/wp-json\/wp\/v2\/product\/384\/revisions"}],"predecessor-version":[{"id":941,"href":"https:\/\/bioapoteka.shop\/bs\/wp-json\/wp\/v2\/product\/384\/revisions\/941"}],"wp:featuredmedia":[{"embeddable":true,"href":"https:\/\/bioapoteka.shop\/bs\/wp-json\/wp\/v2\/media\/940"}],"wp:attachment":[{"href":"https:\/\/bioapoteka.shop\/bs\/wp-json\/wp\/v2\/media?parent=384"}],"wp:term":[{"taxonomy":"product_brand","embeddable":true,"href":"https:\/\/bioapoteka.shop\/bs\/wp-json\/wp\/v2\/product_brand?post=384"},{"taxonomy":"product_cat","embeddable":true,"href":"https:\/\/bioapoteka.shop\/bs\/wp-json\/wp\/v2\/product_cat?post=384"},{"taxonomy":"product_tag","embeddable":true,"href":"https:\/\/bioapoteka.shop\/bs\/wp-json\/wp\/v2\/product_tag?post=384"}],"curies":[{"name":"wp","href":"https:\/\/api.w.org\/{rel}","templated":true}]}}