{"id":387,"date":"2023-06-12T12:33:42","date_gmt":"2023-06-12T12:33:42","guid":{"rendered":"https:\/\/dummy.xtemos.com\/woodmart2\/plants-elementor\/?post_type=product&#038;p=387"},"modified":"2026-01-10T22:10:00","modified_gmt":"2026-01-10T22:10:00","slug":"velika-kopriva-caj","status":"publish","type":"product","link":"https:\/\/bioapoteka.shop\/bs\/proizvod\/velika-kopriva-caj\/","title":{"rendered":"VELIKA KOPRIVA \u010cAJ"},"content":{"rendered":"<p data-start=\"196\" data-end=\"607\">\ud83c\udf3f Primjena \u010daja mo\u017ee olak\u0161ati simptome artritisa \u2013 upale zglobova, artroze \u2013 o\u0161te\u0107enja hrskavice zgloba i\/ili reumatskih stanja te ubla\u017eiti simptome povezane s upalnim tegobama donjeg urinarnog trakta, poja\u010danim menstrualnim krvarenjima i hemoroidalnim krvarenjima. Vanjska primjena mo\u017ee ubla\u017eiti simptome seboroi\u010dne ko\u017ee poput: crvenila ko\u017ee, lju\u0161tenja ko\u017ee, bjelkastih ili \u017eu\u0107kastih krasti te blagog svrbe\u017ea.<\/p>\n<hr data-start=\"609\" data-end=\"612\" \/>\n<p data-start=\"614\" data-end=\"833\">\u2615 \u010caj se priprema tako \u0161to se jedna \u010dajna ka\u0161ika, 1\u20132 g, prelije s 200 ml vode, zagrijane na temperaturu od oko 95\u2013100\u00b0C. Poklopi se i ostavi da stoji 10\u201315 minuta. Procijedi se i pije nezasla\u0111eno ili zasla\u0111eno s medom.<\/p>","protected":false},"excerpt":{"rendered":"<p>STINGING NETTLE TEA<\/p>\n<p data-start=\"840\" data-end=\"878\">\ud83d\udd52 <strong data-start=\"843\" data-end=\"859\">1 put dnevno<\/strong><br data-start=\"859\" data-end=\"862\" \/>kod prevencije<\/p>\n<p data-start=\"880\" data-end=\"923\">\ud83d\udd52 <strong data-start=\"883\" data-end=\"900\">2 puta dnevno<\/strong><br data-start=\"900\" data-end=\"903\" \/>kod akutnih tegoba<\/p>\n<p data-start=\"925\" data-end=\"970\">\ud83d\udd52 <strong data-start=\"928\" data-end=\"945\">3 puta dnevno<\/strong><br data-start=\"945\" data-end=\"948\" \/>kod kroni\u010dnih tegoba<\/p>","protected":false},"featured_media":936,"comment_status":"open","ping_status":"closed","template":"","meta":[],"product_brand":[],"product_cat":[45],"product_tag":[],"class_list":{"0":"post-387","1":"product","2":"type-product","3":"status-publish","4":"has-post-thumbnail","6":"product_cat-teas","8":"first","9":"instock","10":"shipping-taxable","11":"purchasable","12":"product-type-simple"},"_links":{"self":[{"href":"https:\/\/bioapoteka.shop\/bs\/wp-json\/wp\/v2\/product\/387","targetHints":{"allow":["GET"]}}],"collection":[{"href":"https:\/\/bioapoteka.shop\/bs\/wp-json\/wp\/v2\/product"}],"about":[{"href":"https:\/\/bioapoteka.shop\/bs\/wp-json\/wp\/v2\/types\/product"}],"replies":[{"embeddable":true,"href":"https:\/\/bioapoteka.shop\/bs\/wp-json\/wp\/v2\/comments?post=387"}],"version-history":[{"count":2,"href":"https:\/\/bioapoteka.shop\/bs\/wp-json\/wp\/v2\/product\/387\/revisions"}],"predecessor-version":[{"id":938,"href":"https:\/\/bioapoteka.shop\/bs\/wp-json\/wp\/v2\/product\/387\/revisions\/938"}],"wp:featuredmedia":[{"embeddable":true,"href":"https:\/\/bioapoteka.shop\/bs\/wp-json\/wp\/v2\/media\/936"}],"wp:attachment":[{"href":"https:\/\/bioapoteka.shop\/bs\/wp-json\/wp\/v2\/media?parent=387"}],"wp:term":[{"taxonomy":"product_brand","embeddable":true,"href":"https:\/\/bioapoteka.shop\/bs\/wp-json\/wp\/v2\/product_brand?post=387"},{"taxonomy":"product_cat","embeddable":true,"href":"https:\/\/bioapoteka.shop\/bs\/wp-json\/wp\/v2\/product_cat?post=387"},{"taxonomy":"product_tag","embeddable":true,"href":"https:\/\/bioapoteka.shop\/bs\/wp-json\/wp\/v2\/product_tag?post=387"}],"curies":[{"name":"wp","href":"https:\/\/api.w.org\/{rel}","templated":true}]}}