{"id":391,"date":"2023-06-12T12:35:53","date_gmt":"2023-06-12T12:35:53","guid":{"rendered":"https:\/\/dummy.xtemos.com\/woodmart2\/plants-elementor\/?post_type=product&#038;p=391"},"modified":"2026-01-10T22:10:00","modified_gmt":"2026-01-10T22:10:00","slug":"kantarion-caj","status":"publish","type":"product","link":"https:\/\/bioapoteka.shop\/bs\/proizvod\/kantarion-caj\/","title":{"rendered":"KANTARION \u010cAJ"},"content":{"rendered":"<p data-start=\"223\" data-end=\"243\">\ud83c\udf3f <strong data-start=\"226\" data-end=\"243\">Primjena \u010daja<\/strong><\/p>\n<p data-start=\"245\" data-end=\"714\">Primjena \u010daja mo\u017ee pomo\u0107i kod blagih depresivnih poreme\u0107aja i blagih do umjerenih depresivnih epizoda, ubla\u017eavanja privremene mentalne iscrpljenosti, psihi\u010dkog nemira povezanog s te\u0161ko\u0107ama usnivanja i somatske anksioznosti. Istovremeno, primjena na ko\u017ei mo\u017ee pospje\u0161iti oporavak manjih upala ko\u017ee (kao \u0161to su opekline od sunca) i zacijeljenje manjih rana. Novija istra\u017eivanja pokazuju da isti mo\u017ee imati povoljno dejstvo u tretiranju viralnih i retroviralnih infekcija.<\/p>\n<hr data-start=\"716\" data-end=\"719\" \/>\n<p data-start=\"721\" data-end=\"741\">\u2615 <strong data-start=\"723\" data-end=\"741\">Na\u010din pripreme<\/strong><\/p>\n<p data-start=\"743\" data-end=\"960\">\u010caj se priprema tako \u0161to se jedna \u010dajna ka\u0161ika, 1\u20132 g, prelije s 200 ml vode, zagrijane na temperaturu od oko 95\u2013100\u00b0C. Poklopi se i ostavi da stoji 10\u201315 minuta. Procijedi se i pije nezasla\u0111eno ili zasla\u0111eno s medom.<\/p>","protected":false},"excerpt":{"rendered":"<p data-start=\"967\" data-end=\"983\">\ud83d\udd52 <strong data-start=\"970\" data-end=\"983\">Doziranje<\/strong><\/p>\n<p data-start=\"985\" data-end=\"1022\">\u2705 <strong data-start=\"987\" data-end=\"1003\">1 put dnevno<\/strong><br data-start=\"1003\" data-end=\"1006\" \/>kod prevencije<\/p>\n<p data-start=\"1024\" data-end=\"1067\">\u26a0\ufe0f <strong data-start=\"1027\" data-end=\"1044\">2 puta dnevno<\/strong><br data-start=\"1044\" data-end=\"1047\" \/>kod akutnih tegoba<\/p>\n<p data-start=\"1069\" data-end=\"1114\">\ud83d\udd01 <strong data-start=\"1072\" data-end=\"1089\">3 puta dnevno<\/strong><br data-start=\"1089\" data-end=\"1092\" \/>kod kroni\u010dnih tegoba<\/p>","protected":false},"featured_media":933,"comment_status":"open","ping_status":"closed","template":"","meta":[],"product_brand":[],"product_cat":[45],"product_tag":[],"class_list":{"0":"post-391","1":"product","2":"type-product","3":"status-publish","4":"has-post-thumbnail","6":"product_cat-teas","8":"first","9":"instock","10":"sale","11":"shipping-taxable","12":"purchasable","13":"product-type-simple"},"_links":{"self":[{"href":"https:\/\/bioapoteka.shop\/bs\/wp-json\/wp\/v2\/product\/391","targetHints":{"allow":["GET"]}}],"collection":[{"href":"https:\/\/bioapoteka.shop\/bs\/wp-json\/wp\/v2\/product"}],"about":[{"href":"https:\/\/bioapoteka.shop\/bs\/wp-json\/wp\/v2\/types\/product"}],"replies":[{"embeddable":true,"href":"https:\/\/bioapoteka.shop\/bs\/wp-json\/wp\/v2\/comments?post=391"}],"version-history":[{"count":2,"href":"https:\/\/bioapoteka.shop\/bs\/wp-json\/wp\/v2\/product\/391\/revisions"}],"predecessor-version":[{"id":935,"href":"https:\/\/bioapoteka.shop\/bs\/wp-json\/wp\/v2\/product\/391\/revisions\/935"}],"wp:featuredmedia":[{"embeddable":true,"href":"https:\/\/bioapoteka.shop\/bs\/wp-json\/wp\/v2\/media\/933"}],"wp:attachment":[{"href":"https:\/\/bioapoteka.shop\/bs\/wp-json\/wp\/v2\/media?parent=391"}],"wp:term":[{"taxonomy":"product_brand","embeddable":true,"href":"https:\/\/bioapoteka.shop\/bs\/wp-json\/wp\/v2\/product_brand?post=391"},{"taxonomy":"product_cat","embeddable":true,"href":"https:\/\/bioapoteka.shop\/bs\/wp-json\/wp\/v2\/product_cat?post=391"},{"taxonomy":"product_tag","embeddable":true,"href":"https:\/\/bioapoteka.shop\/bs\/wp-json\/wp\/v2\/product_tag?post=391"}],"curies":[{"name":"wp","href":"https:\/\/api.w.org\/{rel}","templated":true}]}}